{"id":4018,"date":"2025-09-29T09:02:03","date_gmt":"2025-09-29T09:02:03","guid":{"rendered":"https:\/\/kraftiapet.com\/?post_type=product&#038;p=4018"},"modified":"2026-04-16T07:22:38","modified_gmt":"2026-04-16T07:22:38","slug":"north-seas-finest","status":"publish","type":"product","link":"https:\/\/kraftiapet.com\/cs\/produkt\/north-seas-finest\/","title":{"rendered":"North Sea\u2019s Finest"},"content":{"rendered":"","protected":false},"excerpt":{"rendered":"<p>North Sea&#8217;s Finest \u2013 Rawival je pr\u00e9miov\u00e9 krmivo pro \u0161t\u011b\u0148ata trpasli\u010d\u00edch a mal\u00fdch plemen s lososem a sled\u011bm. \u010cerstv\u011b mra\u017een\u00fd losos a \u010derstv\u011b mra\u017een\u00fd sle\u010f tvo\u0159\u00ed dokonalou kombinaci a dod\u00e1vaj\u00ed nezbytn\u00e9 chutn\u00e9 b\u00edlkoviny pro podporu zdrav\u00e9ho r\u016fstu a v\u00fdvoje. Sm\u011bs zdrav\u00fdch obilovin v\u010detn\u011b prastar\u00fdch zdroj\u016f poskytuje energii pro r\u016fst a receptura je vhodn\u00e1 i pro b\u0159ez\u00ed nebo koj\u00edc\u00ed feny.   <\/p>\n","protected":false},"featured_media":4079,"comment_status":"open","ping_status":"closed","template":"","meta":{"_acf_changed":false},"pwb-brand":[],"product_brand":[227],"product_cat":[209,195],"product_tag":[],"class_list":{"0":"post-4018","1":"product","2":"type-product","3":"status-publish","4":"has-post-thumbnail","6":"product_brand-rawival","7":"product_cat-puppy","8":"product_cat-dog-food","10":"first","11":"instock","12":"taxable","13":"shipping-taxable","14":"product-type-variable"},"acf":[],"brands":[],"_links":{"self":[{"href":"https:\/\/kraftiapet.com\/cs\/wp-json\/wp\/v2\/product\/4018","targetHints":{"allow":["GET"]}}],"collection":[{"href":"https:\/\/kraftiapet.com\/cs\/wp-json\/wp\/v2\/product"}],"about":[{"href":"https:\/\/kraftiapet.com\/cs\/wp-json\/wp\/v2\/types\/product"}],"replies":[{"embeddable":true,"href":"https:\/\/kraftiapet.com\/cs\/wp-json\/wp\/v2\/comments?post=4018"}],"wp:featuredmedia":[{"embeddable":true,"href":"https:\/\/kraftiapet.com\/cs\/wp-json\/wp\/v2\/media\/4079"}],"wp:attachment":[{"href":"https:\/\/kraftiapet.com\/cs\/wp-json\/wp\/v2\/media?parent=4018"}],"wp:term":[{"taxonomy":"pwb-brand","embeddable":true,"href":"https:\/\/kraftiapet.com\/cs\/wp-json\/wp\/v2\/pwb-brand?post=4018"},{"taxonomy":"product_brand","embeddable":true,"href":"https:\/\/kraftiapet.com\/cs\/wp-json\/wp\/v2\/product_brand?post=4018"},{"taxonomy":"product_cat","embeddable":true,"href":"https:\/\/kraftiapet.com\/cs\/wp-json\/wp\/v2\/product_cat?post=4018"},{"taxonomy":"product_tag","embeddable":true,"href":"https:\/\/kraftiapet.com\/cs\/wp-json\/wp\/v2\/product_tag?post=4018"}],"curies":[{"name":"wp","href":"https:\/\/api.w.org\/{rel}","templated":true}]}}