{"id":4034,"date":"2025-09-28T21:40:24","date_gmt":"2025-09-28T21:40:24","guid":{"rendered":"https:\/\/kraftiapet.com\/?post_type=product&#038;p=4034"},"modified":"2026-03-05T13:25:29","modified_gmt":"2026-03-05T13:25:29","slug":"gifts-of-fields-branches-3","status":"publish","type":"product","link":"https:\/\/kraftiapet.com\/cs\/produkt\/gifts-of-fields-branches-3\/","title":{"rendered":"Gifts of Fields &amp; Branches"},"content":{"rendered":"","protected":false},"excerpt":{"rendered":"<p>Gifts of Fields &amp; Branches \u2013 Rawival je \u0161pi\u010dkov\u00e9 krmivo pro dosp\u011bl\u00e9 psy trpasli\u010d\u00edch a mal\u00fdch plemen s jehn\u011b\u010d\u00edm a k\u0159epelkou. \u010cerstv\u00e9 vykost\u011bn\u00e9 jehn\u011b\u010d\u00ed z pastvin a \u010derstv\u00e1 vykost\u011bn\u00e1 k\u0159epelka tvo\u0159\u00ed v\u00fdjime\u010dn\u011b chutnou sm\u011bs, kter\u00e1 poskytuje v\u0161echny v\u00fd\u017eivn\u00e9 proteiny pot\u0159ebn\u00e9 pro aktivn\u00edho psa. Sm\u011bs zdrav\u00fdch obilovin, v\u010detn\u011b prastar\u00fdch druh\u016f, dod\u00e1v\u00e1 energii pro b\u011bh a hru, zat\u00edmco speci\u00e1ln\u00ed slo\u017eka v podob\u011b hn\u011bd\u00e9 mo\u0159sk\u00e9 \u0159asy pom\u00e1h\u00e1 udr\u017eovat zdrav\u00e9 zuby a d\u00e1sn\u011b.   <\/p>\n","protected":false},"featured_media":4101,"comment_status":"open","ping_status":"closed","template":"","meta":{"_acf_changed":false},"pwb-brand":[],"product_brand":[227],"product_cat":[196,195],"product_tag":[],"class_list":{"0":"post-4034","1":"product","2":"type-product","3":"status-publish","4":"has-post-thumbnail","6":"product_brand-rawival","7":"product_cat-adult-dog","8":"product_cat-dog-food","10":"first","11":"instock","12":"taxable","13":"shipping-taxable","14":"product-type-variable"},"acf":[],"brands":[],"_links":{"self":[{"href":"https:\/\/kraftiapet.com\/cs\/wp-json\/wp\/v2\/product\/4034","targetHints":{"allow":["GET"]}}],"collection":[{"href":"https:\/\/kraftiapet.com\/cs\/wp-json\/wp\/v2\/product"}],"about":[{"href":"https:\/\/kraftiapet.com\/cs\/wp-json\/wp\/v2\/types\/product"}],"replies":[{"embeddable":true,"href":"https:\/\/kraftiapet.com\/cs\/wp-json\/wp\/v2\/comments?post=4034"}],"wp:featuredmedia":[{"embeddable":true,"href":"https:\/\/kraftiapet.com\/cs\/wp-json\/wp\/v2\/media\/4101"}],"wp:attachment":[{"href":"https:\/\/kraftiapet.com\/cs\/wp-json\/wp\/v2\/media?parent=4034"}],"wp:term":[{"taxonomy":"pwb-brand","embeddable":true,"href":"https:\/\/kraftiapet.com\/cs\/wp-json\/wp\/v2\/pwb-brand?post=4034"},{"taxonomy":"product_brand","embeddable":true,"href":"https:\/\/kraftiapet.com\/cs\/wp-json\/wp\/v2\/product_brand?post=4034"},{"taxonomy":"product_cat","embeddable":true,"href":"https:\/\/kraftiapet.com\/cs\/wp-json\/wp\/v2\/product_cat?post=4034"},{"taxonomy":"product_tag","embeddable":true,"href":"https:\/\/kraftiapet.com\/cs\/wp-json\/wp\/v2\/product_tag?post=4034"}],"curies":[{"name":"wp","href":"https:\/\/api.w.org\/{rel}","templated":true}]}}