{"id":4038,"date":"2025-09-26T11:44:56","date_gmt":"2025-09-26T11:44:56","guid":{"rendered":"https:\/\/kraftiapet.com\/?post_type=product&#038;p=4038"},"modified":"2026-04-16T07:23:04","modified_gmt":"2026-04-16T07:23:04","slug":"wild-gifts-with-wings","status":"publish","type":"product","link":"https:\/\/kraftiapet.com\/cs\/produkt\/wild-gifts-with-wings\/","title":{"rendered":"Wild Gifts with Wings"},"content":{"rendered":"","protected":false},"excerpt":{"rendered":"<p>Wild Gifts with Wings \u2013 Rawival je pr\u00e9miov\u00e9 krmivo pro dosp\u011bl\u00e9 psy trpasli\u010d\u00edch a mal\u00fdch plemen s kachnou a ba\u017eantem. Syrov\u00e1 kachna bez kost\u00ed a syrov\u00fd ba\u017eant bez kost\u00ed tvo\u0159\u00ed mimo\u0159\u00e1dn\u011b chutnou sm\u011bs a dod\u00e1vaj\u00ed v\u0161echny v\u00fd\u017eivn\u00e9 b\u00edlkoviny, kter\u00e9 aktivn\u00ed pes pot\u0159ebuje. Sm\u011bs zdrav\u00fdch obilovin v\u010detn\u011b prastar\u00fdch zdroj\u016f poskytuje energii na b\u011bh\u00e1n\u00ed i hru a speci\u00e1ln\u00ed slo\u017eka z hn\u011bd\u00e9 mo\u0159sk\u00e9 \u0159asy pom\u00e1h\u00e1 udr\u017eovat zdrav\u00e9 zuby a d\u00e1sn\u011b.   <\/p>\n","protected":false},"featured_media":4102,"comment_status":"open","ping_status":"closed","template":"","meta":{"_acf_changed":false},"pwb-brand":[],"product_brand":[227],"product_cat":[196,195],"product_tag":[],"class_list":{"0":"post-4038","1":"product","2":"type-product","3":"status-publish","4":"has-post-thumbnail","6":"product_brand-rawival","7":"product_cat-adult-dog","8":"product_cat-dog-food","10":"first","11":"instock","12":"taxable","13":"shipping-taxable","14":"product-type-variable"},"acf":[],"brands":[],"_links":{"self":[{"href":"https:\/\/kraftiapet.com\/cs\/wp-json\/wp\/v2\/product\/4038","targetHints":{"allow":["GET"]}}],"collection":[{"href":"https:\/\/kraftiapet.com\/cs\/wp-json\/wp\/v2\/product"}],"about":[{"href":"https:\/\/kraftiapet.com\/cs\/wp-json\/wp\/v2\/types\/product"}],"replies":[{"embeddable":true,"href":"https:\/\/kraftiapet.com\/cs\/wp-json\/wp\/v2\/comments?post=4038"}],"wp:featuredmedia":[{"embeddable":true,"href":"https:\/\/kraftiapet.com\/cs\/wp-json\/wp\/v2\/media\/4102"}],"wp:attachment":[{"href":"https:\/\/kraftiapet.com\/cs\/wp-json\/wp\/v2\/media?parent=4038"}],"wp:term":[{"taxonomy":"pwb-brand","embeddable":true,"href":"https:\/\/kraftiapet.com\/cs\/wp-json\/wp\/v2\/pwb-brand?post=4038"},{"taxonomy":"product_brand","embeddable":true,"href":"https:\/\/kraftiapet.com\/cs\/wp-json\/wp\/v2\/product_brand?post=4038"},{"taxonomy":"product_cat","embeddable":true,"href":"https:\/\/kraftiapet.com\/cs\/wp-json\/wp\/v2\/product_cat?post=4038"},{"taxonomy":"product_tag","embeddable":true,"href":"https:\/\/kraftiapet.com\/cs\/wp-json\/wp\/v2\/product_tag?post=4038"}],"curies":[{"name":"wp","href":"https:\/\/api.w.org\/{rel}","templated":true}]}}