{"id":4042,"date":"2025-09-26T10:45:37","date_gmt":"2025-09-26T10:45:37","guid":{"rendered":"https:\/\/kraftiapet.com\/?post_type=product&#038;p=4042"},"modified":"2026-03-05T13:25:30","modified_gmt":"2026-03-05T13:25:30","slug":"north-seas-finest-5","status":"publish","type":"product","link":"https:\/\/kraftiapet.com\/cs\/produkt\/north-seas-finest-5\/","title":{"rendered":"North Sea&#8217;s Finest"},"content":{"rendered":"","protected":false},"excerpt":{"rendered":"<p>North Sea&#8217;s Finest \u2013 Rawival je \u0161pi\u010dkov\u00e9 krmivo pro dosp\u011bl\u00e9 ko\u010dky s lososem a sled\u011bm. \u010cerstv\u011b mra\u017een\u00fd losos a \u010derstv\u011b mra\u017een\u00fd sle\u010f tvo\u0159\u00ed chutnou a vyhled\u00e1vanou sm\u011bs vysoce kvalitn\u00edch b\u00edlkovin, kter\u00e9 pom\u00e1haj\u00ed udr\u017eovat zdrav\u00ed cel\u00e9ho t\u011bla ko\u010dek. Spolu s lososov\u00fdm olejem tyto b\u00edlkoviny podporuj\u00ed zdravou k\u016f\u017ei a lesklou srst a jejich vysok\u00e1 stravitelnost pom\u00e1h\u00e1 udr\u017eovat siln\u00e9 a pru\u017en\u00e9 svaly.    <\/p>\n","protected":false},"featured_media":4083,"comment_status":"open","ping_status":"closed","template":"","meta":{"_acf_changed":false},"pwb-brand":[],"product_brand":[227],"product_cat":[201,200],"product_tag":[],"class_list":{"0":"post-4042","1":"product","2":"type-product","3":"status-publish","4":"has-post-thumbnail","6":"product_brand-rawival","7":"product_cat-adult-cat","8":"product_cat-cat-food","10":"first","11":"instock","12":"taxable","13":"shipping-taxable","14":"product-type-variable"},"acf":[],"brands":[],"_links":{"self":[{"href":"https:\/\/kraftiapet.com\/cs\/wp-json\/wp\/v2\/product\/4042","targetHints":{"allow":["GET"]}}],"collection":[{"href":"https:\/\/kraftiapet.com\/cs\/wp-json\/wp\/v2\/product"}],"about":[{"href":"https:\/\/kraftiapet.com\/cs\/wp-json\/wp\/v2\/types\/product"}],"replies":[{"embeddable":true,"href":"https:\/\/kraftiapet.com\/cs\/wp-json\/wp\/v2\/comments?post=4042"}],"wp:featuredmedia":[{"embeddable":true,"href":"https:\/\/kraftiapet.com\/cs\/wp-json\/wp\/v2\/media\/4083"}],"wp:attachment":[{"href":"https:\/\/kraftiapet.com\/cs\/wp-json\/wp\/v2\/media?parent=4042"}],"wp:term":[{"taxonomy":"pwb-brand","embeddable":true,"href":"https:\/\/kraftiapet.com\/cs\/wp-json\/wp\/v2\/pwb-brand?post=4042"},{"taxonomy":"product_brand","embeddable":true,"href":"https:\/\/kraftiapet.com\/cs\/wp-json\/wp\/v2\/product_brand?post=4042"},{"taxonomy":"product_cat","embeddable":true,"href":"https:\/\/kraftiapet.com\/cs\/wp-json\/wp\/v2\/product_cat?post=4042"},{"taxonomy":"product_tag","embeddable":true,"href":"https:\/\/kraftiapet.com\/cs\/wp-json\/wp\/v2\/product_tag?post=4042"}],"curies":[{"name":"wp","href":"https:\/\/api.w.org\/{rel}","templated":true}]}}