{"id":4043,"date":"2025-09-25T10:41:13","date_gmt":"2025-09-25T10:41:13","guid":{"rendered":"https:\/\/kraftiapet.com\/?post_type=product&#038;p=4043"},"modified":"2026-03-05T13:25:32","modified_gmt":"2026-03-05T13:25:32","slug":"gifts-of-land-and-sea-2","status":"publish","type":"product","link":"https:\/\/kraftiapet.com\/cs\/produkt\/gifts-of-land-and-sea-2\/","title":{"rendered":"Gifts of Land and Sea"},"content":{"rendered":"","protected":false},"excerpt":{"rendered":"<p>Dary zem\u011b a mo\u0159e \u2013 Rawival je prvot\u0159\u00eddn\u00ed krmivo pro dosp\u011bl\u00e9 ko\u010dky s ku\u0159ec\u00edm masem, lososem a sled\u011bm. Syrov\u00e9 vykost\u011bn\u00e9 ku\u0159ec\u00ed maso a \u010derstv\u011b mra\u017een\u00fd sle\u010f a losos tvo\u0159\u00ed vynikaj\u00edc\u00ed chutnou kombinaci: spole\u010dn\u011b poskytuj\u00ed zdrav\u00fd zdroj b\u00edlkovin, nezbytn\u00fdch pro svaly ko\u010dek. Proteiny ze sled\u011b a lososa spolu s lososov\u00fdm olejem pom\u00e1haj\u00ed udr\u017eovat zdravou k\u016f\u017ei a lesklou srst.   <\/p>\n","protected":false},"featured_media":4078,"comment_status":"open","ping_status":"closed","template":"","meta":{"_acf_changed":false},"pwb-brand":[],"product_brand":[227],"product_cat":[201,200],"product_tag":[],"class_list":{"0":"post-4043","1":"product","2":"type-product","3":"status-publish","4":"has-post-thumbnail","6":"product_brand-rawival","7":"product_cat-adult-cat","8":"product_cat-cat-food","10":"first","11":"instock","12":"taxable","13":"shipping-taxable","14":"product-type-variable"},"acf":[],"brands":[],"_links":{"self":[{"href":"https:\/\/kraftiapet.com\/cs\/wp-json\/wp\/v2\/product\/4043","targetHints":{"allow":["GET"]}}],"collection":[{"href":"https:\/\/kraftiapet.com\/cs\/wp-json\/wp\/v2\/product"}],"about":[{"href":"https:\/\/kraftiapet.com\/cs\/wp-json\/wp\/v2\/types\/product"}],"replies":[{"embeddable":true,"href":"https:\/\/kraftiapet.com\/cs\/wp-json\/wp\/v2\/comments?post=4043"}],"wp:featuredmedia":[{"embeddable":true,"href":"https:\/\/kraftiapet.com\/cs\/wp-json\/wp\/v2\/media\/4078"}],"wp:attachment":[{"href":"https:\/\/kraftiapet.com\/cs\/wp-json\/wp\/v2\/media?parent=4043"}],"wp:term":[{"taxonomy":"pwb-brand","embeddable":true,"href":"https:\/\/kraftiapet.com\/cs\/wp-json\/wp\/v2\/pwb-brand?post=4043"},{"taxonomy":"product_brand","embeddable":true,"href":"https:\/\/kraftiapet.com\/cs\/wp-json\/wp\/v2\/product_brand?post=4043"},{"taxonomy":"product_cat","embeddable":true,"href":"https:\/\/kraftiapet.com\/cs\/wp-json\/wp\/v2\/product_cat?post=4043"},{"taxonomy":"product_tag","embeddable":true,"href":"https:\/\/kraftiapet.com\/cs\/wp-json\/wp\/v2\/product_tag?post=4043"}],"curies":[{"name":"wp","href":"https:\/\/api.w.org\/{rel}","templated":true}]}}