{"id":4050,"date":"2025-09-26T09:20:37","date_gmt":"2025-09-26T09:20:37","guid":{"rendered":"https:\/\/kraftiapet.com\/?post_type=product&#038;p=4050"},"modified":"2026-04-16T07:23:32","modified_gmt":"2026-04-16T07:23:32","slug":"gifts-of-land-and-sea","status":"publish","type":"product","link":"https:\/\/kraftiapet.com\/cs\/produkt\/gifts-of-land-and-sea\/","title":{"rendered":"Gifts of Land and Sea"},"content":{"rendered":"","protected":false},"excerpt":{"rendered":"<p>Dary zem\u011b a mo\u0159e \u2013 Rawival je pr\u00e9miov\u00e9 krmivo pro ko\u0165ata s ku\u0159etem, lososem a sled\u011bm. Syrov\u00e9 ku\u0159ec\u00ed maso bez kost\u00ed a \u010derstv\u011b mra\u017een\u00fd sle\u010f a losos tvo\u0159\u00ed velmi chutnou a zdravou kombinaci. Poskytuj\u00ed esenci\u00e1ln\u00ed b\u00edlkoviny a taurin \u2013 oboj\u00ed je pro ko\u0165ata z\u00e1sadn\u00ed a pot\u0159ebn\u00e9 pro zdrav\u00fd v\u00fdvoj o\u010d\u00ed a srdce. B\u00edlkoviny tak\u00e9 pom\u00e1haj\u00ed udr\u017eovat a podporovat siln\u00e9 a pru\u017en\u00e9 svaly.    <\/p>\n","protected":false},"featured_media":4078,"comment_status":"open","ping_status":"closed","template":"","meta":{"_acf_changed":false},"pwb-brand":[],"product_brand":[227],"product_cat":[214,200],"product_tag":[],"class_list":{"0":"post-4050","1":"product","2":"type-product","3":"status-publish","4":"has-post-thumbnail","6":"product_brand-rawival","7":"product_cat-kitten","8":"product_cat-cat-food","10":"first","11":"instock","12":"taxable","13":"shipping-taxable","14":"product-type-variable"},"acf":[],"brands":[],"_links":{"self":[{"href":"https:\/\/kraftiapet.com\/cs\/wp-json\/wp\/v2\/product\/4050","targetHints":{"allow":["GET"]}}],"collection":[{"href":"https:\/\/kraftiapet.com\/cs\/wp-json\/wp\/v2\/product"}],"about":[{"href":"https:\/\/kraftiapet.com\/cs\/wp-json\/wp\/v2\/types\/product"}],"replies":[{"embeddable":true,"href":"https:\/\/kraftiapet.com\/cs\/wp-json\/wp\/v2\/comments?post=4050"}],"wp:featuredmedia":[{"embeddable":true,"href":"https:\/\/kraftiapet.com\/cs\/wp-json\/wp\/v2\/media\/4078"}],"wp:attachment":[{"href":"https:\/\/kraftiapet.com\/cs\/wp-json\/wp\/v2\/media?parent=4050"}],"wp:term":[{"taxonomy":"pwb-brand","embeddable":true,"href":"https:\/\/kraftiapet.com\/cs\/wp-json\/wp\/v2\/pwb-brand?post=4050"},{"taxonomy":"product_brand","embeddable":true,"href":"https:\/\/kraftiapet.com\/cs\/wp-json\/wp\/v2\/product_brand?post=4050"},{"taxonomy":"product_cat","embeddable":true,"href":"https:\/\/kraftiapet.com\/cs\/wp-json\/wp\/v2\/product_cat?post=4050"},{"taxonomy":"product_tag","embeddable":true,"href":"https:\/\/kraftiapet.com\/cs\/wp-json\/wp\/v2\/product_tag?post=4050"}],"curies":[{"name":"wp","href":"https:\/\/api.w.org\/{rel}","templated":true}]}}