{"id":4051,"date":"2025-09-26T11:06:00","date_gmt":"2025-09-26T11:06:00","guid":{"rendered":"https:\/\/kraftiapet.com\/?post_type=product&#038;p=4051"},"modified":"2026-04-16T07:23:17","modified_gmt":"2026-04-16T07:23:17","slug":"finest-with-wings-2","status":"publish","type":"product","link":"https:\/\/kraftiapet.com\/cs\/produkt\/finest-with-wings-2\/","title":{"rendered":"Finest with Wings"},"content":{"rendered":"","protected":false},"excerpt":{"rendered":"<p>Finest with Wings \u2013 Rawival je pr\u00e9miov\u00e9 krmivo pro dosp\u011bl\u00e9 psy st\u0159edn\u00edch a velk\u00fdch plemen s ku\u0159etem a kr\u016ftou. Syrov\u00e9 ku\u0159ec\u00ed maso bez kost\u00ed a syrov\u00e9 kr\u016ft\u00ed maso bez kost\u00ed tvo\u0159\u00ed mimo\u0159\u00e1dn\u011b chutnou sm\u011bs a dod\u00e1vaj\u00ed v\u00fd\u017eivn\u00e9 b\u00edlkoviny, kter\u00e9 aktivn\u00ed pes pot\u0159ebuje. Sm\u011bs zdrav\u00fdch obilovin v\u010detn\u011b prastar\u00fdch zdroj\u016f poskytuje energii na dlouh\u00e9 proch\u00e1zky. Prebiotika, vl\u00e1knina, fytonutrienty a vitaminy pom\u00e1haj\u00ed udr\u017eovat zdrav\u00fd st\u0159evn\u00ed trakt.     <\/p>\n","protected":false},"featured_media":4105,"comment_status":"open","ping_status":"closed","template":"","meta":{"_acf_changed":false},"pwb-brand":[],"product_brand":[227],"product_cat":[196,195],"product_tag":[],"class_list":{"0":"post-4051","1":"product","2":"type-product","3":"status-publish","4":"has-post-thumbnail","6":"product_brand-rawival","7":"product_cat-adult-dog","8":"product_cat-dog-food","10":"first","11":"instock","12":"taxable","13":"shipping-taxable","14":"product-type-variable"},"acf":[],"brands":[],"_links":{"self":[{"href":"https:\/\/kraftiapet.com\/cs\/wp-json\/wp\/v2\/product\/4051","targetHints":{"allow":["GET"]}}],"collection":[{"href":"https:\/\/kraftiapet.com\/cs\/wp-json\/wp\/v2\/product"}],"about":[{"href":"https:\/\/kraftiapet.com\/cs\/wp-json\/wp\/v2\/types\/product"}],"replies":[{"embeddable":true,"href":"https:\/\/kraftiapet.com\/cs\/wp-json\/wp\/v2\/comments?post=4051"}],"wp:featuredmedia":[{"embeddable":true,"href":"https:\/\/kraftiapet.com\/cs\/wp-json\/wp\/v2\/media\/4105"}],"wp:attachment":[{"href":"https:\/\/kraftiapet.com\/cs\/wp-json\/wp\/v2\/media?parent=4051"}],"wp:term":[{"taxonomy":"pwb-brand","embeddable":true,"href":"https:\/\/kraftiapet.com\/cs\/wp-json\/wp\/v2\/pwb-brand?post=4051"},{"taxonomy":"product_brand","embeddable":true,"href":"https:\/\/kraftiapet.com\/cs\/wp-json\/wp\/v2\/product_brand?post=4051"},{"taxonomy":"product_cat","embeddable":true,"href":"https:\/\/kraftiapet.com\/cs\/wp-json\/wp\/v2\/product_cat?post=4051"},{"taxonomy":"product_tag","embeddable":true,"href":"https:\/\/kraftiapet.com\/cs\/wp-json\/wp\/v2\/product_tag?post=4051"}],"curies":[{"name":"wp","href":"https:\/\/api.w.org\/{rel}","templated":true}]}}