{"id":4059,"date":"2025-09-26T09:54:43","date_gmt":"2025-09-26T09:54:43","guid":{"rendered":"https:\/\/kraftiapet.com\/?post_type=product&#038;p=4059"},"modified":"2026-04-16T07:23:28","modified_gmt":"2026-04-16T07:23:28","slug":"finest-from-the-sky-2","status":"publish","type":"product","link":"https:\/\/kraftiapet.com\/cs\/produkt\/finest-from-the-sky-2\/","title":{"rendered":"Finest From the Sky"},"content":{"rendered":"","protected":false},"excerpt":{"rendered":"<p>Finest From the Sky \u2013 Rawival je pr\u00e9miov\u00e9 krmivo pro dosp\u011bl\u00e9 ko\u010dky s kachnou a kr\u016ftou. Syrov\u00e1 kachna bez kost\u00ed a syrov\u00e1 vykost\u011bn\u00e1 kr\u016fta tvo\u0159\u00ed velmi chutnou a zdravou kombinaci: spole\u010dn\u011b poskytuj\u00ed zdrav\u00fd zdroj b\u00edlkovin, pom\u00e1haj\u00ed udr\u017eovat a podporovat siln\u00e9 a agiln\u00ed svaly. Tyto b\u00edlkoviny, spolu s lososov\u00fdm olejem, pom\u00e1haj\u00ed udr\u017eovat zdravou k\u016f\u017ei a lesklou srst.   <\/p>\n","protected":false},"featured_media":4085,"comment_status":"open","ping_status":"closed","template":"","meta":{"_acf_changed":false},"pwb-brand":[],"product_brand":[227],"product_cat":[201,200],"product_tag":[],"class_list":{"0":"post-4059","1":"product","2":"type-product","3":"status-publish","4":"has-post-thumbnail","6":"product_brand-rawival","7":"product_cat-adult-cat","8":"product_cat-cat-food","10":"first","11":"instock","12":"taxable","13":"shipping-taxable","14":"product-type-variable"},"acf":[],"brands":[],"_links":{"self":[{"href":"https:\/\/kraftiapet.com\/cs\/wp-json\/wp\/v2\/product\/4059","targetHints":{"allow":["GET"]}}],"collection":[{"href":"https:\/\/kraftiapet.com\/cs\/wp-json\/wp\/v2\/product"}],"about":[{"href":"https:\/\/kraftiapet.com\/cs\/wp-json\/wp\/v2\/types\/product"}],"replies":[{"embeddable":true,"href":"https:\/\/kraftiapet.com\/cs\/wp-json\/wp\/v2\/comments?post=4059"}],"wp:featuredmedia":[{"embeddable":true,"href":"https:\/\/kraftiapet.com\/cs\/wp-json\/wp\/v2\/media\/4085"}],"wp:attachment":[{"href":"https:\/\/kraftiapet.com\/cs\/wp-json\/wp\/v2\/media?parent=4059"}],"wp:term":[{"taxonomy":"pwb-brand","embeddable":true,"href":"https:\/\/kraftiapet.com\/cs\/wp-json\/wp\/v2\/pwb-brand?post=4059"},{"taxonomy":"product_brand","embeddable":true,"href":"https:\/\/kraftiapet.com\/cs\/wp-json\/wp\/v2\/product_brand?post=4059"},{"taxonomy":"product_cat","embeddable":true,"href":"https:\/\/kraftiapet.com\/cs\/wp-json\/wp\/v2\/product_cat?post=4059"},{"taxonomy":"product_tag","embeddable":true,"href":"https:\/\/kraftiapet.com\/cs\/wp-json\/wp\/v2\/product_tag?post=4059"}],"curies":[{"name":"wp","href":"https:\/\/api.w.org\/{rel}","templated":true}]}}