{"id":4066,"date":"2025-09-26T11:30:39","date_gmt":"2025-09-26T11:30:39","guid":{"rendered":"https:\/\/kraftiapet.com\/?post_type=product&#038;p=4066"},"modified":"2026-04-16T07:23:09","modified_gmt":"2026-04-16T07:23:09","slug":"wild-gifts-with-wings-2","status":"publish","type":"product","link":"https:\/\/kraftiapet.com\/cs\/produkt\/wild-gifts-with-wings-2\/","title":{"rendered":"Wild Gifts with Wings"},"content":{"rendered":"","protected":false},"excerpt":{"rendered":"<p>Wild Gifts with Wings \u2013 Rawival je prvot\u0159\u00eddn\u00ed krmivo pro dosp\u011bl\u00e9 psy st\u0159edn\u00edch a velk\u00fdch plemen s kachnou a ba\u017eantem. \u010cerstv\u00e1 vykost\u011bn\u00e1 kachna a \u010derstv\u00fd vykost\u011bn\u00fd ba\u017eant tvo\u0159\u00ed v\u00fdjime\u010dn\u011b chutnou sm\u011bs a dod\u00e1vaj\u00ed v\u00fd\u017eivn\u00e9 proteiny, kter\u00e9 aktivn\u00ed pes pot\u0159ebuje. Sm\u011bs zdrav\u00fdch obilovin, v\u010detn\u011b prastar\u00fdch druh\u016f, zaji\u0161\u0165uje energii pro dlouh\u00e9 proch\u00e1zky. Prebiotika, vl\u00e1knina, fytonutrienty a vitam\u00edny pom\u00e1haj\u00ed udr\u017eovat zdrav\u00fd tr\u00e1vic\u00ed trakt.    <\/p>\n","protected":false},"featured_media":4103,"comment_status":"open","ping_status":"closed","template":"","meta":{"_acf_changed":false},"pwb-brand":[],"product_brand":[227],"product_cat":[196,195],"product_tag":[],"class_list":{"0":"post-4066","1":"product","2":"type-product","3":"status-publish","4":"has-post-thumbnail","6":"product_brand-rawival","7":"product_cat-adult-dog","8":"product_cat-dog-food","10":"first","11":"instock","12":"taxable","13":"shipping-taxable","14":"product-type-variable"},"acf":[],"brands":[],"_links":{"self":[{"href":"https:\/\/kraftiapet.com\/cs\/wp-json\/wp\/v2\/product\/4066","targetHints":{"allow":["GET"]}}],"collection":[{"href":"https:\/\/kraftiapet.com\/cs\/wp-json\/wp\/v2\/product"}],"about":[{"href":"https:\/\/kraftiapet.com\/cs\/wp-json\/wp\/v2\/types\/product"}],"replies":[{"embeddable":true,"href":"https:\/\/kraftiapet.com\/cs\/wp-json\/wp\/v2\/comments?post=4066"}],"wp:featuredmedia":[{"embeddable":true,"href":"https:\/\/kraftiapet.com\/cs\/wp-json\/wp\/v2\/media\/4103"}],"wp:attachment":[{"href":"https:\/\/kraftiapet.com\/cs\/wp-json\/wp\/v2\/media?parent=4066"}],"wp:term":[{"taxonomy":"pwb-brand","embeddable":true,"href":"https:\/\/kraftiapet.com\/cs\/wp-json\/wp\/v2\/pwb-brand?post=4066"},{"taxonomy":"product_brand","embeddable":true,"href":"https:\/\/kraftiapet.com\/cs\/wp-json\/wp\/v2\/product_brand?post=4066"},{"taxonomy":"product_cat","embeddable":true,"href":"https:\/\/kraftiapet.com\/cs\/wp-json\/wp\/v2\/product_cat?post=4066"},{"taxonomy":"product_tag","embeddable":true,"href":"https:\/\/kraftiapet.com\/cs\/wp-json\/wp\/v2\/product_tag?post=4066"}],"curies":[{"name":"wp","href":"https:\/\/api.w.org\/{rel}","templated":true}]}}