{"id":4067,"date":"2025-09-26T10:18:38","date_gmt":"2025-09-26T10:18:38","guid":{"rendered":"https:\/\/kraftiapet.com\/?post_type=product&#038;p=4067"},"modified":"2026-04-16T07:23:24","modified_gmt":"2026-04-16T07:23:24","slug":"finest-from-the-sky-for-sterilised-cats","status":"publish","type":"product","link":"https:\/\/kraftiapet.com\/cs\/produkt\/finest-from-the-sky-for-sterilised-cats\/","title":{"rendered":"Finest From the Sky &#8211; for Sterilised Cats"},"content":{"rendered":"","protected":false},"excerpt":{"rendered":"<p>Finest From the Sky \u2013 Rawival je \u0161pi\u010dkov\u00e9 krmivo pro dosp\u011bl\u00e9 kastrovan\u00e9 ko\u010dky s kachnou a kr\u016ftou. \u010cerstv\u00e1 kachna bez kost\u00ed a \u010derstv\u00e1 vykost\u011bn\u00e1 kr\u016fta tvo\u0159\u00ed velmi chutnou a zdravou kombinaci: ob\u011b poskytuj\u00ed esenci\u00e1ln\u00ed proteiny pot\u0159ebn\u00e9 pro zdrav\u00e9 svaly. Kontrolovan\u00fd n\u00edzk\u00fd obsah tuku spolu s L-karnitinem, kter\u00fd spaluje tuky, pom\u00e1h\u00e1 udr\u017eovat zdravou v\u00e1hu u kastrovan\u00fdch ko\u010dek.   <\/p>\n","protected":false},"featured_media":4084,"comment_status":"open","ping_status":"closed","template":"","meta":{"_acf_changed":false},"pwb-brand":[],"product_brand":[227],"product_cat":[201,200],"product_tag":[],"class_list":{"0":"post-4067","1":"product","2":"type-product","3":"status-publish","4":"has-post-thumbnail","6":"product_brand-rawival","7":"product_cat-adult-cat","8":"product_cat-cat-food","10":"first","11":"instock","12":"taxable","13":"shipping-taxable","14":"product-type-variable"},"acf":[],"brands":[],"_links":{"self":[{"href":"https:\/\/kraftiapet.com\/cs\/wp-json\/wp\/v2\/product\/4067","targetHints":{"allow":["GET"]}}],"collection":[{"href":"https:\/\/kraftiapet.com\/cs\/wp-json\/wp\/v2\/product"}],"about":[{"href":"https:\/\/kraftiapet.com\/cs\/wp-json\/wp\/v2\/types\/product"}],"replies":[{"embeddable":true,"href":"https:\/\/kraftiapet.com\/cs\/wp-json\/wp\/v2\/comments?post=4067"}],"wp:featuredmedia":[{"embeddable":true,"href":"https:\/\/kraftiapet.com\/cs\/wp-json\/wp\/v2\/media\/4084"}],"wp:attachment":[{"href":"https:\/\/kraftiapet.com\/cs\/wp-json\/wp\/v2\/media?parent=4067"}],"wp:term":[{"taxonomy":"pwb-brand","embeddable":true,"href":"https:\/\/kraftiapet.com\/cs\/wp-json\/wp\/v2\/pwb-brand?post=4067"},{"taxonomy":"product_brand","embeddable":true,"href":"https:\/\/kraftiapet.com\/cs\/wp-json\/wp\/v2\/product_brand?post=4067"},{"taxonomy":"product_cat","embeddable":true,"href":"https:\/\/kraftiapet.com\/cs\/wp-json\/wp\/v2\/product_cat?post=4067"},{"taxonomy":"product_tag","embeddable":true,"href":"https:\/\/kraftiapet.com\/cs\/wp-json\/wp\/v2\/product_tag?post=4067"}],"curies":[{"name":"wp","href":"https:\/\/api.w.org\/{rel}","templated":true}]}}