{"id":4074,"date":"2025-09-26T10:35:42","date_gmt":"2025-09-26T10:35:42","guid":{"rendered":"https:\/\/kraftiapet.com\/?post_type=product&#038;p=4074"},"modified":"2026-03-05T13:25:30","modified_gmt":"2026-03-05T13:25:30","slug":"finest-from-the-sky","status":"publish","type":"product","link":"https:\/\/kraftiapet.com\/cs\/produkt\/finest-from-the-sky\/","title":{"rendered":"Finest From the Sky"},"content":{"rendered":"","protected":false},"excerpt":{"rendered":"<p>Finest From the Sky \u2013 Rawival je \u0161pi\u010dkov\u00e9 krmivo pro ko\u0165ata s kachn\u00edm a kr\u016ft\u00edm masem. \u010cerstv\u00e1 vyko\u0161t\u011bn\u00e1 kachna a \u010derstv\u00e1 vyko\u0161t\u011bn\u00e1 kr\u016fta tvo\u0159\u00ed velmi chutnou a zdravou kombinaci. Poskytuj\u00ed esenci\u00e1ln\u00ed proteiny a taurin, kter\u00e9 jsou pro ko\u0165ata velmi d\u016fle\u017eit\u00e9 pro zdrav\u00fd v\u00fdvoj o\u010d\u00ed a srdce. Proteiny tak\u00e9 pom\u00e1haj\u00ed udr\u017eovat a podporovat siln\u00e9 a pohybliv\u00e9 svaly.    <\/p>\n","protected":false},"featured_media":4106,"comment_status":"open","ping_status":"closed","template":"","meta":{"_acf_changed":false},"pwb-brand":[],"product_brand":[227],"product_cat":[214,200],"product_tag":[],"class_list":{"0":"post-4074","1":"product","2":"type-product","3":"status-publish","4":"has-post-thumbnail","6":"product_brand-rawival","7":"product_cat-kitten","8":"product_cat-cat-food","10":"first","11":"instock","12":"taxable","13":"shipping-taxable","14":"product-type-variable"},"acf":[],"brands":[],"_links":{"self":[{"href":"https:\/\/kraftiapet.com\/cs\/wp-json\/wp\/v2\/product\/4074","targetHints":{"allow":["GET"]}}],"collection":[{"href":"https:\/\/kraftiapet.com\/cs\/wp-json\/wp\/v2\/product"}],"about":[{"href":"https:\/\/kraftiapet.com\/cs\/wp-json\/wp\/v2\/types\/product"}],"replies":[{"embeddable":true,"href":"https:\/\/kraftiapet.com\/cs\/wp-json\/wp\/v2\/comments?post=4074"}],"wp:featuredmedia":[{"embeddable":true,"href":"https:\/\/kraftiapet.com\/cs\/wp-json\/wp\/v2\/media\/4106"}],"wp:attachment":[{"href":"https:\/\/kraftiapet.com\/cs\/wp-json\/wp\/v2\/media?parent=4074"}],"wp:term":[{"taxonomy":"pwb-brand","embeddable":true,"href":"https:\/\/kraftiapet.com\/cs\/wp-json\/wp\/v2\/pwb-brand?post=4074"},{"taxonomy":"product_brand","embeddable":true,"href":"https:\/\/kraftiapet.com\/cs\/wp-json\/wp\/v2\/product_brand?post=4074"},{"taxonomy":"product_cat","embeddable":true,"href":"https:\/\/kraftiapet.com\/cs\/wp-json\/wp\/v2\/product_cat?post=4074"},{"taxonomy":"product_tag","embeddable":true,"href":"https:\/\/kraftiapet.com\/cs\/wp-json\/wp\/v2\/product_tag?post=4074"}],"curies":[{"name":"wp","href":"https:\/\/api.w.org\/{rel}","templated":true}]}}