{"id":6125,"date":"2026-04-20T12:44:00","date_gmt":"2026-04-20T12:44:00","guid":{"rendered":"https:\/\/kraftiapet.com\/?page_id=6125"},"modified":"2026-04-22T10:14:35","modified_gmt":"2026-04-22T10:14:35","slug":"qualitat-wissenschaft","status":"publish","type":"page","link":"https:\/\/kraftiapet.com\/de\/qualitat-wissenschaft\/","title":{"rendered":"Qualit\u00e4t &amp; Wissenschaft"},"content":{"rendered":"\n<h2 class=\"wp-block-heading has-vivid-cyan-blue-color has-text-color has-link-color wp-elements-56f2cc7035a51cdaaaf876b12499e37c\" style=\"margin-top:var(--wp--preset--spacing--80);margin-bottom:var(--wp--preset--spacing--80)\">Lebensmittelsicherheit &amp; Qualit\u00e4tsstandards<\/h2>\n\n<div class=\"wp-block-columns is-layout-flex wp-container-core-columns-is-layout-28f84493 wp-block-columns-is-layout-flex\">\n<div class=\"wp-block-column is-layout-flow wp-block-column-is-layout-flow\" style=\"flex-basis:33.33%\">\n<p class=\"has-palette-color-3-color has-palette-color-5-background-color has-text-color has-background has-link-color has-medium-font-size wp-elements-dee928574707eeed0777b77bc87d4efb\" style=\"margin-top:var(--wp--preset--spacing--30);margin-bottom:var(--wp--preset--spacing--30)\"><strong>&#8222;Jedes unserer Produkte durchl\u00e4uft strenge Sicherheitskontrollen, um h\u00f6chste Qualit\u00e4t und optimalen N\u00e4hrwert f\u00fcr Haustiere zu gew\u00e4hrleisten.&#8220;<\/strong><\/p>\n<\/div>\n\n\n\n<div class=\"wp-block-column is-layout-flow wp-block-column-is-layout-flow\" style=\"flex-basis:66.66%\">\n<p style=\"margin-top:var(--wp--preset--spacing--30);margin-bottom:var(--wp--preset--spacing--30);font-size:clamp(14px, 0.875rem + ((1vw - 3.2px) * 0.469), 20px);\">Wir bei Kraftia verpflichten uns zu h\u00f6chsten Sicherheitsstandards und stellen sicher, dass jedes Produkt strenge Qualit\u00e4tskriterien erf\u00fcllt. Jedes unserer Produkte durchl\u00e4uft sorgf\u00e4ltige Sicherheitspr\u00fcfungen, um h\u00f6chste Qualit\u00e4t und optimale N\u00e4hrwerte zu gew\u00e4hrleisten. <\/p>\n<\/div>\n<\/div>\n\n<figure class=\"wp-block-image alignright size-large is-resized\"><img loading=\"lazy\" decoding=\"async\" width=\"1024\" height=\"714\" src=\"https:\/\/kraftiapet.com\/wp-content\/uploads\/2025\/10\/quality-1024x714.webp\" alt=\"\" class=\"wp-image-2516\" style=\"width:370px;height:auto\" srcset=\"https:\/\/kraftiapet.com\/wp-content\/uploads\/2025\/10\/quality-1024x714.webp 1024w, https:\/\/kraftiapet.com\/wp-content\/uploads\/2025\/10\/quality-300x209.webp 300w, https:\/\/kraftiapet.com\/wp-content\/uploads\/2025\/10\/quality-768x536.webp 768w, https:\/\/kraftiapet.com\/wp-content\/uploads\/2025\/10\/quality-1536x1071.webp 1536w, https:\/\/kraftiapet.com\/wp-content\/uploads\/2025\/10\/quality-600x418.webp 600w, https:\/\/kraftiapet.com\/wp-content\/uploads\/2025\/10\/quality.webp 1920w\" sizes=\"auto, (max-width: 1024px) 100vw, 1024px\" \/><\/figure>\n\n<p class=\"has-medium-font-size\"><strong>Globale Standards &amp; Compliance<\/strong><\/p>\n\n<p class=\"has-palette-color-3-color has-text-color has-link-color wp-elements-f2584eb344e4251c621236dce9043069\">Die strengsten internationalen Standards:<br\/>Integrierte Managementsysteme (ISO 9001, ISO 14001, ISO 45001)<br\/>Allgemeine Grunds\u00e4tze der Lebensmittelhygiene (GHP) und das HACCP-System (Quality Austria)<br\/><strong>FS 8.0<\/strong> &#8211; Internationaler Standard f\u00fcr Lebensmittelsicherheit (Bureau Veritas), mit einer Punktzahl von 97,25% auf h\u00f6herem Niveau und IFS Star Status, best\u00e4tigt durch eine unangek\u00fcndigte Inspektion.<br\/>Wir erf\u00fcllen die regulatorischen Standards aller L\u00e4nder, in die wir exportieren. (Unsere Produkte werden in \u00dcbereinstimmung mit den Gesetzen und Exportbestimmungen aller Zielm\u00e4rkte entwickelt und produziert.<br\/>Unsere Produktion entspricht den nationalen und internationalen Veterin\u00e4rstandards, um Produktsicherheit und Qualit\u00e4t zu gew\u00e4hrleisten. Wir halten uns streng an die veterin\u00e4rmedizinischen Vorschriften und alle gesetzlichen Anforderungen, die f\u00fcr die Sicherheit von Tiernahrung relevant sind. <\/p>\n\n<h2 class=\"wp-block-heading has-palette-color-3-color has-text-color has-link-color has-medium-font-size wp-elements-d1af779c9a5d18de80a67c3c0b10f830\">Rohstoffkontrolle<\/h2>\n\n<div class=\"wp-block-columns is-layout-flex wp-container-core-columns-is-layout-28f84493 wp-block-columns-is-layout-flex\">\n<div class=\"wp-block-column is-layout-flow wp-block-column-is-layout-flow\" style=\"flex-basis:33.33%\"><\/div>\n\n\n\n<div class=\"wp-block-column is-layout-flow wp-block-column-is-layout-flow\" style=\"flex-basis:66.67%\">\n<h2 class=\"wp-block-heading has-text-align-right has-palette-color-3-color has-palette-color-5-background-color has-text-color has-background has-link-color has-medium-font-size wp-elements-6e6bebdda5ca7a275f595cc58f6bc1ae\">&#8222;Keine Kompromisse bei der Qualit\u00e4t der Zutaten.&#8220;<\/h2>\n<\/div>\n<\/div>\n\n<p>Wir arbeiten ausschlie\u00dflich mit zugelassenen Lieferanten zusammen, die sorgf\u00e4ltig im Rahmen unseres internen Qualifizierungsprozesses ausgew\u00e4hlt werden. Alle Rohstoffe unterliegen strengen Wareneingangskontrollen, einschlie\u00dflich mikrobiologischer Untersuchungen, N\u00e4hrwertanalysen und Schadstoffscreenings. <\/p>\n\n<h2 class=\"wp-block-heading has-palette-color-3-color has-text-color has-link-color has-medium-font-size wp-elements-2cf399f0dfcd1daf5cd0f8b5ccb248d2\">Sicherheit im Produktionsprozess<\/h2>\n\n<p>Jeder Schritt unseres Produktionsprozesses wird durch klar definierte Kontrollpunkte \u00fcberwacht und gesteuert, um Produktsicherheit und gleichbleibende Qualit\u00e4t zu gew\u00e4hrleisten.<br\/><br\/>Unser Kontrollsystem wird durch automatisierte Technologien unterst\u00fctzt, die wichtige Parameter kontinuierlich \u00fcberwachen und regulieren.<br\/><br\/>Unsere Produktionsst\u00e4tten werden regelm\u00e4\u00dfig internen Audits sowie externen Pr\u00fcfungen unterzogen, um die Einhaltung der Produktsicherheitsstandards sicherzustellen und eine kontinuierliche Verbesserung zu f\u00f6rdern.<\/p>\n\n<h2 class=\"wp-block-heading has-palette-color-3-color has-text-color has-link-color has-medium-font-size wp-elements-cd8e51235d96cf4d56a0407d95b1b388\">Pr\u00fcfung &amp; Qualit\u00e4tskontrolle<\/h2>\n\n<p>Alle Endprodukte werden im Labor analysiert, um gleichbleibende Qualit\u00e4t und Sicherheit zu gew\u00e4hrleisten. Die Pr\u00fcfprotokolle umfassen die Kontrolle der N\u00e4hrstoffzusammensetzung, mikrobiologische Sicherheit, Schwermetalle und Mykotoxine \u2013 vollst\u00e4ndig in \u00dcbereinstimmung mit den geltenden gesetzlichen Vorschriften.<br\/>Jede Produktionscharge wird einzeln gepr\u00fcft und mit einem chargenspezifischen Zertifikat versehen, das vollst\u00e4ndige R\u00fcckverfolgbarkeit und Produktsicherheit gew\u00e4hrleistet.  <\/p>\n\n<h2 class=\"wp-block-heading has-palette-color-3-color has-text-color has-link-color has-medium-font-size wp-elements-d80575bbb72602dc6db09120786c5c37\">R\u00fcckverfolgbarkeit &amp; Transparenz<\/h2>\n\n<p>Wir stehen f\u00fcr vollst\u00e4ndige Transparenz \u2013 von der Rohstoffbeschaffung bis zum fertigen Produkt. Unsere digitalen Systeme verfolgen jeden Schritt (SAP, WMS), w\u00e4hrend jede Verpackung mit QR-Code, EAN-Code und Chargennummer versehen ist, um vollst\u00e4ndige R\u00fcckverfolgbarkeit und Vertrauen zu gew\u00e4hrleisten. <\/p>\n\n<h2 class=\"wp-block-heading has-palette-color-3-color has-text-color has-link-color has-medium-font-size wp-elements-66a543232d67b29a27200730c4e17f74\">Zertifizierungen &amp; Audits<\/h2>\n\n<p>Eine Liste aller zertifizierten Standards und Berichte erhalten Sie auf Anfrage von unserer Direktorin Tatjana Spai\u0107.<\/p>\n\n<h2 class=\"wp-block-heading has-palette-color-3-color has-text-color has-link-color has-medium-font-size wp-elements-177f1b6beaeae1d9f08a81ede80d98ac\">Kontinuierliche Verbesserung<\/h2>\n\n<p>Bei Kraftia verpflichten wir uns zur kontinuierlichen Verbesserung durch laufende Investitionen in Technologie und Mitarbeiterschulungen. In enger Zusammenarbeit mit Tier\u00e4rzten, Ern\u00e4hrungswissenschaftlern und wissenschaftlichen Institutionen stellen wir sicher, dass unsere Produkte und Prozesse stetig weiterentwickelt werden, um h\u00f6chsten Standards zu entsprechen. <\/p>\n\n<h2 class=\"wp-block-heading has-text-align-left has-vivid-cyan-blue-color has-text-color has-link-color wp-elements-91c6d020ab478cb06ead55795c3ae9d0\"><br\/>Forschung &amp; Entwicklung (F&amp;E)<br\/><\/h2>\n\n<div class=\"wp-block-columns is-layout-flex wp-container-core-columns-is-layout-28f84493 wp-block-columns-is-layout-flex\">\n<div class=\"wp-block-column is-layout-flow wp-block-column-is-layout-flow\" style=\"flex-basis:66.66%\">\n<h2 class=\"wp-block-heading has-palette-color-3-color has-text-color has-link-color has-medium-font-size wp-elements-767ea4415b63e725862bfd4d117313c1\">Exquisite Rezepturen, von Experten entwickelt<\/h2>\n\n\n\n<p>Im Zentrum unserer Premium-Tiernahrung steht das Streben nach wissenschaftlicher Exzellenz. Unser Team aus Tier\u00e4rzten, Ern\u00e4hrungswissenschaftlern und Lebensmitteltechnologen arbeitet eng zusammen, um sorgf\u00e4ltig entwickelte Rezepturen zu schaffen, die h\u00f6chste Standards f\u00fcr die Gesundheit und das Wohlbefinden von Haustieren \u00fcbertreffen. <\/p>\n<\/div>\n\n\n\n<div class=\"wp-block-column is-layout-flow wp-block-column-is-layout-flow\" style=\"flex-basis:33.33%\">\n<h2 class=\"wp-block-heading has-palette-color-3-color has-palette-color-5-background-color has-text-color has-background has-link-color has-medium-font-size wp-elements-07072693623764a8e2b14dcdf6d7d299\">&#8222;Bei Kraftia ist Ern\u00e4hrung wissenschaftlich fundiert. Unser F&amp;E-Team stellt sicher, dass jede Rezeptur auf Forschung basiert und auf die tats\u00e4chlichen Bed\u00fcrfnisse von Haustieren abgestimmt ist.&#8220; <\/h2>\n<\/div>\n<\/div>\n\n<h2 class=\"wp-block-heading has-palette-color-3-color has-text-color has-link-color has-medium-font-size wp-elements-e55326170e7860da8d784eedbdeca607\">Erweiterte ern\u00e4hrungswissenschaftliche Pr\u00e4zision<\/h2>\n\n<p>Wir nutzen modernste Forschung in der Tierern\u00e4hrung, um ma\u00dfgeschneiderte, artspezifische Rezepturen zu entwickeln. Ob f\u00fcr die empfindliche Verdauung Ihrer Katze oder den optimalen Energiebedarf Ihres Hundes \u2013 unser F&amp;E-Prozess stellt sicher, dass jede Zutat und jedes N\u00e4hrstoffverh\u00e4ltnis mit h\u00f6chster Priorit\u00e4t auf die Gesundheit Ihres Tieres ausgew\u00e4hlt wird. <\/p>\n\n<p><\/p>\n","protected":false},"excerpt":{"rendered":"<p>Lebensmittelsicherheit &amp; Qualit\u00e4tsstandards &#8222;Jedes unserer Produkte durchl\u00e4uft strenge Sicherheitskontrollen, um h\u00f6chste Qualit\u00e4t und optimalen N\u00e4hrwert f\u00fcr Haustiere zu gew\u00e4hrleisten.&#8220; Wir bei Kraftia verpflichten uns zu h\u00f6chsten Sicherheitsstandards und stellen sicher, dass jedes Produkt strenge Qualit\u00e4tskriterien erf\u00fcllt. Jedes unserer Produkte durchl\u00e4uft sorgf\u00e4ltige Sicherheitspr\u00fcfungen, um h\u00f6chste Qualit\u00e4t und optimale N\u00e4hrwerte zu gew\u00e4hrleisten. Globale Standards &amp; Compliance Die [&hellip;]<\/p>\n","protected":false},"author":1,"featured_media":0,"parent":0,"menu_order":0,"comment_status":"closed","ping_status":"closed","template":"","meta":{"_acf_changed":false,"footnotes":""},"class_list":["post-6125","page","type-page","status-publish","hentry"],"blocksy_meta":[],"acf":[],"_links":{"self":[{"href":"https:\/\/kraftiapet.com\/de\/wp-json\/wp\/v2\/pages\/6125","targetHints":{"allow":["GET"]}}],"collection":[{"href":"https:\/\/kraftiapet.com\/de\/wp-json\/wp\/v2\/pages"}],"about":[{"href":"https:\/\/kraftiapet.com\/de\/wp-json\/wp\/v2\/types\/page"}],"author":[{"embeddable":true,"href":"https:\/\/kraftiapet.com\/de\/wp-json\/wp\/v2\/users\/1"}],"replies":[{"embeddable":true,"href":"https:\/\/kraftiapet.com\/de\/wp-json\/wp\/v2\/comments?post=6125"}],"version-history":[{"count":6,"href":"https:\/\/kraftiapet.com\/de\/wp-json\/wp\/v2\/pages\/6125\/revisions"}],"predecessor-version":[{"id":6683,"href":"https:\/\/kraftiapet.com\/de\/wp-json\/wp\/v2\/pages\/6125\/revisions\/6683"}],"wp:attachment":[{"href":"https:\/\/kraftiapet.com\/de\/wp-json\/wp\/v2\/media?parent=6125"}],"curies":[{"name":"wp","href":"https:\/\/api.w.org\/{rel}","templated":true}]}}