{"id":6202,"date":"2025-09-28T21:58:27","date_gmt":"2025-09-28T21:58:27","guid":{"rendered":"https:\/\/kraftiapet.com\/?post_type=product&#038;p=6202"},"modified":"2026-04-21T21:32:51","modified_gmt":"2026-04-21T21:32:51","slug":"gifts-of-fields-branches","status":"publish","type":"product","link":"https:\/\/kraftiapet.com\/de\/produkt\/gifts-of-fields-branches\/","title":{"rendered":"Gifts of Fields &amp; Branches"},"content":{"rendered":"","protected":false},"excerpt":{"rendered":"<p>Gifts of Fields &amp; Branches \u2013 Rawival ist ein Premium-Welpenfutter f\u00fcr kleine und Toy-Rassen mit Lamm und Wachtel. Grasgef\u00fcttertes, entbeintes Lamm und Wachtel liefern hochwertige tierische Proteine f\u00fcr ein gesundes Wachstum und eine optimale Entwicklung. Eine ausgewogene Mischung aus gesunden Getreidesorten, darunter Urgetreide, sorgt f\u00fcr kontinuierliche Energie in der Wachstumsphase. Auch f\u00fcr tragende und s\u00e4ugende H\u00fcndinnen geeignet.  <\/p>\n","protected":false},"featured_media":6203,"comment_status":"open","ping_status":"closed","template":"","meta":{"_acf_changed":false},"pwb-brand":[],"product_brand":[469],"product_cat":[470,471],"product_tag":[],"class_list":{"0":"post-6202","1":"product","2":"type-product","3":"status-publish","4":"has-post-thumbnail","6":"product_brand-rawival","7":"product_cat-dog-food","8":"product_cat-puppy","10":"first","11":"instock","12":"taxable","13":"shipping-taxable","14":"product-type-variable"},"acf":[],"brands":[],"_links":{"self":[{"href":"https:\/\/kraftiapet.com\/de\/wp-json\/wp\/v2\/product\/6202","targetHints":{"allow":["GET"]}}],"collection":[{"href":"https:\/\/kraftiapet.com\/de\/wp-json\/wp\/v2\/product"}],"about":[{"href":"https:\/\/kraftiapet.com\/de\/wp-json\/wp\/v2\/types\/product"}],"replies":[{"embeddable":true,"href":"https:\/\/kraftiapet.com\/de\/wp-json\/wp\/v2\/comments?post=6202"}],"wp:featuredmedia":[{"embeddable":true,"href":"https:\/\/kraftiapet.com\/de\/wp-json\/wp\/v2\/media\/6203"}],"wp:attachment":[{"href":"https:\/\/kraftiapet.com\/de\/wp-json\/wp\/v2\/media?parent=6202"}],"wp:term":[{"taxonomy":"pwb-brand","embeddable":true,"href":"https:\/\/kraftiapet.com\/de\/wp-json\/wp\/v2\/pwb-brand?post=6202"},{"taxonomy":"product_brand","embeddable":true,"href":"https:\/\/kraftiapet.com\/de\/wp-json\/wp\/v2\/product_brand?post=6202"},{"taxonomy":"product_cat","embeddable":true,"href":"https:\/\/kraftiapet.com\/de\/wp-json\/wp\/v2\/product_cat?post=6202"},{"taxonomy":"product_tag","embeddable":true,"href":"https:\/\/kraftiapet.com\/de\/wp-json\/wp\/v2\/product_tag?post=6202"}],"curies":[{"name":"wp","href":"https:\/\/api.w.org\/{rel}","templated":true}]}}