{"id":6208,"date":"2025-09-28T21:40:24","date_gmt":"2025-09-28T21:40:24","guid":{"rendered":"https:\/\/kraftiapet.com\/?post_type=product&#038;p=6208"},"modified":"2026-04-21T21:32:52","modified_gmt":"2026-04-21T21:32:52","slug":"gifts-of-fields-branches-3","status":"publish","type":"product","link":"https:\/\/kraftiapet.com\/de\/produkt\/gifts-of-fields-branches-3\/","title":{"rendered":"Gifts of Fields &amp; Branches"},"content":{"rendered":"","protected":false},"excerpt":{"rendered":"<p>Gifts of Fields &amp; Branches \u2013 Rawival ist ein Premium-Hundefutter f\u00fcr ausgewachsene Hunde kleiner und Toy-Rassen mit Lamm und Wachtel. Grasgef\u00fcttertes, entbeintes Lamm und entbeinte Wachtel sorgen f\u00fcr eine besonders schmackhafte Kombination hochwertiger Proteine und liefern alles, was ein aktiver Hund ben\u00f6tigt. Eine ausgewogene Mischung aus gesunden Getreidesorten, darunter Urgetreide, liefert Energie f\u00fcr Spiel und Bewegung. Ein spezieller Inhaltsstoff aus Braunalgen unterst\u00fctzt zudem die Zahn- und Zahnfleischgesundheit.  <\/p>\n","protected":false},"featured_media":6209,"comment_status":"open","ping_status":"closed","template":"","meta":{"_acf_changed":false},"pwb-brand":[],"product_brand":[469],"product_cat":[472,470],"product_tag":[],"class_list":{"0":"post-6208","1":"product","2":"type-product","3":"status-publish","4":"has-post-thumbnail","6":"product_brand-rawival","7":"product_cat-adult-dog","8":"product_cat-dog-food","10":"first","11":"instock","12":"taxable","13":"shipping-taxable","14":"product-type-variable"},"acf":[],"brands":[],"_links":{"self":[{"href":"https:\/\/kraftiapet.com\/de\/wp-json\/wp\/v2\/product\/6208","targetHints":{"allow":["GET"]}}],"collection":[{"href":"https:\/\/kraftiapet.com\/de\/wp-json\/wp\/v2\/product"}],"about":[{"href":"https:\/\/kraftiapet.com\/de\/wp-json\/wp\/v2\/types\/product"}],"replies":[{"embeddable":true,"href":"https:\/\/kraftiapet.com\/de\/wp-json\/wp\/v2\/comments?post=6208"}],"wp:featuredmedia":[{"embeddable":true,"href":"https:\/\/kraftiapet.com\/de\/wp-json\/wp\/v2\/media\/6209"}],"wp:attachment":[{"href":"https:\/\/kraftiapet.com\/de\/wp-json\/wp\/v2\/media?parent=6208"}],"wp:term":[{"taxonomy":"pwb-brand","embeddable":true,"href":"https:\/\/kraftiapet.com\/de\/wp-json\/wp\/v2\/pwb-brand?post=6208"},{"taxonomy":"product_brand","embeddable":true,"href":"https:\/\/kraftiapet.com\/de\/wp-json\/wp\/v2\/product_brand?post=6208"},{"taxonomy":"product_cat","embeddable":true,"href":"https:\/\/kraftiapet.com\/de\/wp-json\/wp\/v2\/product_cat?post=6208"},{"taxonomy":"product_tag","embeddable":true,"href":"https:\/\/kraftiapet.com\/de\/wp-json\/wp\/v2\/product_tag?post=6208"}],"curies":[{"name":"wp","href":"https:\/\/api.w.org\/{rel}","templated":true}]}}