{"id":6211,"date":"2025-09-26T11:55:18","date_gmt":"2025-09-26T11:55:18","guid":{"rendered":"https:\/\/kraftiapet.com\/?post_type=product&#038;p=6211"},"modified":"2026-04-21T21:32:52","modified_gmt":"2026-04-21T21:32:52","slug":"gifts-of-fields-branches-4","status":"publish","type":"product","link":"https:\/\/kraftiapet.com\/de\/produkt\/gifts-of-fields-branches-4\/","title":{"rendered":"Gifts of Fields &amp; Branches"},"content":{"rendered":"","protected":false},"excerpt":{"rendered":"<p>Gifts of Fields &amp; Branches \u2013 Rawival ist ein Premium-Hundefutter f\u00fcr ausgewachsene Hunde mittlerer und gro\u00dfer Rassen mit Lamm und Wachtel. Grasgef\u00fcttertes, rohes, entbeintes Lamm und rohes, entbeintes Wachtel sorgen f\u00fcr eine exquisite, schmackhafte Kombination und liefern hochwertiges Protein f\u00fcr aktive Hunde. Eine ausgewogene Mischung aus gesunden Getreidesorten, darunter Urgetreide, liefert Energie f\u00fcr lange Spazierg\u00e4nge. Pr\u00e4biotika, Ballaststoffe, Phyton\u00e4hrstoffe und Vitamine unterst\u00fctzen eine gesunde Darmfunktion.   <\/p>\n","protected":false},"featured_media":6218,"comment_status":"open","ping_status":"closed","template":"","meta":{"_acf_changed":false},"pwb-brand":[],"product_brand":[469],"product_cat":[472,470],"product_tag":[],"class_list":{"0":"post-6211","1":"product","2":"type-product","3":"status-publish","4":"has-post-thumbnail","6":"product_brand-rawival","7":"product_cat-adult-dog","8":"product_cat-dog-food","10":"first","11":"instock","12":"taxable","13":"shipping-taxable","14":"product-type-variable"},"acf":[],"brands":[],"_links":{"self":[{"href":"https:\/\/kraftiapet.com\/de\/wp-json\/wp\/v2\/product\/6211","targetHints":{"allow":["GET"]}}],"collection":[{"href":"https:\/\/kraftiapet.com\/de\/wp-json\/wp\/v2\/product"}],"about":[{"href":"https:\/\/kraftiapet.com\/de\/wp-json\/wp\/v2\/types\/product"}],"replies":[{"embeddable":true,"href":"https:\/\/kraftiapet.com\/de\/wp-json\/wp\/v2\/comments?post=6211"}],"wp:featuredmedia":[{"embeddable":true,"href":"https:\/\/kraftiapet.com\/de\/wp-json\/wp\/v2\/media\/6218"}],"wp:attachment":[{"href":"https:\/\/kraftiapet.com\/de\/wp-json\/wp\/v2\/media?parent=6211"}],"wp:term":[{"taxonomy":"pwb-brand","embeddable":true,"href":"https:\/\/kraftiapet.com\/de\/wp-json\/wp\/v2\/pwb-brand?post=6211"},{"taxonomy":"product_brand","embeddable":true,"href":"https:\/\/kraftiapet.com\/de\/wp-json\/wp\/v2\/product_brand?post=6211"},{"taxonomy":"product_cat","embeddable":true,"href":"https:\/\/kraftiapet.com\/de\/wp-json\/wp\/v2\/product_cat?post=6211"},{"taxonomy":"product_tag","embeddable":true,"href":"https:\/\/kraftiapet.com\/de\/wp-json\/wp\/v2\/product_tag?post=6211"}],"curies":[{"name":"wp","href":"https:\/\/api.w.org\/{rel}","templated":true}]}}