{"id":6222,"date":"2025-09-29T09:02:03","date_gmt":"2025-09-29T09:02:03","guid":{"rendered":"https:\/\/kraftiapet.com\/?post_type=product&#038;p=6222"},"modified":"2026-04-21T21:32:50","modified_gmt":"2026-04-21T21:32:50","slug":"north-seas-finest","status":"publish","type":"product","link":"https:\/\/kraftiapet.com\/de\/produkt\/north-seas-finest\/","title":{"rendered":"North Sea\u2019s Finest"},"content":{"rendered":"","protected":false},"excerpt":{"rendered":"<p>North Sea&#8217;s Finest &#8211; Rawival ist ein Premium-Welpenfutter f\u00fcr Zwerghunde und kleine Rassen mit Lachs und Hering. Frisch gefrorener Lachs und frisch gefrorener Hering sind eine perfekte Mischung und liefern das notwendige schmackhafte Protein, das f\u00fcr ein gesundes Wachstum und eine gesunde Entwicklung erforderlich ist. Eine Mischung aus gesundem Getreide, einschlie\u00dflich antiker Quellen, liefert Energie f\u00fcr das Wachstum. Die Rezeptur kann auch an tr\u00e4chtige oder s\u00e4ugende M\u00fctter verf\u00fcttert werden.  <\/p>\n","protected":false},"featured_media":6223,"comment_status":"open","ping_status":"closed","template":"","meta":{"_acf_changed":false},"pwb-brand":[],"product_brand":[469],"product_cat":[470,471],"product_tag":[],"class_list":{"0":"post-6222","1":"product","2":"type-product","3":"status-publish","4":"has-post-thumbnail","6":"product_brand-rawival","7":"product_cat-dog-food","8":"product_cat-puppy","10":"first","11":"instock","12":"taxable","13":"shipping-taxable","14":"product-type-variable"},"acf":[],"brands":[],"_links":{"self":[{"href":"https:\/\/kraftiapet.com\/de\/wp-json\/wp\/v2\/product\/6222","targetHints":{"allow":["GET"]}}],"collection":[{"href":"https:\/\/kraftiapet.com\/de\/wp-json\/wp\/v2\/product"}],"about":[{"href":"https:\/\/kraftiapet.com\/de\/wp-json\/wp\/v2\/types\/product"}],"replies":[{"embeddable":true,"href":"https:\/\/kraftiapet.com\/de\/wp-json\/wp\/v2\/comments?post=6222"}],"wp:featuredmedia":[{"embeddable":true,"href":"https:\/\/kraftiapet.com\/de\/wp-json\/wp\/v2\/media\/6223"}],"wp:attachment":[{"href":"https:\/\/kraftiapet.com\/de\/wp-json\/wp\/v2\/media?parent=6222"}],"wp:term":[{"taxonomy":"pwb-brand","embeddable":true,"href":"https:\/\/kraftiapet.com\/de\/wp-json\/wp\/v2\/pwb-brand?post=6222"},{"taxonomy":"product_brand","embeddable":true,"href":"https:\/\/kraftiapet.com\/de\/wp-json\/wp\/v2\/product_brand?post=6222"},{"taxonomy":"product_cat","embeddable":true,"href":"https:\/\/kraftiapet.com\/de\/wp-json\/wp\/v2\/product_cat?post=6222"},{"taxonomy":"product_tag","embeddable":true,"href":"https:\/\/kraftiapet.com\/de\/wp-json\/wp\/v2\/product_tag?post=6222"}],"curies":[{"name":"wp","href":"https:\/\/api.w.org\/{rel}","templated":true}]}}