{"id":6267,"date":"2025-09-25T10:41:13","date_gmt":"2025-09-25T10:41:13","guid":{"rendered":"https:\/\/kraftiapet.com\/?post_type=product&#038;p=6267"},"modified":"2026-04-21T21:32:55","modified_gmt":"2026-04-21T21:32:55","slug":"gifts-of-land-and-sea-2","status":"publish","type":"product","link":"https:\/\/kraftiapet.com\/de\/produkt\/gifts-of-land-and-sea-2\/","title":{"rendered":"Gifts of Land and Sea"},"content":{"rendered":"","protected":false},"excerpt":{"rendered":"<p>Gifts of Land and Sea &#8211; Rawival ist ein Premiumfutter f\u00fcr ausgewachsene Katzen mit Huhn, Lachs und Hering. Rohes entbeintes Huhn und frisch gefrorener Hering und Lachs bilden eine gro\u00dfartige, schmackhafte Kombination: Zusammen sind sie eine gesunde Proteinquelle, die f\u00fcr die Muskeln von Katzen unerl\u00e4sslich ist. Die Proteine von Hering und Lachs tragen zusammen mit Lachs\u00f6l zu einer gesunden Haut und einem gl\u00e4nzenden Fell bei.  <\/p>\n","protected":false},"featured_media":6259,"comment_status":"open","ping_status":"closed","template":"","meta":{"_acf_changed":false},"pwb-brand":[],"product_brand":[469],"product_cat":[487,485],"product_tag":[],"class_list":{"0":"post-6267","1":"product","2":"type-product","3":"status-publish","4":"has-post-thumbnail","6":"product_brand-rawival","7":"product_cat-adult-cat","8":"product_cat-cat-food","10":"first","11":"instock","12":"taxable","13":"shipping-taxable","14":"product-type-variable"},"acf":[],"brands":[],"_links":{"self":[{"href":"https:\/\/kraftiapet.com\/de\/wp-json\/wp\/v2\/product\/6267","targetHints":{"allow":["GET"]}}],"collection":[{"href":"https:\/\/kraftiapet.com\/de\/wp-json\/wp\/v2\/product"}],"about":[{"href":"https:\/\/kraftiapet.com\/de\/wp-json\/wp\/v2\/types\/product"}],"replies":[{"embeddable":true,"href":"https:\/\/kraftiapet.com\/de\/wp-json\/wp\/v2\/comments?post=6267"}],"wp:featuredmedia":[{"embeddable":true,"href":"https:\/\/kraftiapet.com\/de\/wp-json\/wp\/v2\/media\/6259"}],"wp:attachment":[{"href":"https:\/\/kraftiapet.com\/de\/wp-json\/wp\/v2\/media?parent=6267"}],"wp:term":[{"taxonomy":"pwb-brand","embeddable":true,"href":"https:\/\/kraftiapet.com\/de\/wp-json\/wp\/v2\/pwb-brand?post=6267"},{"taxonomy":"product_brand","embeddable":true,"href":"https:\/\/kraftiapet.com\/de\/wp-json\/wp\/v2\/product_brand?post=6267"},{"taxonomy":"product_cat","embeddable":true,"href":"https:\/\/kraftiapet.com\/de\/wp-json\/wp\/v2\/product_cat?post=6267"},{"taxonomy":"product_tag","embeddable":true,"href":"https:\/\/kraftiapet.com\/de\/wp-json\/wp\/v2\/product_tag?post=6267"}],"curies":[{"name":"wp","href":"https:\/\/api.w.org\/{rel}","templated":true}]}}