{"id":6271,"date":"2025-09-29T08:31:41","date_gmt":"2025-09-29T08:31:41","guid":{"rendered":"https:\/\/kraftiapet.com\/?post_type=product&#038;p=6271"},"modified":"2026-04-21T21:32:51","modified_gmt":"2026-04-21T21:32:51","slug":"north-seas-finest-4","status":"publish","type":"product","link":"https:\/\/kraftiapet.com\/de\/produkt\/north-seas-finest-4\/","title":{"rendered":"North Sea\u2019s Finest"},"content":{"rendered":"","protected":false},"excerpt":{"rendered":"<p>North Sea&#8217;s Finest &#8211; Rawival ist ein Premium-Hundefutter f\u00fcr ausgewachsene Hunde mittlerer und gro\u00dfer Rassen mit Lachs und Hering. Frisch gefrorener Lachs und frisch gefrorener Hering bieten eine exquisite schmackhafte Mischung, die das nahrhafte Protein liefert, das ein aktiver Hund braucht. Eine Mischung aus gesunden Getreidesorten, einschlie\u00dflich antiker Quellen, liefert Energie f\u00fcr lange Spazierg\u00e4nge. Pr\u00e4biotika, Ballaststoffe, Phyton\u00e4hrstoffe und Vitamine unterst\u00fctzen einen gesunden Verdauungstrakt.   <\/p>\n","protected":false},"featured_media":6272,"comment_status":"open","ping_status":"closed","template":"","meta":{"_acf_changed":false},"pwb-brand":[],"product_brand":[469],"product_cat":[472,470],"product_tag":[],"class_list":{"0":"post-6271","1":"product","2":"type-product","3":"status-publish","4":"has-post-thumbnail","6":"product_brand-rawival","7":"product_cat-adult-dog","8":"product_cat-dog-food","10":"first","11":"instock","12":"taxable","13":"shipping-taxable","14":"product-type-variable"},"acf":[],"brands":[],"_links":{"self":[{"href":"https:\/\/kraftiapet.com\/de\/wp-json\/wp\/v2\/product\/6271","targetHints":{"allow":["GET"]}}],"collection":[{"href":"https:\/\/kraftiapet.com\/de\/wp-json\/wp\/v2\/product"}],"about":[{"href":"https:\/\/kraftiapet.com\/de\/wp-json\/wp\/v2\/types\/product"}],"replies":[{"embeddable":true,"href":"https:\/\/kraftiapet.com\/de\/wp-json\/wp\/v2\/comments?post=6271"}],"wp:featuredmedia":[{"embeddable":true,"href":"https:\/\/kraftiapet.com\/de\/wp-json\/wp\/v2\/media\/6272"}],"wp:attachment":[{"href":"https:\/\/kraftiapet.com\/de\/wp-json\/wp\/v2\/media?parent=6271"}],"wp:term":[{"taxonomy":"pwb-brand","embeddable":true,"href":"https:\/\/kraftiapet.com\/de\/wp-json\/wp\/v2\/pwb-brand?post=6271"},{"taxonomy":"product_brand","embeddable":true,"href":"https:\/\/kraftiapet.com\/de\/wp-json\/wp\/v2\/product_brand?post=6271"},{"taxonomy":"product_cat","embeddable":true,"href":"https:\/\/kraftiapet.com\/de\/wp-json\/wp\/v2\/product_cat?post=6271"},{"taxonomy":"product_tag","embeddable":true,"href":"https:\/\/kraftiapet.com\/de\/wp-json\/wp\/v2\/product_tag?post=6271"}],"curies":[{"name":"wp","href":"https:\/\/api.w.org\/{rel}","templated":true}]}}