{"id":6286,"date":"2025-10-07T11:34:35","date_gmt":"2025-10-07T11:34:35","guid":{"rendered":"https:\/\/kraftiapet.com\/?post_type=product&#038;p=6286"},"modified":"2026-04-21T21:39:04","modified_gmt":"2026-04-21T21:39:04","slug":"cc-calming-care","status":"publish","type":"product","link":"https:\/\/kraftiapet.com\/de\/produkt\/cc-calming-care\/","title":{"rendered":"CC Calming Care"},"content":{"rendered":"","protected":false},"excerpt":{"rendered":"<p>Galena Calming Care ist ein di\u00e4tetisches Alleinfuttermittel f\u00fcr Hunde, das als Veterin\u00e4rdi\u00e4tfutter zur Beruhigung und Stressbew\u00e4ltigung formuliert wurde. Es hilft Hunden, mit stressigen Situationen umzugehen und reduziert damit verbundene Verhaltensprobleme wie \u00c4ngstlichkeit, Unruhe oder Hyperaktivit\u00e4t. Diese Veterin\u00e4rformel unterst\u00fctzt das emotionale Gleichgewicht und f\u00f6rdert die Gelassenheit ohne den Einsatz von Beruhigungsmitteln.  <\/p>\n<p><strong>WANN GALENA BERUHIGENDE PFLEGE?<\/strong><\/p>\n<ul>\n<li>W\u00e4hrend stressiger Situationen wie Reisen, Tierarztbesuchen oder lauten Ger\u00e4uschen<\/li>\n<li>F\u00fcr Hunde, die Anzeichen von Angst oder Hyperaktivit\u00e4t zeigen<\/li>\n<li>Zur Unterst\u00fctzung des emotionalen Gleichgewichts und der Entspannung<\/li>\n<li>Als erg\u00e4nzende Hilfe zur Verhaltenstherapie<\/li>\n<li>F\u00fcr langfristige Stresspr\u00e4vention und Wohlbefinden<\/li>\n<\/ul>\n","protected":false},"featured_media":6289,"comment_status":"open","ping_status":"closed","template":"","meta":{"_acf_changed":false},"pwb-brand":[],"product_brand":[492],"product_cat":[472,470],"product_tag":[],"class_list":{"0":"post-6286","1":"product","2":"type-product","3":"status-publish","4":"has-post-thumbnail","6":"product_brand-craftia-galena","7":"product_cat-adult-dog","8":"product_cat-dog-food","10":"first","11":"instock","12":"taxable","13":"shipping-taxable","14":"product-type-variable"},"acf":[],"brands":[],"_links":{"self":[{"href":"https:\/\/kraftiapet.com\/de\/wp-json\/wp\/v2\/product\/6286","targetHints":{"allow":["GET"]}}],"collection":[{"href":"https:\/\/kraftiapet.com\/de\/wp-json\/wp\/v2\/product"}],"about":[{"href":"https:\/\/kraftiapet.com\/de\/wp-json\/wp\/v2\/types\/product"}],"replies":[{"embeddable":true,"href":"https:\/\/kraftiapet.com\/de\/wp-json\/wp\/v2\/comments?post=6286"}],"wp:featuredmedia":[{"embeddable":true,"href":"https:\/\/kraftiapet.com\/de\/wp-json\/wp\/v2\/media\/6289"}],"wp:attachment":[{"href":"https:\/\/kraftiapet.com\/de\/wp-json\/wp\/v2\/media?parent=6286"}],"wp:term":[{"taxonomy":"pwb-brand","embeddable":true,"href":"https:\/\/kraftiapet.com\/de\/wp-json\/wp\/v2\/pwb-brand?post=6286"},{"taxonomy":"product_brand","embeddable":true,"href":"https:\/\/kraftiapet.com\/de\/wp-json\/wp\/v2\/product_brand?post=6286"},{"taxonomy":"product_cat","embeddable":true,"href":"https:\/\/kraftiapet.com\/de\/wp-json\/wp\/v2\/product_cat?post=6286"},{"taxonomy":"product_tag","embeddable":true,"href":"https:\/\/kraftiapet.com\/de\/wp-json\/wp\/v2\/product_tag?post=6286"}],"curies":[{"name":"wp","href":"https:\/\/api.w.org\/{rel}","templated":true}]}}