{"id":6287,"date":"2025-10-07T08:35:22","date_gmt":"2025-10-07T08:35:22","guid":{"rendered":"https:\/\/kraftiapet.com\/?post_type=product&#038;p=6287"},"modified":"2026-04-21T21:39:06","modified_gmt":"2026-04-21T21:39:06","slug":"wm-weight-management","status":"publish","type":"product","link":"https:\/\/kraftiapet.com\/de\/produkt\/wm-weight-management\/","title":{"rendered":"WM Weight Management"},"content":{"rendered":"","protected":false},"excerpt":{"rendered":"<p>WM Weight Management \u2013 Craftia Galena Veterinary ist ein di\u00e4tetisches Alleinfuttermittel f\u00fcr Hunde, das als Veterin\u00e4rdi\u00e4tfutter zur Gewichtskontrolle und Kontrolle von Adipositas entwickelt wurde. Es zielt darauf ab, \u00fcberm\u00e4\u00dfiges K\u00f6rpergewicht durch einen kontrollierten Kaloriengehalt, ausgewogene N\u00e4hrstoffe und einen optimalen Proteingehalt, der die Muskelmasse erh\u00e4lt, zu reduzieren. Diese Veterin\u00e4rdi\u00e4t unterst\u00fctzt einen gesunden Stoffwechsel und eine langfristige Gewichtsstabilit\u00e4t.  <\/p>\n<p><strong>WANN GALENA GEWICHTSMANAGEMENT?<\/strong><\/p>\n<ul>\n<li>Zur Reduzierung und Kontrolle von \u00fcberm\u00e4\u00dfigem K\u00f6rpergewicht<\/li>\n<li>Unterst\u00fctzt den Fettstoffwechsel und erh\u00e4lt die Muskelmasse<\/li>\n<li>F\u00f6rdert eine gesunde Energiebilanz<\/li>\n<li>Empfohlen f\u00fcr \u00fcbergewichtige oder fettleibige Hunde<\/li>\n<li>Hilft, das Idealgewicht nach einer Gewichtsabnahme zu halten<\/li>\n<\/ul>\n","protected":false},"featured_media":6288,"comment_status":"open","ping_status":"closed","template":"","meta":{"_acf_changed":false},"pwb-brand":[],"product_brand":[492],"product_cat":[472,470],"product_tag":[],"class_list":{"0":"post-6287","1":"product","2":"type-product","3":"status-publish","4":"has-post-thumbnail","6":"product_brand-craftia-galena","7":"product_cat-adult-dog","8":"product_cat-dog-food","10":"first","11":"instock","12":"taxable","13":"shipping-taxable","14":"product-type-variable"},"acf":[],"brands":[],"_links":{"self":[{"href":"https:\/\/kraftiapet.com\/de\/wp-json\/wp\/v2\/product\/6287","targetHints":{"allow":["GET"]}}],"collection":[{"href":"https:\/\/kraftiapet.com\/de\/wp-json\/wp\/v2\/product"}],"about":[{"href":"https:\/\/kraftiapet.com\/de\/wp-json\/wp\/v2\/types\/product"}],"replies":[{"embeddable":true,"href":"https:\/\/kraftiapet.com\/de\/wp-json\/wp\/v2\/comments?post=6287"}],"wp:featuredmedia":[{"embeddable":true,"href":"https:\/\/kraftiapet.com\/de\/wp-json\/wp\/v2\/media\/6288"}],"wp:attachment":[{"href":"https:\/\/kraftiapet.com\/de\/wp-json\/wp\/v2\/media?parent=6287"}],"wp:term":[{"taxonomy":"pwb-brand","embeddable":true,"href":"https:\/\/kraftiapet.com\/de\/wp-json\/wp\/v2\/pwb-brand?post=6287"},{"taxonomy":"product_brand","embeddable":true,"href":"https:\/\/kraftiapet.com\/de\/wp-json\/wp\/v2\/product_brand?post=6287"},{"taxonomy":"product_cat","embeddable":true,"href":"https:\/\/kraftiapet.com\/de\/wp-json\/wp\/v2\/product_cat?post=6287"},{"taxonomy":"product_tag","embeddable":true,"href":"https:\/\/kraftiapet.com\/de\/wp-json\/wp\/v2\/product_tag?post=6287"}],"curies":[{"name":"wp","href":"https:\/\/api.w.org\/{rel}","templated":true}]}}