{"id":6314,"date":"2025-10-07T05:48:17","date_gmt":"2025-10-07T05:48:17","guid":{"rendered":"https:\/\/kraftiapet.com\/?post_type=product&#038;p=6314"},"modified":"2026-04-21T21:39:06","modified_gmt":"2026-04-21T21:39:06","slug":"wjmc-weight-joint-mobility-care-2","status":"publish","type":"product","link":"https:\/\/kraftiapet.com\/de\/produkt\/wjmc-weight-joint-mobility-care-2\/","title":{"rendered":"WJMC Weight &amp; Joint Mobility Care"},"content":{"rendered":"","protected":false},"excerpt":{"rendered":"<p>WJMC Weight &amp; Joint Mobility Care \u2013 Craftia Galena Veterinary ist ein di\u00e4tetisches Alleinfuttermittel f\u00fcr Katzen, das als Veterin\u00e4rdi\u00e4tfutter zur Gewichtsregulierung und Unterst\u00fctzung der Gelenke formuliert wurde. Es hilft bei der Reduzierung von \u00fcberm\u00e4\u00dfigem K\u00f6rpergewicht und unterst\u00fctzt den Gelenkstoffwechsel bei Osteoarthritis. Die ausgewogene Rezeptur enth\u00e4lt kontrollierte Energiewerte und essentielle N\u00e4hrstoffe, um die Muskelmasse zu erhalten, die Beweglichkeit zu bewahren und das Wohlbefinden von \u00fcbergewichtigen oder alternden Katzen zu f\u00f6rdern.  <\/p>\n<p><strong>WANN GALENA GEWICHT &amp; GELENKMOBILIT\u00c4T PFLEGE?<\/strong><\/p>\n<ul>\n<li>Zur Reduzierung und Kontrolle von \u00fcberm\u00e4\u00dfigem K\u00f6rpergewicht<\/li>\n<li>Unterst\u00fctzt den Gelenkstoffwechsel bei Osteoarthritis<\/li>\n<li>Verbessert die Mobilit\u00e4t und Flexibilit\u00e4t<\/li>\n<li>Hilft bei der Erhaltung der Muskelmasse w\u00e4hrend der Gewichtsabnahme<\/li>\n<li>Empfohlen f\u00fcr \u00fcbergewichtige, \u00e4ltere oder weniger aktive Katzen<\/li>\n<\/ul>\n","protected":false},"featured_media":6316,"comment_status":"open","ping_status":"closed","template":"","meta":{"_acf_changed":false},"pwb-brand":[],"product_brand":[492],"product_cat":[487,485],"product_tag":[],"class_list":{"0":"post-6314","1":"product","2":"type-product","3":"status-publish","4":"has-post-thumbnail","6":"product_brand-craftia-galena","7":"product_cat-adult-cat","8":"product_cat-cat-food","10":"first","11":"instock","12":"taxable","13":"shipping-taxable","14":"product-type-variable"},"acf":[],"brands":[],"_links":{"self":[{"href":"https:\/\/kraftiapet.com\/de\/wp-json\/wp\/v2\/product\/6314","targetHints":{"allow":["GET"]}}],"collection":[{"href":"https:\/\/kraftiapet.com\/de\/wp-json\/wp\/v2\/product"}],"about":[{"href":"https:\/\/kraftiapet.com\/de\/wp-json\/wp\/v2\/types\/product"}],"replies":[{"embeddable":true,"href":"https:\/\/kraftiapet.com\/de\/wp-json\/wp\/v2\/comments?post=6314"}],"wp:featuredmedia":[{"embeddable":true,"href":"https:\/\/kraftiapet.com\/de\/wp-json\/wp\/v2\/media\/6316"}],"wp:attachment":[{"href":"https:\/\/kraftiapet.com\/de\/wp-json\/wp\/v2\/media?parent=6314"}],"wp:term":[{"taxonomy":"pwb-brand","embeddable":true,"href":"https:\/\/kraftiapet.com\/de\/wp-json\/wp\/v2\/pwb-brand?post=6314"},{"taxonomy":"product_brand","embeddable":true,"href":"https:\/\/kraftiapet.com\/de\/wp-json\/wp\/v2\/product_brand?post=6314"},{"taxonomy":"product_cat","embeddable":true,"href":"https:\/\/kraftiapet.com\/de\/wp-json\/wp\/v2\/product_cat?post=6314"},{"taxonomy":"product_tag","embeddable":true,"href":"https:\/\/kraftiapet.com\/de\/wp-json\/wp\/v2\/product_tag?post=6314"}],"curies":[{"name":"wp","href":"https:\/\/api.w.org\/{rel}","templated":true}]}}