{"id":6315,"date":"2025-10-06T11:30:25","date_gmt":"2025-10-06T11:30:25","guid":{"rendered":"https:\/\/kraftiapet.com\/?post_type=product&#038;p=6315"},"modified":"2026-04-21T21:39:08","modified_gmt":"2026-04-21T21:39:08","slug":"wm-weight-management-2","status":"publish","type":"product","link":"https:\/\/kraftiapet.com\/de\/produkt\/wm-weight-management-2\/","title":{"rendered":"WM Weight Management"},"content":{"rendered":"","protected":false},"excerpt":{"rendered":"<p>WM Weight Management \u2013 Craftia Galena Veterinary ist ein di\u00e4tetisches Alleinfuttermittel f\u00fcr Katzen, konzipiert als Veterin\u00e4rdi\u00e4tfutter zur Gewichtskontrolle und Kontrolle von \u00dcbergewicht und Adipositas. Es wurde formuliert, um eine sichere und wirksame Gewichtsreduzierung durch pr\u00e4zise Kalorienkontrolle und ein optimales N\u00e4hrstoffgleichgewicht zu f\u00f6rdern. Diese Di\u00e4tnahrung unterst\u00fctzt den Fettstoffwechsel, hilft bei der Erhaltung der Muskelmasse und tr\u00e4gt zur metabolischen Stabilit\u00e4t bei.  <\/p>\n<p><strong>WANN GALENA GEWICHTSMANAGEMENT?<\/strong><\/p>\n<ul>\n<li>Zur Reduzierung und Kontrolle von \u00fcberm\u00e4\u00dfigem K\u00f6rpergewicht<\/li>\n<li>Unterst\u00fctzt den Fettstoffwechsel und den Erhalt der Muskelmasse<\/li>\n<li>F\u00f6rdert eine gesunde Energiebilanz und S\u00e4ttigung<\/li>\n<li>Empfohlen f\u00fcr \u00fcbergewichtige und fettleibige Katzen<\/li>\n<li>Hilft bei der Erhaltung der idealen K\u00f6rperkondition nach einer Gewichtsabnahme<\/li>\n<\/ul>\n","protected":false},"featured_media":6317,"comment_status":"open","ping_status":"closed","template":"","meta":{"_acf_changed":false},"pwb-brand":[],"product_brand":[492],"product_cat":[487,485],"product_tag":[],"class_list":{"0":"post-6315","1":"product","2":"type-product","3":"status-publish","4":"has-post-thumbnail","6":"product_brand-craftia-galena","7":"product_cat-adult-cat","8":"product_cat-cat-food","10":"first","11":"instock","12":"taxable","13":"shipping-taxable","14":"product-type-variable"},"acf":[],"brands":[],"_links":{"self":[{"href":"https:\/\/kraftiapet.com\/de\/wp-json\/wp\/v2\/product\/6315","targetHints":{"allow":["GET"]}}],"collection":[{"href":"https:\/\/kraftiapet.com\/de\/wp-json\/wp\/v2\/product"}],"about":[{"href":"https:\/\/kraftiapet.com\/de\/wp-json\/wp\/v2\/types\/product"}],"replies":[{"embeddable":true,"href":"https:\/\/kraftiapet.com\/de\/wp-json\/wp\/v2\/comments?post=6315"}],"wp:featuredmedia":[{"embeddable":true,"href":"https:\/\/kraftiapet.com\/de\/wp-json\/wp\/v2\/media\/6317"}],"wp:attachment":[{"href":"https:\/\/kraftiapet.com\/de\/wp-json\/wp\/v2\/media?parent=6315"}],"wp:term":[{"taxonomy":"pwb-brand","embeddable":true,"href":"https:\/\/kraftiapet.com\/de\/wp-json\/wp\/v2\/pwb-brand?post=6315"},{"taxonomy":"product_brand","embeddable":true,"href":"https:\/\/kraftiapet.com\/de\/wp-json\/wp\/v2\/product_brand?post=6315"},{"taxonomy":"product_cat","embeddable":true,"href":"https:\/\/kraftiapet.com\/de\/wp-json\/wp\/v2\/product_cat?post=6315"},{"taxonomy":"product_tag","embeddable":true,"href":"https:\/\/kraftiapet.com\/de\/wp-json\/wp\/v2\/product_tag?post=6315"}],"curies":[{"name":"wp","href":"https:\/\/api.w.org\/{rel}","templated":true}]}}