{"id":6322,"date":"2025-10-07T07:12:42","date_gmt":"2025-10-07T07:12:42","guid":{"rendered":"https:\/\/kraftiapet.com\/?post_type=product&#038;p=6322"},"modified":"2026-04-21T21:39:06","modified_gmt":"2026-04-21T21:39:06","slug":"dc-diabetic-care","status":"publish","type":"product","link":"https:\/\/kraftiapet.com\/de\/produkt\/dc-diabetic-care\/","title":{"rendered":"DC Diabetic Care"},"content":{"rendered":"","protected":false},"excerpt":{"rendered":"<p>DC Diabetic Care \u2013 Craftia Galena Veterinary ist ein di\u00e4tetisches Alleinfuttermittel f\u00fcr Katzen, das als Veterin\u00e4rdi\u00e4tfutter zur Behandlung von Diabetes und Glukoseregulierung entwickelt wurde. Es hilft, die Glukosezufuhr bei Katzen mit Diabetes mellitus durch ein ausgewogenes N\u00e4hrstoffprofil zu kontrollieren. Die Rezeptur zeichnet sich durch einen niedrigen Gehalt an Mono- und Disacchariden aus, wodurch ein stabiler Blutzuckerspiegel gef\u00f6rdert und das allgemeine metabolische Gleichgewicht unterst\u00fctzt wird.  <\/p>\n<p><strong>WANN GALENA DIABETIC CARE?<\/strong><\/p>\n<ul>\n<li>F\u00fcr Katzen mit Diabetes mellitus<\/li>\n<li>Hilft bei der Regulierung der Glukoseversorgung<\/li>\n<li>Unterst\u00fctzt einen stabilen Blutzuckerspiegel<\/li>\n<li>Geringer Anteil an Mono- und Disacchariden<\/li>\n<li>Empfohlen f\u00fcr die langfristige di\u00e4tetische Behandlung von diabetischen Katzen<\/li>\n<\/ul>\n","protected":false},"featured_media":6324,"comment_status":"open","ping_status":"closed","template":"","meta":{"_acf_changed":false},"pwb-brand":[],"product_brand":[492],"product_cat":[487,485],"product_tag":[],"class_list":{"0":"post-6322","1":"product","2":"type-product","3":"status-publish","4":"has-post-thumbnail","6":"product_brand-craftia-galena","7":"product_cat-adult-cat","8":"product_cat-cat-food","10":"first","11":"instock","12":"taxable","13":"shipping-taxable","14":"product-type-variable"},"acf":[],"brands":[],"_links":{"self":[{"href":"https:\/\/kraftiapet.com\/de\/wp-json\/wp\/v2\/product\/6322","targetHints":{"allow":["GET"]}}],"collection":[{"href":"https:\/\/kraftiapet.com\/de\/wp-json\/wp\/v2\/product"}],"about":[{"href":"https:\/\/kraftiapet.com\/de\/wp-json\/wp\/v2\/types\/product"}],"replies":[{"embeddable":true,"href":"https:\/\/kraftiapet.com\/de\/wp-json\/wp\/v2\/comments?post=6322"}],"wp:featuredmedia":[{"embeddable":true,"href":"https:\/\/kraftiapet.com\/de\/wp-json\/wp\/v2\/media\/6324"}],"wp:attachment":[{"href":"https:\/\/kraftiapet.com\/de\/wp-json\/wp\/v2\/media?parent=6322"}],"wp:term":[{"taxonomy":"pwb-brand","embeddable":true,"href":"https:\/\/kraftiapet.com\/de\/wp-json\/wp\/v2\/pwb-brand?post=6322"},{"taxonomy":"product_brand","embeddable":true,"href":"https:\/\/kraftiapet.com\/de\/wp-json\/wp\/v2\/product_brand?post=6322"},{"taxonomy":"product_cat","embeddable":true,"href":"https:\/\/kraftiapet.com\/de\/wp-json\/wp\/v2\/product_cat?post=6322"},{"taxonomy":"product_tag","embeddable":true,"href":"https:\/\/kraftiapet.com\/de\/wp-json\/wp\/v2\/product_tag?post=6322"}],"curies":[{"name":"wp","href":"https:\/\/api.w.org\/{rel}","templated":true}]}}