{"id":6323,"date":"2025-10-06T11:58:33","date_gmt":"2025-10-06T11:58:33","guid":{"rendered":"https:\/\/kraftiapet.com\/?post_type=product&#038;p=6323"},"modified":"2026-04-21T21:39:08","modified_gmt":"2026-04-21T21:39:08","slug":"gc-gastrointestinal-care-2","status":"publish","type":"product","link":"https:\/\/kraftiapet.com\/de\/produkt\/gc-gastrointestinal-care-2\/","title":{"rendered":"GC Gastrointestinal Care"},"content":{"rendered":"","protected":false},"excerpt":{"rendered":"<p>&lt;Craftia Galena Veterinary ist ein di\u00e4tetisches Alleinfuttermittel f\u00fcr Katzen, das als Veterin\u00e4rdi\u00e4tfutter zur Unterst\u00fctzung der Verdauung und zur Magen-Darm-Pflege formuliert wurde. Es zielt auf die Verringerung von Resorptionsst\u00f6rungen des Darms und den Ausgleich f\u00fcr Maldigestion und exokrine Pankreasinsuffizienz ab. Die Rezeptur enth\u00e4lt hochverdauliche Zutaten mit einem erh\u00f6hten Natrium- und Kaliumgehalt, um den Elektrolythaushalt zu stabilisieren, die Erholung des Darms zu unterst\u00fctzen und die N\u00e4hrstoffaufnahme zu verbessern.  &lt;\/p&gt;<br \/>\n&lt;p&gt;&lt;strong&gt;WANN GALENA GASTROINTESTINAL PFLEGE?&lt;\/strong&gt;&lt;\/p&gt;<br \/>\n&lt;ul&gt;<br \/>\n&lt;li&gt;Zur Verringerung von Resorptionsst\u00f6rungen des Darms&lt;\/li&gt;<br \/>\n&lt;li&gt;Als Ausgleich f\u00fcr Maldigestion oder Pankreasinsuffizienz&lt;\/li&gt;<br \/>\n&lt;li&gt;Unterst\u00fctzt die Verdauungsleistung und N\u00e4hrstoffaufnahme&lt;\/li&gt;<br \/>\n&lt;li&gt;Erh\u00f6ht die Elektrolytstabilit\u00e4t mit Natrium und Kalium&lt;\/li&gt;<br \/>\n&lt;li&gt;Empfohlen f\u00fcr Katzen mit chronischen oder akuten gastrointestinalen Problemen&lt;\/li&gt;<br \/>\n&lt;\/ul&gt;<\/p>\n","protected":false},"featured_media":6325,"comment_status":"open","ping_status":"closed","template":"","meta":{"_acf_changed":false},"pwb-brand":[],"product_brand":[492],"product_cat":[487,485],"product_tag":[],"class_list":{"0":"post-6323","1":"product","2":"type-product","3":"status-publish","4":"has-post-thumbnail","6":"product_brand-craftia-galena","7":"product_cat-adult-cat","8":"product_cat-cat-food","10":"first","11":"instock","12":"taxable","13":"shipping-taxable","14":"product-type-variable"},"acf":[],"brands":[],"_links":{"self":[{"href":"https:\/\/kraftiapet.com\/de\/wp-json\/wp\/v2\/product\/6323","targetHints":{"allow":["GET"]}}],"collection":[{"href":"https:\/\/kraftiapet.com\/de\/wp-json\/wp\/v2\/product"}],"about":[{"href":"https:\/\/kraftiapet.com\/de\/wp-json\/wp\/v2\/types\/product"}],"replies":[{"embeddable":true,"href":"https:\/\/kraftiapet.com\/de\/wp-json\/wp\/v2\/comments?post=6323"}],"wp:featuredmedia":[{"embeddable":true,"href":"https:\/\/kraftiapet.com\/de\/wp-json\/wp\/v2\/media\/6325"}],"wp:attachment":[{"href":"https:\/\/kraftiapet.com\/de\/wp-json\/wp\/v2\/media?parent=6323"}],"wp:term":[{"taxonomy":"pwb-brand","embeddable":true,"href":"https:\/\/kraftiapet.com\/de\/wp-json\/wp\/v2\/pwb-brand?post=6323"},{"taxonomy":"product_brand","embeddable":true,"href":"https:\/\/kraftiapet.com\/de\/wp-json\/wp\/v2\/product_brand?post=6323"},{"taxonomy":"product_cat","embeddable":true,"href":"https:\/\/kraftiapet.com\/de\/wp-json\/wp\/v2\/product_cat?post=6323"},{"taxonomy":"product_tag","embeddable":true,"href":"https:\/\/kraftiapet.com\/de\/wp-json\/wp\/v2\/product_tag?post=6323"}],"curies":[{"name":"wp","href":"https:\/\/api.w.org\/{rel}","templated":true}]}}