{"id":6330,"date":"2025-10-07T10:32:58","date_gmt":"2025-10-07T10:32:58","guid":{"rendered":"https:\/\/kraftiapet.com\/?post_type=product&#038;p=6330"},"modified":"2026-04-21T21:39:05","modified_gmt":"2026-04-21T21:39:05","slug":"jc-joint-mobility-care","status":"publish","type":"product","link":"https:\/\/kraftiapet.com\/de\/produkt\/jc-joint-mobility-care\/","title":{"rendered":"JC Joint &amp; Mobility Care"},"content":{"rendered":"","protected":false},"excerpt":{"rendered":"<p>JC Joint &amp; Mobility Care \u2013 Galena Veterinary ist ein di\u00e4tetisches Alleinfuttermittel f\u00fcr ausgewachsene Hunde, das als Veterin\u00e4rdi\u00e4tfutter zur Unterst\u00fctzung der Gelenke und der Mobilit\u00e4t formuliert wurde. Es tr\u00e4gt zur Aufrechterhaltung des Gelenkstoffwechsels bei Osteoarthritis bei und unterst\u00fctzt die Beweglichkeit, die Knorpelregeneration und die allgemeine Gelenkgesundheit. Ideal f\u00fcr erwachsene und \u00e4ltere Hunde, die aufgrund von Alter oder Gelenkbelastung unter Steifheit oder eingeschr\u00e4nkter Mobilit\u00e4t leiden.  <\/p>\n<p><strong>WANN GALENA JOINT &amp; MOBILITY CARE?<\/strong><\/p>\n<ul>\n<li>Unterst\u00fctzt den Gelenkstoffwechsel bei Osteoarthritis<\/li>\n<li>F\u00f6rdert die Knorpelregeneration und Flexibilit\u00e4t<\/li>\n<li>Verbessert die Mobilit\u00e4t und das Wohlbefinden bei erwachsenen Hunden<\/li>\n<li>Empfohlen f\u00fcr Hunde mit Gelenksteifheit oder -schmerzen<\/li>\n<li>Hilft, die Gesundheit und Mobilit\u00e4t der Gelenke langfristig zu erhalten<\/li>\n<\/ul>\n","protected":false},"featured_media":6332,"comment_status":"open","ping_status":"closed","template":"","meta":{"_acf_changed":false},"pwb-brand":[],"product_brand":[492],"product_cat":[472,470],"product_tag":[],"class_list":{"0":"post-6330","1":"product","2":"type-product","3":"status-publish","4":"has-post-thumbnail","6":"product_brand-craftia-galena","7":"product_cat-adult-dog","8":"product_cat-dog-food","10":"first","11":"instock","12":"taxable","13":"shipping-taxable","14":"product-type-variable"},"acf":[],"brands":[],"_links":{"self":[{"href":"https:\/\/kraftiapet.com\/de\/wp-json\/wp\/v2\/product\/6330","targetHints":{"allow":["GET"]}}],"collection":[{"href":"https:\/\/kraftiapet.com\/de\/wp-json\/wp\/v2\/product"}],"about":[{"href":"https:\/\/kraftiapet.com\/de\/wp-json\/wp\/v2\/types\/product"}],"replies":[{"embeddable":true,"href":"https:\/\/kraftiapet.com\/de\/wp-json\/wp\/v2\/comments?post=6330"}],"wp:featuredmedia":[{"embeddable":true,"href":"https:\/\/kraftiapet.com\/de\/wp-json\/wp\/v2\/media\/6332"}],"wp:attachment":[{"href":"https:\/\/kraftiapet.com\/de\/wp-json\/wp\/v2\/media?parent=6330"}],"wp:term":[{"taxonomy":"pwb-brand","embeddable":true,"href":"https:\/\/kraftiapet.com\/de\/wp-json\/wp\/v2\/pwb-brand?post=6330"},{"taxonomy":"product_brand","embeddable":true,"href":"https:\/\/kraftiapet.com\/de\/wp-json\/wp\/v2\/product_brand?post=6330"},{"taxonomy":"product_cat","embeddable":true,"href":"https:\/\/kraftiapet.com\/de\/wp-json\/wp\/v2\/product_cat?post=6330"},{"taxonomy":"product_tag","embeddable":true,"href":"https:\/\/kraftiapet.com\/de\/wp-json\/wp\/v2\/product_tag?post=6330"}],"curies":[{"name":"wp","href":"https:\/\/api.w.org\/{rel}","templated":true}]}}