{"id":6338,"date":"2025-10-07T11:03:31","date_gmt":"2025-10-07T11:03:31","guid":{"rendered":"https:\/\/kraftiapet.com\/?post_type=product&#038;p=6338"},"modified":"2026-04-21T21:39:05","modified_gmt":"2026-04-21T21:39:05","slug":"rcc-recovery-convalescence-care","status":"publish","type":"product","link":"https:\/\/kraftiapet.com\/de\/produkt\/rcc-recovery-convalescence-care\/","title":{"rendered":"RCC Recovery &amp; Convalescence Care"},"content":{"rendered":"","protected":false},"excerpt":{"rendered":"<p>RCC Recovery &amp; Convalescence Care \u2013 Galena Veterinary ist ein di\u00e4tetisches Alleinfuttermittel f\u00fcr Hunde, das als Veterin\u00e4rdi\u00e4tfutter zur Genesung und Rekonvaleszenz formuliert wurde. Zur Unterst\u00fctzung der N\u00e4hrstoffversorgung bietet diese Rezeptur eine hohe Energiedichte, erh\u00f6hte Konzentrationen an essentiellen N\u00e4hrstoffen und leicht verdauliche Zutaten. Sie hilft Hunden bei der Wiederherstellung von Kraft, Appetit und Vitalit\u00e4t w\u00e4hrend der Genesung nach einer Krankheit, einer Operation oder einer Schw\u00e4chephase.  <\/p>\n<p><strong>WANN GALENA GENESUNG &amp; REKONVALESZENZPFLEGE?<\/strong><\/p>\n<ul>\n<li>Zur Wiederherstellung der N\u00e4hrstoffversorgung w\u00e4hrend der Genesung<\/li>\n<li>Unterst\u00fctzt die Genesung nach Operationen und Krankheiten<\/li>\n<li>Hochenergetische und n\u00e4hrstoffreiche Formel<\/li>\n<li>Hilft, Appetit und Vitalit\u00e4t zu verbessern<\/li>\n<li>Ideal f\u00fcr Hunde in der Rekonvaleszenz oder bei Untergewicht<\/li>\n<\/ul>\n","protected":false},"featured_media":6340,"comment_status":"open","ping_status":"closed","template":"","meta":{"_acf_changed":false},"pwb-brand":[],"product_brand":[492],"product_cat":[472,470],"product_tag":[],"class_list":{"0":"post-6338","1":"product","2":"type-product","3":"status-publish","4":"has-post-thumbnail","6":"product_brand-craftia-galena","7":"product_cat-adult-dog","8":"product_cat-dog-food","10":"first","11":"instock","12":"taxable","13":"shipping-taxable","14":"product-type-variable"},"acf":[],"brands":[],"_links":{"self":[{"href":"https:\/\/kraftiapet.com\/de\/wp-json\/wp\/v2\/product\/6338","targetHints":{"allow":["GET"]}}],"collection":[{"href":"https:\/\/kraftiapet.com\/de\/wp-json\/wp\/v2\/product"}],"about":[{"href":"https:\/\/kraftiapet.com\/de\/wp-json\/wp\/v2\/types\/product"}],"replies":[{"embeddable":true,"href":"https:\/\/kraftiapet.com\/de\/wp-json\/wp\/v2\/comments?post=6338"}],"wp:featuredmedia":[{"embeddable":true,"href":"https:\/\/kraftiapet.com\/de\/wp-json\/wp\/v2\/media\/6340"}],"wp:attachment":[{"href":"https:\/\/kraftiapet.com\/de\/wp-json\/wp\/v2\/media?parent=6338"}],"wp:term":[{"taxonomy":"pwb-brand","embeddable":true,"href":"https:\/\/kraftiapet.com\/de\/wp-json\/wp\/v2\/pwb-brand?post=6338"},{"taxonomy":"product_brand","embeddable":true,"href":"https:\/\/kraftiapet.com\/de\/wp-json\/wp\/v2\/product_brand?post=6338"},{"taxonomy":"product_cat","embeddable":true,"href":"https:\/\/kraftiapet.com\/de\/wp-json\/wp\/v2\/product_cat?post=6338"},{"taxonomy":"product_tag","embeddable":true,"href":"https:\/\/kraftiapet.com\/de\/wp-json\/wp\/v2\/product_tag?post=6338"}],"curies":[{"name":"wp","href":"https:\/\/api.w.org\/{rel}","templated":true}]}}