{"id":6339,"date":"2025-10-06T12:22:23","date_gmt":"2025-10-06T12:22:23","guid":{"rendered":"https:\/\/kraftiapet.com\/?post_type=product&#038;p=6339"},"modified":"2026-04-21T21:39:07","modified_gmt":"2026-04-21T21:39:07","slug":"rcc-recovery-convalescence-care-2","status":"publish","type":"product","link":"https:\/\/kraftiapet.com\/de\/produkt\/rcc-recovery-convalescence-care-2\/","title":{"rendered":"RCC Recovery &amp; Convalescence Care"},"content":{"rendered":"","protected":false},"excerpt":{"rendered":"<p>RCC Recovery &amp; Convalescence Care \u2013 Craftia Galena Veterinary ist ein di\u00e4tetisches Alleinfuttermittel f\u00fcr Katzen, das als Veterin\u00e4rdi\u00e4tfutter f\u00fcr die Genesung und Rekonvaleszenz entwickelt wurde. Es unterst\u00fctzt die Wiederherstellung der Ern\u00e4hrung w\u00e4hrend Krankheit, Operation oder Genesung durch eine hohe Energiedichte, essentielle N\u00e4hrstoffe und leicht verdauliche Zutaten. Die Rezeptur hilft, den Appetit wiederherzustellen, die Geweberegeneration zu f\u00f6rdern und die metabolische Erholung bei geschw\u00e4chten oder unterern\u00e4hrten Katzen zu unterst\u00fctzen.  <\/p>\n<p><strong>WANN GALENA GENESUNG &amp; REKONVALESZENZPFLEGE?<\/strong><\/p>\n<ul>\n<li>Zur Wiederherstellung der N\u00e4hrstoffversorgung nach Krankheit oder Operation<\/li>\n<li>Unterst\u00fctzt die Rekonvaleszenz und die Wiederherstellung der Vitalit\u00e4t<\/li>\n<li>Hochenergetische und n\u00e4hrstoffreiche Formulierung<\/li>\n<li>Stimuliert den Appetit und die Vitalit\u00e4t<\/li>\n<li>Empfohlen f\u00fcr geschw\u00e4chte oder untergewichtige Katzen<\/li>\n<\/ul>\n","protected":false},"featured_media":6341,"comment_status":"open","ping_status":"closed","template":"","meta":{"_acf_changed":false},"pwb-brand":[],"product_brand":[492],"product_cat":[487,485],"product_tag":[],"class_list":{"0":"post-6339","1":"product","2":"type-product","3":"status-publish","4":"has-post-thumbnail","6":"product_brand-craftia-galena","7":"product_cat-adult-cat","8":"product_cat-cat-food","10":"first","11":"instock","12":"taxable","13":"shipping-taxable","14":"product-type-variable"},"acf":[],"brands":[],"_links":{"self":[{"href":"https:\/\/kraftiapet.com\/de\/wp-json\/wp\/v2\/product\/6339","targetHints":{"allow":["GET"]}}],"collection":[{"href":"https:\/\/kraftiapet.com\/de\/wp-json\/wp\/v2\/product"}],"about":[{"href":"https:\/\/kraftiapet.com\/de\/wp-json\/wp\/v2\/types\/product"}],"replies":[{"embeddable":true,"href":"https:\/\/kraftiapet.com\/de\/wp-json\/wp\/v2\/comments?post=6339"}],"wp:featuredmedia":[{"embeddable":true,"href":"https:\/\/kraftiapet.com\/de\/wp-json\/wp\/v2\/media\/6341"}],"wp:attachment":[{"href":"https:\/\/kraftiapet.com\/de\/wp-json\/wp\/v2\/media?parent=6339"}],"wp:term":[{"taxonomy":"pwb-brand","embeddable":true,"href":"https:\/\/kraftiapet.com\/de\/wp-json\/wp\/v2\/pwb-brand?post=6339"},{"taxonomy":"product_brand","embeddable":true,"href":"https:\/\/kraftiapet.com\/de\/wp-json\/wp\/v2\/product_brand?post=6339"},{"taxonomy":"product_cat","embeddable":true,"href":"https:\/\/kraftiapet.com\/de\/wp-json\/wp\/v2\/product_cat?post=6339"},{"taxonomy":"product_tag","embeddable":true,"href":"https:\/\/kraftiapet.com\/de\/wp-json\/wp\/v2\/product_tag?post=6339"}],"curies":[{"name":"wp","href":"https:\/\/api.w.org\/{rel}","templated":true}]}}