{"id":6346,"date":"2025-10-06T12:29:44","date_gmt":"2025-10-06T12:29:44","guid":{"rendered":"https:\/\/kraftiapet.com\/?post_type=product&#038;p=6346"},"modified":"2026-04-21T21:39:07","modified_gmt":"2026-04-21T21:39:07","slug":"hdc-hypoallergenic-derm-care-2","status":"publish","type":"product","link":"https:\/\/kraftiapet.com\/de\/produkt\/hdc-hypoallergenic-derm-care-2\/","title":{"rendered":"HDC Hypoallergenic Derm Care"},"content":{"rendered":"","protected":false},"excerpt":{"rendered":"<p>HDC Hypoallergenic Derm Care \u2013 Craftia Galena Veterinary ist ein di\u00e4tetisches Alleinfuttermittel f\u00fcr Katzen, das als Veterin\u00e4rdi\u00e4tfutter bei Hautallergien und Dermatosen entwickelt wurde. Es unterst\u00fctzt die Hautfunktion bei Dermatosen und \u00fcberm\u00e4\u00dfigem Haarausfall und hilft, Futter- und N\u00e4hrstoffunvertr\u00e4glichkeiten zu reduzieren. Die Formel enth\u00e4lt einen hohen Anteil an Linols\u00e4ure (LA), Eicosapentaens\u00e4ure (EPA) und Docosahexaens\u00e4ure (DHA), um die Haut zu n\u00e4hren, die Fellqualit\u00e4t zu verbessern und die nat\u00fcrliche Schutzbarriere zu erhalten.  <\/p>\n<p><strong>WANN IST GALENA HYPOALLERGENE HAUTPFLEGE?<\/strong><\/p>\n<ul>\n<li>F\u00fcr Katzen mit Futter- und N\u00e4hrstoffunvertr\u00e4glichkeiten<\/li>\n<li>Bei Dermatosen oder \u00fcberm\u00e4\u00dfigem Haarausfall<\/li>\n<li>Unterst\u00fctzt die gesunde Regeneration der Haut<\/li>\n<li>Hilft, Juckreiz und Irritationen zu lindern<\/li>\n<li>F\u00f6rdert ein gl\u00e4nzendes und gesundes Fell<\/li>\n<li>Empfohlen f\u00fcr Katzen, die zu allergischen Hautreaktionen neigen<\/li>\n<\/ul>\n","protected":false},"featured_media":6347,"comment_status":"open","ping_status":"closed","template":"","meta":{"_acf_changed":false},"pwb-brand":[],"product_brand":[492],"product_cat":[487,485],"product_tag":[],"class_list":{"0":"post-6346","1":"product","2":"type-product","3":"status-publish","4":"has-post-thumbnail","6":"product_brand-craftia-galena","7":"product_cat-adult-cat","8":"product_cat-cat-food","10":"first","11":"instock","12":"taxable","13":"shipping-taxable","14":"product-type-variable"},"acf":[],"brands":[],"_links":{"self":[{"href":"https:\/\/kraftiapet.com\/de\/wp-json\/wp\/v2\/product\/6346","targetHints":{"allow":["GET"]}}],"collection":[{"href":"https:\/\/kraftiapet.com\/de\/wp-json\/wp\/v2\/product"}],"about":[{"href":"https:\/\/kraftiapet.com\/de\/wp-json\/wp\/v2\/types\/product"}],"replies":[{"embeddable":true,"href":"https:\/\/kraftiapet.com\/de\/wp-json\/wp\/v2\/comments?post=6346"}],"wp:featuredmedia":[{"embeddable":true,"href":"https:\/\/kraftiapet.com\/de\/wp-json\/wp\/v2\/media\/6347"}],"wp:attachment":[{"href":"https:\/\/kraftiapet.com\/de\/wp-json\/wp\/v2\/media?parent=6346"}],"wp:term":[{"taxonomy":"pwb-brand","embeddable":true,"href":"https:\/\/kraftiapet.com\/de\/wp-json\/wp\/v2\/pwb-brand?post=6346"},{"taxonomy":"product_brand","embeddable":true,"href":"https:\/\/kraftiapet.com\/de\/wp-json\/wp\/v2\/product_brand?post=6346"},{"taxonomy":"product_cat","embeddable":true,"href":"https:\/\/kraftiapet.com\/de\/wp-json\/wp\/v2\/product_cat?post=6346"},{"taxonomy":"product_tag","embeddable":true,"href":"https:\/\/kraftiapet.com\/de\/wp-json\/wp\/v2\/product_tag?post=6346"}],"curies":[{"name":"wp","href":"https:\/\/api.w.org\/{rel}","templated":true}]}}