{"id":6350,"date":"2025-10-07T06:57:56","date_gmt":"2025-10-07T06:57:56","guid":{"rendered":"https:\/\/kraftiapet.com\/?post_type=product&#038;p=6350"},"modified":"2026-04-21T21:39:06","modified_gmt":"2026-04-21T21:39:06","slug":"ur-urinary-care","status":"publish","type":"product","link":"https:\/\/kraftiapet.com\/de\/produkt\/ur-urinary-care\/","title":{"rendered":"UR Urinary Care"},"content":{"rendered":"","protected":false},"excerpt":{"rendered":"<p>UR Urinary Care \u2013 Craftia Galena Veterinary ist ein di\u00e4tetisches Alleinfuttermittel f\u00fcr Katzen, das als Veterin\u00e4rdi\u00e4tfutter zur Harnpflege und Struvitpr\u00e4vention entwickelt wurde. Es zielt auf die Aufl\u00f6sung von Struvitsteinen, die Verringerung des Wiederauftretens von Steinen und die Behandlung von Erkrankungen der unteren Harnwege bei Katzen (FLUTD) ab. Diese Rezeptur hat harnans\u00e4uernde Eigenschaften und einen niedrigen Magnesiumgehalt, um die Gesundheit der Harnwege zu erhalten, die Bildung von Kristallen zu verhindern und die allgemeine Blasenfunktion zu unterst\u00fctzen.  <\/p>\n<p><strong>WANN GALENA URINPFLEGE?<\/strong><\/p>\n<ul>\n<li>Zur Aufl\u00f6sung von Struvitsteinen<\/li>\n<li>Reduziert das Wiederauftreten von Harnsteinen<\/li>\n<li>Unterst\u00fctzt die Behandlung von Erkrankungen des unteren Harntrakts bei Katzen (FLUTD)<\/li>\n<li>Harnans\u00e4uernde Eigenschaften f\u00f6rdern das optimale pH-Gleichgewicht<\/li>\n<li>Der niedrige Magnesiumgehalt hilft, die Bildung von Kristallen zu verhindern<\/li>\n<li>Empfohlen f\u00fcr Katzen, die zu Harnwegserkrankungen oder wiederkehrenden Blasenentz\u00fcndungen neigen<\/li>\n<\/ul>\n","protected":false},"featured_media":6351,"comment_status":"open","ping_status":"closed","template":"","meta":{"_acf_changed":false},"pwb-brand":[],"product_brand":[492],"product_cat":[487,485],"product_tag":[],"class_list":{"0":"post-6350","1":"product","2":"type-product","3":"status-publish","4":"has-post-thumbnail","6":"product_brand-craftia-galena","7":"product_cat-adult-cat","8":"product_cat-cat-food","10":"first","11":"instock","12":"taxable","13":"shipping-taxable","14":"product-type-variable"},"acf":[],"brands":[],"_links":{"self":[{"href":"https:\/\/kraftiapet.com\/de\/wp-json\/wp\/v2\/product\/6350","targetHints":{"allow":["GET"]}}],"collection":[{"href":"https:\/\/kraftiapet.com\/de\/wp-json\/wp\/v2\/product"}],"about":[{"href":"https:\/\/kraftiapet.com\/de\/wp-json\/wp\/v2\/types\/product"}],"replies":[{"embeddable":true,"href":"https:\/\/kraftiapet.com\/de\/wp-json\/wp\/v2\/comments?post=6350"}],"wp:featuredmedia":[{"embeddable":true,"href":"https:\/\/kraftiapet.com\/de\/wp-json\/wp\/v2\/media\/6351"}],"wp:attachment":[{"href":"https:\/\/kraftiapet.com\/de\/wp-json\/wp\/v2\/media?parent=6350"}],"wp:term":[{"taxonomy":"pwb-brand","embeddable":true,"href":"https:\/\/kraftiapet.com\/de\/wp-json\/wp\/v2\/pwb-brand?post=6350"},{"taxonomy":"product_brand","embeddable":true,"href":"https:\/\/kraftiapet.com\/de\/wp-json\/wp\/v2\/product_brand?post=6350"},{"taxonomy":"product_cat","embeddable":true,"href":"https:\/\/kraftiapet.com\/de\/wp-json\/wp\/v2\/product_cat?post=6350"},{"taxonomy":"product_tag","embeddable":true,"href":"https:\/\/kraftiapet.com\/de\/wp-json\/wp\/v2\/product_tag?post=6350"}],"curies":[{"name":"wp","href":"https:\/\/api.w.org\/{rel}","templated":true}]}}