{"id":6379,"date":"2025-09-26T12:43:59","date_gmt":"2025-09-26T12:43:59","guid":{"rendered":"https:\/\/kraftiapet.com\/?post_type=product&#038;p=6379"},"modified":"2026-04-21T21:48:15","modified_gmt":"2026-04-21T21:48:15","slug":"lamb-with-venison-fuer-sterilisierte-katzen","status":"publish","type":"product","link":"https:\/\/kraftiapet.com\/de\/produkt\/lamb-with-venison-fuer-sterilisierte-katzen\/","title":{"rendered":"Lamb with Venison &#8211; f\u00fcr sterilisierte Katzen"},"content":{"rendered":"","protected":false},"excerpt":{"rendered":"<p>Craftia Harmona Lamb with Venison ist ein Premium-Trockenfutter f\u00fcr sterilisierte Katzen mit Lamm und Wildfleisch. Mit hochwertigem Lamm- und Wildfleisch als Hauptproteinquellen tr\u00e4gt es zur Erhaltung der Muskelmasse und eines gesunden Gewichts bei. Angereichert mit Vitaminen, Mineralien und nat\u00fcrlichen Ballaststoffen zur Unterst\u00fctzung der Verdauung, des Immunsystems und der Gesundheit der Harnwege \u2013 ganz ohne k\u00fcnstliche Zusatzstoffe.  <\/p>\n","protected":false},"featured_media":6380,"comment_status":"open","ping_status":"closed","template":"","meta":{"_acf_changed":false},"pwb-brand":[],"product_brand":[498],"product_cat":[487,485],"product_tag":[],"class_list":{"0":"post-6379","1":"product","2":"type-product","3":"status-publish","4":"has-post-thumbnail","6":"product_brand-craftia-harmona","7":"product_cat-adult-cat","8":"product_cat-cat-food","10":"first","11":"instock","12":"taxable","13":"shipping-taxable","14":"product-type-variable"},"acf":[],"brands":[],"_links":{"self":[{"href":"https:\/\/kraftiapet.com\/de\/wp-json\/wp\/v2\/product\/6379","targetHints":{"allow":["GET"]}}],"collection":[{"href":"https:\/\/kraftiapet.com\/de\/wp-json\/wp\/v2\/product"}],"about":[{"href":"https:\/\/kraftiapet.com\/de\/wp-json\/wp\/v2\/types\/product"}],"replies":[{"embeddable":true,"href":"https:\/\/kraftiapet.com\/de\/wp-json\/wp\/v2\/comments?post=6379"}],"wp:featuredmedia":[{"embeddable":true,"href":"https:\/\/kraftiapet.com\/de\/wp-json\/wp\/v2\/media\/6380"}],"wp:attachment":[{"href":"https:\/\/kraftiapet.com\/de\/wp-json\/wp\/v2\/media?parent=6379"}],"wp:term":[{"taxonomy":"pwb-brand","embeddable":true,"href":"https:\/\/kraftiapet.com\/de\/wp-json\/wp\/v2\/pwb-brand?post=6379"},{"taxonomy":"product_brand","embeddable":true,"href":"https:\/\/kraftiapet.com\/de\/wp-json\/wp\/v2\/product_brand?post=6379"},{"taxonomy":"product_cat","embeddable":true,"href":"https:\/\/kraftiapet.com\/de\/wp-json\/wp\/v2\/product_cat?post=6379"},{"taxonomy":"product_tag","embeddable":true,"href":"https:\/\/kraftiapet.com\/de\/wp-json\/wp\/v2\/product_tag?post=6379"}],"curies":[{"name":"wp","href":"https:\/\/api.w.org\/{rel}","templated":true}]}}