{"id":6384,"date":"2025-09-29T09:38:41","date_gmt":"2025-09-29T09:38:41","guid":{"rendered":"https:\/\/kraftiapet.com\/?post_type=product&#038;p=6384"},"modified":"2026-04-21T21:35:12","modified_gmt":"2026-04-21T21:35:12","slug":"huhn-pute","status":"publish","type":"product","link":"https:\/\/kraftiapet.com\/de\/produkt\/huhn-pute\/","title":{"rendered":"Huhn &amp; Pute"},"content":{"rendered":"","protected":false},"excerpt":{"rendered":"<p>Craftia Natura Chicken &amp; Turkey ist ein Premium-Naturfutter f\u00fcr Welpen kleiner und Toy-Rassen mit Huhn und Pute. Huhn und Pute bilden eine ideale Kombination und liefern ein ausgewogenes Verh\u00e4ltnis an hochwertigem Protein. Zusammen mit Glucosamin und Chondroitin unterst\u00fctzen sie starke Muskeln, stabile Knochen und gesunde Gelenke \u2013 f\u00fcr einen vitalen, gesunden Hund voller nat\u00fcrlicher Energie, aber ohne \u00fcberfl\u00fcssige Kalorien.  <\/p>\n","protected":false},"featured_media":6386,"comment_status":"open","ping_status":"closed","template":"","meta":{"_acf_changed":false},"pwb-brand":[],"product_brand":[502],"product_cat":[470,471],"product_tag":[],"class_list":{"0":"post-6384","1":"product","2":"type-product","3":"status-publish","4":"has-post-thumbnail","6":"product_brand-craftia-natura","7":"product_cat-dog-food","8":"product_cat-puppy","10":"first","11":"instock","12":"taxable","13":"shipping-taxable","14":"product-type-variable"},"acf":[],"brands":[],"_links":{"self":[{"href":"https:\/\/kraftiapet.com\/de\/wp-json\/wp\/v2\/product\/6384","targetHints":{"allow":["GET"]}}],"collection":[{"href":"https:\/\/kraftiapet.com\/de\/wp-json\/wp\/v2\/product"}],"about":[{"href":"https:\/\/kraftiapet.com\/de\/wp-json\/wp\/v2\/types\/product"}],"replies":[{"embeddable":true,"href":"https:\/\/kraftiapet.com\/de\/wp-json\/wp\/v2\/comments?post=6384"}],"wp:featuredmedia":[{"embeddable":true,"href":"https:\/\/kraftiapet.com\/de\/wp-json\/wp\/v2\/media\/6386"}],"wp:attachment":[{"href":"https:\/\/kraftiapet.com\/de\/wp-json\/wp\/v2\/media?parent=6384"}],"wp:term":[{"taxonomy":"pwb-brand","embeddable":true,"href":"https:\/\/kraftiapet.com\/de\/wp-json\/wp\/v2\/pwb-brand?post=6384"},{"taxonomy":"product_brand","embeddable":true,"href":"https:\/\/kraftiapet.com\/de\/wp-json\/wp\/v2\/product_brand?post=6384"},{"taxonomy":"product_cat","embeddable":true,"href":"https:\/\/kraftiapet.com\/de\/wp-json\/wp\/v2\/product_cat?post=6384"},{"taxonomy":"product_tag","embeddable":true,"href":"https:\/\/kraftiapet.com\/de\/wp-json\/wp\/v2\/product_tag?post=6384"}],"curies":[{"name":"wp","href":"https:\/\/api.w.org\/{rel}","templated":true}]}}