{"id":6404,"date":"2025-09-29T11:06:42","date_gmt":"2025-09-29T11:06:42","guid":{"rendered":"https:\/\/kraftiapet.com\/?post_type=product&#038;p=6404"},"modified":"2026-04-21T21:35:12","modified_gmt":"2026-04-21T21:35:12","slug":"lamb-with-quail-3","status":"publish","type":"product","link":"https:\/\/kraftiapet.com\/de\/produkt\/lamb-with-quail-3\/","title":{"rendered":"Lamb with Quail"},"content":{"rendered":"","protected":false},"excerpt":{"rendered":"<p>Craftia Natura Lamm mit Wachtel ist ein Premium-Naturfutter f\u00fcr kleine und Toy-Rassen mit Lamm und Wachtel. Grasgef\u00fcttertes Lamm und Wachtel bilden eine ideale Kombination und liefern eine nat\u00fcrliche, hypoallergene Rezeptur, die reich an leicht verdaulichem Protein und essenziellen N\u00e4hrstoffen ist. Sie unterst\u00fctzen eine gesunde Entwicklung und ein starkes Immunsystem.  <\/p>\n","protected":false},"featured_media":6407,"comment_status":"open","ping_status":"closed","template":"","meta":{"_acf_changed":false},"pwb-brand":[],"product_brand":[502],"product_cat":[472,470],"product_tag":[],"class_list":{"0":"post-6404","1":"product","2":"type-product","3":"status-publish","4":"has-post-thumbnail","6":"product_brand-craftia-natura","7":"product_cat-adult-dog","8":"product_cat-dog-food","10":"first","11":"instock","12":"taxable","13":"shipping-taxable","14":"product-type-variable"},"acf":[],"brands":[],"_links":{"self":[{"href":"https:\/\/kraftiapet.com\/de\/wp-json\/wp\/v2\/product\/6404","targetHints":{"allow":["GET"]}}],"collection":[{"href":"https:\/\/kraftiapet.com\/de\/wp-json\/wp\/v2\/product"}],"about":[{"href":"https:\/\/kraftiapet.com\/de\/wp-json\/wp\/v2\/types\/product"}],"replies":[{"embeddable":true,"href":"https:\/\/kraftiapet.com\/de\/wp-json\/wp\/v2\/comments?post=6404"}],"wp:featuredmedia":[{"embeddable":true,"href":"https:\/\/kraftiapet.com\/de\/wp-json\/wp\/v2\/media\/6407"}],"wp:attachment":[{"href":"https:\/\/kraftiapet.com\/de\/wp-json\/wp\/v2\/media?parent=6404"}],"wp:term":[{"taxonomy":"pwb-brand","embeddable":true,"href":"https:\/\/kraftiapet.com\/de\/wp-json\/wp\/v2\/pwb-brand?post=6404"},{"taxonomy":"product_brand","embeddable":true,"href":"https:\/\/kraftiapet.com\/de\/wp-json\/wp\/v2\/product_brand?post=6404"},{"taxonomy":"product_cat","embeddable":true,"href":"https:\/\/kraftiapet.com\/de\/wp-json\/wp\/v2\/product_cat?post=6404"},{"taxonomy":"product_tag","embeddable":true,"href":"https:\/\/kraftiapet.com\/de\/wp-json\/wp\/v2\/product_tag?post=6404"}],"curies":[{"name":"wp","href":"https:\/\/api.w.org\/{rel}","templated":true}]}}