{"id":6415,"date":"2025-09-29T12:39:53","date_gmt":"2025-09-29T12:39:53","guid":{"rendered":"https:\/\/kraftiapet.com\/?post_type=product&#038;p=6415"},"modified":"2026-04-21T21:35:10","modified_gmt":"2026-04-21T21:35:10","slug":"salmon-herring","status":"publish","type":"product","link":"https:\/\/kraftiapet.com\/de\/produkt\/salmon-herring\/","title":{"rendered":"Salmon &amp; Herring"},"content":{"rendered":"","protected":false},"excerpt":{"rendered":"<p>Craftia Natura Salmon &amp; Herring ist ein hochwertiges nat\u00fcrliches Welpenfutter f\u00fcr Toy- und Kleinrassen mit Lachs und Hering. Hering und Lachs unterst\u00fctzen das Gedeihen von Haustieren in vielerlei Hinsicht: Fischprotein ist hervorragend f\u00fcr die Erhaltung gesunder Haut und eines gl\u00e4nzenden Fells. Fisch ist von Natur aus gesund und unterst\u00fctzt das Gleichgewicht von K\u00f6rper und Geist. Als hochverdauliches Protein tr\u00e4gt er zum Erhalt der Muskelkraft bei.  <\/p>\n","protected":false},"featured_media":6416,"comment_status":"open","ping_status":"closed","template":"","meta":{"_acf_changed":false},"pwb-brand":[],"product_brand":[502],"product_cat":[470,471],"product_tag":[],"class_list":{"0":"post-6415","1":"product","2":"type-product","3":"status-publish","4":"has-post-thumbnail","6":"product_brand-craftia-natura","7":"product_cat-dog-food","8":"product_cat-puppy","10":"first","11":"instock","12":"taxable","13":"shipping-taxable","14":"product-type-variable"},"acf":[],"brands":[],"_links":{"self":[{"href":"https:\/\/kraftiapet.com\/de\/wp-json\/wp\/v2\/product\/6415","targetHints":{"allow":["GET"]}}],"collection":[{"href":"https:\/\/kraftiapet.com\/de\/wp-json\/wp\/v2\/product"}],"about":[{"href":"https:\/\/kraftiapet.com\/de\/wp-json\/wp\/v2\/types\/product"}],"replies":[{"embeddable":true,"href":"https:\/\/kraftiapet.com\/de\/wp-json\/wp\/v2\/comments?post=6415"}],"wp:featuredmedia":[{"embeddable":true,"href":"https:\/\/kraftiapet.com\/de\/wp-json\/wp\/v2\/media\/6416"}],"wp:attachment":[{"href":"https:\/\/kraftiapet.com\/de\/wp-json\/wp\/v2\/media?parent=6415"}],"wp:term":[{"taxonomy":"pwb-brand","embeddable":true,"href":"https:\/\/kraftiapet.com\/de\/wp-json\/wp\/v2\/pwb-brand?post=6415"},{"taxonomy":"product_brand","embeddable":true,"href":"https:\/\/kraftiapet.com\/de\/wp-json\/wp\/v2\/product_brand?post=6415"},{"taxonomy":"product_cat","embeddable":true,"href":"https:\/\/kraftiapet.com\/de\/wp-json\/wp\/v2\/product_cat?post=6415"},{"taxonomy":"product_tag","embeddable":true,"href":"https:\/\/kraftiapet.com\/de\/wp-json\/wp\/v2\/product_tag?post=6415"}],"curies":[{"name":"wp","href":"https:\/\/api.w.org\/{rel}","templated":true}]}}