{"id":6424,"date":"2025-10-07T12:07:40","date_gmt":"2025-10-07T12:07:40","guid":{"rendered":"https:\/\/kraftiapet.com\/?post_type=product&#038;p=6424"},"modified":"2026-04-21T21:35:10","modified_gmt":"2026-04-21T21:35:10","slug":"duck-with-pheasant-4","status":"publish","type":"product","link":"https:\/\/kraftiapet.com\/de\/produkt\/duck-with-pheasant-4\/","title":{"rendered":"Duck With Pheasant"},"content":{"rendered":"","protected":false},"excerpt":{"rendered":"<p>Craftia Natura Duck with Pheasant ist ein hochwertiges, nat\u00fcrliches Welpenfutter f\u00fcr Toy- und Kleinrassen mit Ente und Fasan. Ente und Fasan sind eine verlockende und k\u00f6stliche nat\u00fcrliche Kombination. Sie bieten eine nat\u00fcrliche, hypoallergene Mischung, die reich an hochverdaulichem Protein und lebenswichtigen N\u00e4hrstoffen ist. Ihr hoher Proteingehalt tr\u00e4gt zu einer gesunden Muskulatur bei und die Kombination sorgt f\u00fcr einen besonders k\u00f6stlichen Geschmack.   <\/p>\n","protected":false},"featured_media":6426,"comment_status":"open","ping_status":"closed","template":"","meta":{"_acf_changed":false},"pwb-brand":[],"product_brand":[502],"product_cat":[470,471],"product_tag":[],"class_list":{"0":"post-6424","1":"product","2":"type-product","3":"status-publish","4":"has-post-thumbnail","6":"product_brand-craftia-natura","7":"product_cat-dog-food","8":"product_cat-puppy","10":"first","11":"instock","12":"taxable","13":"shipping-taxable","14":"product-type-variable"},"acf":[],"brands":[],"_links":{"self":[{"href":"https:\/\/kraftiapet.com\/de\/wp-json\/wp\/v2\/product\/6424","targetHints":{"allow":["GET"]}}],"collection":[{"href":"https:\/\/kraftiapet.com\/de\/wp-json\/wp\/v2\/product"}],"about":[{"href":"https:\/\/kraftiapet.com\/de\/wp-json\/wp\/v2\/types\/product"}],"replies":[{"embeddable":true,"href":"https:\/\/kraftiapet.com\/de\/wp-json\/wp\/v2\/comments?post=6424"}],"wp:featuredmedia":[{"embeddable":true,"href":"https:\/\/kraftiapet.com\/de\/wp-json\/wp\/v2\/media\/6426"}],"wp:attachment":[{"href":"https:\/\/kraftiapet.com\/de\/wp-json\/wp\/v2\/media?parent=6424"}],"wp:term":[{"taxonomy":"pwb-brand","embeddable":true,"href":"https:\/\/kraftiapet.com\/de\/wp-json\/wp\/v2\/pwb-brand?post=6424"},{"taxonomy":"product_brand","embeddable":true,"href":"https:\/\/kraftiapet.com\/de\/wp-json\/wp\/v2\/product_brand?post=6424"},{"taxonomy":"product_cat","embeddable":true,"href":"https:\/\/kraftiapet.com\/de\/wp-json\/wp\/v2\/product_cat?post=6424"},{"taxonomy":"product_tag","embeddable":true,"href":"https:\/\/kraftiapet.com\/de\/wp-json\/wp\/v2\/product_tag?post=6424"}],"curies":[{"name":"wp","href":"https:\/\/api.w.org\/{rel}","templated":true}]}}