{"id":6425,"date":"2025-09-29T11:32:55","date_gmt":"2025-09-29T11:32:55","guid":{"rendered":"https:\/\/kraftiapet.com\/?post_type=product&#038;p=6425"},"modified":"2026-04-21T21:35:11","modified_gmt":"2026-04-21T21:35:11","slug":"lamb-with-quail","status":"publish","type":"product","link":"https:\/\/kraftiapet.com\/de\/produkt\/lamb-with-quail\/","title":{"rendered":"Lamb with Quail"},"content":{"rendered":"","protected":false},"excerpt":{"rendered":"<p>Craftia Natura Lamb with Quail ist ein Premium-Naturfutter f\u00fcr Welpen kleiner und Toy-Rassen mit Lamm und Wachtel. Grasgef\u00fcttertes Lamm und Wachtel ergeben eine besonders gut vertr\u00e4gliche, hypoallergene Rezeptur mit hochwertigem, leicht verdaulichem Protein und wichtigen N\u00e4hrstoffen. Sie f\u00f6rdern eine gesunde Entwicklung und st\u00e4rken das Immunsystem.  <\/p>\n","protected":false},"featured_media":6427,"comment_status":"open","ping_status":"closed","template":"","meta":{"_acf_changed":false},"pwb-brand":[],"product_brand":[502],"product_cat":[470,471],"product_tag":[],"class_list":{"0":"post-6425","1":"product","2":"type-product","3":"status-publish","4":"has-post-thumbnail","6":"product_brand-craftia-natura","7":"product_cat-dog-food","8":"product_cat-puppy","10":"first","11":"instock","12":"taxable","13":"shipping-taxable","14":"product-type-variable"},"acf":[],"brands":[],"_links":{"self":[{"href":"https:\/\/kraftiapet.com\/de\/wp-json\/wp\/v2\/product\/6425","targetHints":{"allow":["GET"]}}],"collection":[{"href":"https:\/\/kraftiapet.com\/de\/wp-json\/wp\/v2\/product"}],"about":[{"href":"https:\/\/kraftiapet.com\/de\/wp-json\/wp\/v2\/types\/product"}],"replies":[{"embeddable":true,"href":"https:\/\/kraftiapet.com\/de\/wp-json\/wp\/v2\/comments?post=6425"}],"wp:featuredmedia":[{"embeddable":true,"href":"https:\/\/kraftiapet.com\/de\/wp-json\/wp\/v2\/media\/6427"}],"wp:attachment":[{"href":"https:\/\/kraftiapet.com\/de\/wp-json\/wp\/v2\/media?parent=6425"}],"wp:term":[{"taxonomy":"pwb-brand","embeddable":true,"href":"https:\/\/kraftiapet.com\/de\/wp-json\/wp\/v2\/pwb-brand?post=6425"},{"taxonomy":"product_brand","embeddable":true,"href":"https:\/\/kraftiapet.com\/de\/wp-json\/wp\/v2\/product_brand?post=6425"},{"taxonomy":"product_cat","embeddable":true,"href":"https:\/\/kraftiapet.com\/de\/wp-json\/wp\/v2\/product_cat?post=6425"},{"taxonomy":"product_tag","embeddable":true,"href":"https:\/\/kraftiapet.com\/de\/wp-json\/wp\/v2\/product_tag?post=6425"}],"curies":[{"name":"wp","href":"https:\/\/api.w.org\/{rel}","templated":true}]}}