{"id":6464,"date":"2025-10-13T06:30:04","date_gmt":"2025-10-13T06:30:04","guid":{"rendered":"https:\/\/kraftiapet.com\/?post_type=product&#038;p=6464"},"modified":"2026-04-21T21:37:18","modified_gmt":"2026-04-21T21:37:18","slug":"strong-bone-ca-mg-p","status":"publish","type":"product","link":"https:\/\/kraftiapet.com\/de\/produkt\/strong-bone-ca-mg-p\/","title":{"rendered":"Strong Bone Ca-Mg-P"},"content":{"rendered":"<p data-start=\"249\" data-end=\"352\">Hinweise zur Anwendung: 1 Dosierhilfe (2,7 g) oder 1 Tablette pro 15 kg KG (K\u00f6rpergewicht) pro Tag.<\/p>\n<p data-start=\"249\" data-end=\"352\">Verabreichen Sie die Kautablette(n) einmal t\u00e4glich entsprechend der empfohlenen Dosierung. Die Tablette kann wie folgt verabreicht werden: <\/p>\n<ul data-start=\"353\" data-end=\"529\">\n<li data-start=\"353\" data-end=\"398\">\n<p data-start=\"355\" data-end=\"398\">Direkt als Leckerli an den Hund verf\u00fcttern.<\/p>\n<\/li>\n<li data-start=\"399\" data-end=\"448\">\n<p data-start=\"401\" data-end=\"448\">Mit dem Futter vermischen, um die Akzeptanz zu erleichtern.<\/p>\n<\/li>\n<li data-start=\"449\" data-end=\"529\">\n<p data-start=\"451\" data-end=\"529\">Bei Bedarf an den Zungengrund legen, um eine vollst\u00e4ndige Aufnahme zu gew\u00e4hrleisten.<\/p>\n<\/li>\n<\/ul>\n<p data-start=\"531\" data-end=\"682\">Stellen Sie sicher, dass der Hund jederzeit Zugang zu frischem Trinkwasser hat. Befolgen Sie die Empfehlungen Ihres Tierarztes f\u00fcr die optimale Dosierung und Dauer der Anwendung. <\/p>\n","protected":false},"excerpt":{"rendered":"<p>Starke Knochen Ca-Mg-P &#8211; Genau wie beim Menschen ist eine Kalziumerg\u00e4nzung im fr\u00fchesten Alter obligatorisch, denn es ist die Zeit des schnellsten Wachstums und der schnellsten Entwicklung, in der der K\u00f6rper eine erh\u00f6hte Kalziumzufuhr ben\u00f6tigt. Unser Kalziumpr\u00e4parat f\u00fcr Hunde tr\u00e4gt zur Erhaltung starker Knochen, Z\u00e4hne und einer ordnungsgem\u00e4\u00dfen Muskel- und Nervenfunktion bei. Bei Hunden ist dies zwischen dem 3. und 12. Lebensmonat der Fall. Dies gilt insbesondere f\u00fcr Hunde gro\u00dfer und mittelgro\u00dfer Rassen, die schnell wachsen.  <\/p>\n<p><strong>WENN STARKE KNOCHEN?<\/strong><\/p>\n<ul>\n<li>F\u00fcr Welpen und Junghunde im Alter von 12 Wochen bis 1 Jahr zur Erhaltung eines gesunden Knochensystems und einer normalen Funktion der Muskeln und des Nervensystems<\/li>\n<li>Bei tr\u00e4chtigen H\u00fcndinnen und in der Laktationsperiode<\/li>\n<li>In den Phasen des intensiven Wachstums von gro\u00dfen Hunden<\/li>\n<li>Zur Unterst\u00fctzung der Integrit\u00e4t von Knochen und Z\u00e4hnen<\/li>\n<li>Lecken und Bei\u00dfen an den W\u00e4nden ist ein h\u00e4ufiges Zeichen f\u00fcr Kalziummangel<\/li>\n<\/ul>\n","protected":false},"featured_media":6465,"comment_status":"open","ping_status":"closed","template":"","meta":{"_acf_changed":false},"pwb-brand":[],"product_brand":[506],"product_cat":[470,507],"product_tag":[],"class_list":{"0":"post-6464","1":"product","2":"type-product","3":"status-publish","4":"has-post-thumbnail","6":"product_brand-regalena","7":"product_cat-dog-food","8":"product_cat-dog-supplements","10":"first","11":"instock","12":"taxable","13":"shipping-taxable","14":"product-type-variable"},"acf":[],"brands":[],"_links":{"self":[{"href":"https:\/\/kraftiapet.com\/de\/wp-json\/wp\/v2\/product\/6464","targetHints":{"allow":["GET"]}}],"collection":[{"href":"https:\/\/kraftiapet.com\/de\/wp-json\/wp\/v2\/product"}],"about":[{"href":"https:\/\/kraftiapet.com\/de\/wp-json\/wp\/v2\/types\/product"}],"replies":[{"embeddable":true,"href":"https:\/\/kraftiapet.com\/de\/wp-json\/wp\/v2\/comments?post=6464"}],"wp:featuredmedia":[{"embeddable":true,"href":"https:\/\/kraftiapet.com\/de\/wp-json\/wp\/v2\/media\/6465"}],"wp:attachment":[{"href":"https:\/\/kraftiapet.com\/de\/wp-json\/wp\/v2\/media?parent=6464"}],"wp:term":[{"taxonomy":"pwb-brand","embeddable":true,"href":"https:\/\/kraftiapet.com\/de\/wp-json\/wp\/v2\/pwb-brand?post=6464"},{"taxonomy":"product_brand","embeddable":true,"href":"https:\/\/kraftiapet.com\/de\/wp-json\/wp\/v2\/product_brand?post=6464"},{"taxonomy":"product_cat","embeddable":true,"href":"https:\/\/kraftiapet.com\/de\/wp-json\/wp\/v2\/product_cat?post=6464"},{"taxonomy":"product_tag","embeddable":true,"href":"https:\/\/kraftiapet.com\/de\/wp-json\/wp\/v2\/product_tag?post=6464"}],"curies":[{"name":"wp","href":"https:\/\/api.w.org\/{rel}","templated":true}]}}