{"id":6475,"date":"2025-10-13T07:09:13","date_gmt":"2025-10-13T07:09:13","guid":{"rendered":"https:\/\/kraftiapet.com\/?post_type=product&#038;p=6475"},"modified":"2026-04-21T21:37:17","modified_gmt":"2026-04-21T21:37:17","slug":"pflege-der-harnwege","status":"publish","type":"product","link":"https:\/\/kraftiapet.com\/de\/produkt\/pflege-der-harnwege\/","title":{"rendered":"Pflege der Harnwege"},"content":{"rendered":"<p data-start=\"249\" data-end=\"352\">Hinweise zur Anwendung: 1 Tablette pro 15 kg KG (K\u00f6rpergewicht) pro Tag f\u00fcr 6 Monate.<\/p>\n<p data-start=\"249\" data-end=\"352\">Verabreichen Sie die Kautablette(n) einmal t\u00e4glich entsprechend der empfohlenen Dosierung. Die Tablette kann wie folgt verabreicht werden: <\/p>\n<ul data-start=\"353\" data-end=\"529\">\n<li data-start=\"353\" data-end=\"398\">\n<p data-start=\"355\" data-end=\"398\">Direkt als Leckerli an den Hund verf\u00fcttern.<\/p>\n<\/li>\n<li data-start=\"399\" data-end=\"448\">\n<p data-start=\"401\" data-end=\"448\">Mit dem Futter vermischen, um die Akzeptanz zu erleichtern.<\/p>\n<\/li>\n<li data-start=\"449\" data-end=\"529\">\n<p data-start=\"451\" data-end=\"529\">Bei Bedarf an den Zungengrund legen, um eine vollst\u00e4ndige Aufnahme zu gew\u00e4hrleisten.<\/p>\n<\/li>\n<\/ul>\n<p data-start=\"531\" data-end=\"682\">Stellen Sie sicher, dass der Hund jederzeit Zugang zu frischem Trinkwasser hat. Befolgen Sie die Empfehlungen Ihres Tierarztes f\u00fcr die optimale Dosierung und Dauer der Anwendung. <\/p>\n","protected":false},"excerpt":{"rendered":"<p>Harnwegsinfektionen sind ein h\u00e4ufiges Problem, dem Hunde ausgesetzt sind, und in 90 % der F\u00e4lle ist Escherichia coli die Ursache der Infektion. Unser Nahrungserg\u00e4nzungsmittel f\u00fcr Hunde unterst\u00fctzt die nat\u00fcrliche Ausscheidung von Bakterien, st\u00e4rkt das Immunsystem und hilft, eine erneute Infektion zu verhindern. Antibiotika werden in der Behandlung zusammen mit nat\u00fcrlichen Mitteln eingesetzt, um Bakterien aus den Harnwegen zu eliminieren und das Immunsystem zu st\u00e4rken, und sch\u00fctzen so die Haustiere vor einer erneuten Infektion.  <\/p>\n<p><strong>WENN HARNPFLEGE?<\/strong><\/p>\n<ul>\n<li>Bei akuten, chronischen und wiederkehrenden Entz\u00fcndungen der ableitenden Harnwege<\/li>\n<li>Zur Vorbeugung gegen Nierensteine<\/li>\n<li>Gegen Kristalle und Steine in der Harnblase<\/li>\n<li>Nach Katheterisierung und chirurgischen Eingriffen<\/li>\n<li>Zur Unterst\u00fctzung der verordneten konventionellen Therapie<\/li>\n<li>Bei vergr\u00f6\u00dferter Prostata<\/li>\n<li>Zur Vorbeugung bei den pr\u00e4disponierten Hunderassen<\/li>\n<li>F\u00fcr eine bessere Spermienqualit\u00e4t<\/li>\n<\/ul>\n","protected":false},"featured_media":6476,"comment_status":"open","ping_status":"closed","template":"","meta":{"_acf_changed":false},"pwb-brand":[],"product_brand":[506],"product_cat":[470,507],"product_tag":[],"class_list":{"0":"post-6475","1":"product","2":"type-product","3":"status-publish","4":"has-post-thumbnail","6":"product_brand-regalena","7":"product_cat-dog-food","8":"product_cat-dog-supplements","10":"first","11":"instock","12":"taxable","13":"shipping-taxable","14":"product-type-variable"},"acf":[],"brands":[],"_links":{"self":[{"href":"https:\/\/kraftiapet.com\/de\/wp-json\/wp\/v2\/product\/6475","targetHints":{"allow":["GET"]}}],"collection":[{"href":"https:\/\/kraftiapet.com\/de\/wp-json\/wp\/v2\/product"}],"about":[{"href":"https:\/\/kraftiapet.com\/de\/wp-json\/wp\/v2\/types\/product"}],"replies":[{"embeddable":true,"href":"https:\/\/kraftiapet.com\/de\/wp-json\/wp\/v2\/comments?post=6475"}],"wp:featuredmedia":[{"embeddable":true,"href":"https:\/\/kraftiapet.com\/de\/wp-json\/wp\/v2\/media\/6476"}],"wp:attachment":[{"href":"https:\/\/kraftiapet.com\/de\/wp-json\/wp\/v2\/media?parent=6475"}],"wp:term":[{"taxonomy":"pwb-brand","embeddable":true,"href":"https:\/\/kraftiapet.com\/de\/wp-json\/wp\/v2\/pwb-brand?post=6475"},{"taxonomy":"product_brand","embeddable":true,"href":"https:\/\/kraftiapet.com\/de\/wp-json\/wp\/v2\/product_brand?post=6475"},{"taxonomy":"product_cat","embeddable":true,"href":"https:\/\/kraftiapet.com\/de\/wp-json\/wp\/v2\/product_cat?post=6475"},{"taxonomy":"product_tag","embeddable":true,"href":"https:\/\/kraftiapet.com\/de\/wp-json\/wp\/v2\/product_tag?post=6475"}],"curies":[{"name":"wp","href":"https:\/\/api.w.org\/{rel}","templated":true}]}}