{"id":6481,"date":"2025-10-13T08:59:55","date_gmt":"2025-10-13T08:59:55","guid":{"rendered":"https:\/\/kraftiapet.com\/?post_type=product&#038;p=6481"},"modified":"2026-04-21T21:37:17","modified_gmt":"2026-04-21T21:37:17","slug":"senior","status":"publish","type":"product","link":"https:\/\/kraftiapet.com\/de\/produkt\/senior\/","title":{"rendered":"Senior +"},"content":{"rendered":"<p data-start=\"249\" data-end=\"352\"><strong>Hinweise zur Anwendung<\/strong>: 1 Dosis (2,7 g) pro 15 kg BM (K\u00f6rpermasse) pro Tag, unter die Nahrung gemischt.<\/p>\n<p data-start=\"249\" data-end=\"352\">Nehmen Sie die Kautablette(n) <strong data-start=\"280\" data-end=\"294\">einmal t\u00e4glich<\/strong> entsprechend der empfohlenen Dosierung ein. Die Tablette kann sein: <\/p>\n<ul data-start=\"353\" data-end=\"529\">\n<li data-start=\"353\" data-end=\"398\">\n<p data-start=\"355\" data-end=\"398\"><strong data-start=\"355\" data-end=\"373\">Wird dem Hund direkt<\/strong> als Leckerli <strong data-start=\"355\" data-end=\"373\">gegeben<\/strong>.<\/p>\n<\/li>\n<li data-start=\"399\" data-end=\"448\">\n<p data-start=\"401\" data-end=\"448\"><strong data-start=\"401\" data-end=\"420\">Mit Lebensmitteln vermischt<\/strong>, um die Aufnahme zu erleichtern.<\/p>\n<\/li>\n<li data-start=\"449\" data-end=\"529\">\n<p data-start=\"451\" data-end=\"529\"><strong data-start=\"451\" data-end=\"487\">Legen Sie sie an den Zungengrund<\/strong>, um eine vollst\u00e4ndige Aufnahme zu gew\u00e4hrleisten, falls erforderlich.<\/p>\n<\/li>\n<\/ul>\n<p data-start=\"531\" data-end=\"682\">Stellen Sie sicher, dass der Hund jederzeit Zugang zu frischem Trinkwasser hat. Befolgen Sie die Empfehlungen Ihres Tierarztes f\u00fcr die optimale Dosierung und Dauer der Anwendung. <\/p>\n","protected":false},"excerpt":{"rendered":"<p>Das Altern ist ein allm\u00e4hlicher und kontinuierlicher Prozess, in dem Hunde verschiedene innere und \u00e4u\u00dfere Ver\u00e4nderungen durchlaufen. Unser Erg\u00e4nzungsfuttermittel f\u00fcr \u00e4ltere Hunde unterst\u00fctzt die Mobilit\u00e4t, kognitive Funktionen, die Herzfunktion sowie die allgemeine Vitalit\u00e4t im Alter. Graues Fell, Gewichtszunahme, H\u00fcft- oder Ellbogendysplasie, aber auch ein geschw\u00e4chtes Herz, Desorientierung und eine verminderte Immunfunktion geh\u00f6ren zu den typischen Herausforderungen, mit denen \u00e4ltere Hunde konfrontiert sind.  <\/p>\n<p><strong>WANN SENIOR PLUS?<\/strong><\/p>\n<ul>\n<li>Bei \u00e4lteren Hunden (7+ Jahre) mit Gelenkproblemen<\/li>\n<li>F\u00fcr Hunde mit Bewegungseinschr\u00e4nkungen und Steifheit<\/li>\n<li>Im Falle einer geschw\u00e4chten Herzfunktion aufgrund von Kardiomyopathie<\/li>\n<li>Bei verwirrten und desorientierten Hunden<\/li>\n<li>F\u00fcr die Verbesserung des Immunsystems<\/li>\n<\/ul>\n","protected":false},"featured_media":6482,"comment_status":"open","ping_status":"closed","template":"","meta":{"_acf_changed":false},"pwb-brand":[],"product_brand":[506],"product_cat":[470,507],"product_tag":[],"class_list":{"0":"post-6481","1":"product","2":"type-product","3":"status-publish","4":"has-post-thumbnail","6":"product_brand-regalena","7":"product_cat-dog-food","8":"product_cat-dog-supplements","10":"first","11":"instock","12":"taxable","13":"shipping-taxable","14":"product-type-variable"},"acf":[],"brands":[],"_links":{"self":[{"href":"https:\/\/kraftiapet.com\/de\/wp-json\/wp\/v2\/product\/6481","targetHints":{"allow":["GET"]}}],"collection":[{"href":"https:\/\/kraftiapet.com\/de\/wp-json\/wp\/v2\/product"}],"about":[{"href":"https:\/\/kraftiapet.com\/de\/wp-json\/wp\/v2\/types\/product"}],"replies":[{"embeddable":true,"href":"https:\/\/kraftiapet.com\/de\/wp-json\/wp\/v2\/comments?post=6481"}],"wp:featuredmedia":[{"embeddable":true,"href":"https:\/\/kraftiapet.com\/de\/wp-json\/wp\/v2\/media\/6482"}],"wp:attachment":[{"href":"https:\/\/kraftiapet.com\/de\/wp-json\/wp\/v2\/media?parent=6481"}],"wp:term":[{"taxonomy":"pwb-brand","embeddable":true,"href":"https:\/\/kraftiapet.com\/de\/wp-json\/wp\/v2\/pwb-brand?post=6481"},{"taxonomy":"product_brand","embeddable":true,"href":"https:\/\/kraftiapet.com\/de\/wp-json\/wp\/v2\/product_brand?post=6481"},{"taxonomy":"product_cat","embeddable":true,"href":"https:\/\/kraftiapet.com\/de\/wp-json\/wp\/v2\/product_cat?post=6481"},{"taxonomy":"product_tag","embeddable":true,"href":"https:\/\/kraftiapet.com\/de\/wp-json\/wp\/v2\/product_tag?post=6481"}],"curies":[{"name":"wp","href":"https:\/\/api.w.org\/{rel}","templated":true}]}}