{"id":6484,"date":"2025-10-13T09:25:32","date_gmt":"2025-10-13T09:25:32","guid":{"rendered":"https:\/\/kraftiapet.com\/?post_type=product&#038;p=6484"},"modified":"2026-04-21T21:37:17","modified_gmt":"2026-04-21T21:37:17","slug":"stress-free","status":"publish","type":"product","link":"https:\/\/kraftiapet.com\/de\/produkt\/stress-free\/","title":{"rendered":"Stress Free"},"content":{"rendered":"<p data-start=\"249\" data-end=\"352\">Hinweise zur Anwendung: 1 Tablette pro 10 kg K\u00f6rpergewicht t\u00e4glich. <\/p>\n<p data-start=\"249\" data-end=\"352\">Verabreichen Sie die Kautablette(n) einmal t\u00e4glich gem\u00e4\u00df der empfohlenen Dosierung. Die Tablette kann: <\/p>\n<ul data-start=\"353\" data-end=\"529\">\n<li data-start=\"353\" data-end=\"398\">\n<p data-start=\"355\" data-end=\"398\">Dem Hund direkt als Leckerli gegeben werden.<\/p>\n<\/li>\n<li data-start=\"399\" data-end=\"448\">\n<p data-start=\"401\" data-end=\"448\">Unter das Futter gemischt werden, um die Akzeptanz zu erh\u00f6hen.<\/p>\n<\/li>\n<li data-start=\"449\" data-end=\"529\">\n<p data-start=\"451\" data-end=\"529\">Bei Bedarf auf den Zungengrund gelegt werden, um eine vollst\u00e4ndige Aufnahme sicherzustellen.<\/p>\n<\/li>\n<\/ul>\n<p data-start=\"531\" data-end=\"682\">Stellen Sie sicher, dass dem Hund jederzeit frisches Trinkwasser zur Verf\u00fcgung steht. Befolgen Sie die Empfehlungen Ihres Tierarztes hinsichtlich optimaler Dosierung und Anwendungsdauer. <\/p>\n","protected":false},"excerpt":{"rendered":"<p>Stressfrei &#8211; Genau wie Menschen sind auch Hunde anf\u00e4llig f\u00fcr Stress und dessen negative Auswirkungen auf die k\u00f6rperliche und psychische Gesundheit. Unser Nahrungserg\u00e4nzungsmittel f\u00fcr Hunde hilft ihnen, ruhig und ausgeglichen zu bleiben. Im Gegensatz zu uns k\u00f6nnen Hunde die Ursache von Stress jedoch nicht rational erfassen und ihr Unwohlsein nicht durch beruhigende Gedanken lindern. <\/p>\n<p>Hunde reagieren auf Stresssituationen mit Angst und Hyperaktivit\u00e4t, w\u00e4hrend andere Phasen von Angst oder depressiven Verstimmungen durchlaufen.<\/p>\n<p><strong>WENN SIE STRESSFREI SIND?<\/strong><\/p>\n<ul>\n<li>Hyperaktivit\u00e4t<\/li>\n<li>Angst<\/li>\n<li>Trennung von den Besitzern (Unterbringung in einer Pension, Alleinbleiben zu Hause)<\/li>\n<li>Stressige Situationen wie extreme Temperaturen, ein Besuch beim Tierarzt<\/li>\n<li>Isolierte stressige Aktivit\u00e4ten (B\u00f6ller, Feuerwerk, L\u00e4rm)<\/li>\n<li>Reisen<\/li>\n<li>Keine Beruhigungsmittel, Medikamente und keine Nebenwirkungen<\/li>\n<li>Nicht f\u00fcr tr\u00e4chtige und s\u00e4ugende H\u00fcndinnen<\/li>\n<\/ul>\n","protected":false},"featured_media":6485,"comment_status":"open","ping_status":"closed","template":"","meta":{"_acf_changed":false},"pwb-brand":[],"product_brand":[506],"product_cat":[470,507],"product_tag":[],"class_list":{"0":"post-6484","1":"product","2":"type-product","3":"status-publish","4":"has-post-thumbnail","6":"product_brand-regalena","7":"product_cat-dog-food","8":"product_cat-dog-supplements","10":"first","11":"instock","12":"taxable","13":"shipping-taxable","14":"product-type-variable"},"acf":[],"brands":[],"_links":{"self":[{"href":"https:\/\/kraftiapet.com\/de\/wp-json\/wp\/v2\/product\/6484","targetHints":{"allow":["GET"]}}],"collection":[{"href":"https:\/\/kraftiapet.com\/de\/wp-json\/wp\/v2\/product"}],"about":[{"href":"https:\/\/kraftiapet.com\/de\/wp-json\/wp\/v2\/types\/product"}],"replies":[{"embeddable":true,"href":"https:\/\/kraftiapet.com\/de\/wp-json\/wp\/v2\/comments?post=6484"}],"wp:featuredmedia":[{"embeddable":true,"href":"https:\/\/kraftiapet.com\/de\/wp-json\/wp\/v2\/media\/6485"}],"wp:attachment":[{"href":"https:\/\/kraftiapet.com\/de\/wp-json\/wp\/v2\/media?parent=6484"}],"wp:term":[{"taxonomy":"pwb-brand","embeddable":true,"href":"https:\/\/kraftiapet.com\/de\/wp-json\/wp\/v2\/pwb-brand?post=6484"},{"taxonomy":"product_brand","embeddable":true,"href":"https:\/\/kraftiapet.com\/de\/wp-json\/wp\/v2\/product_brand?post=6484"},{"taxonomy":"product_cat","embeddable":true,"href":"https:\/\/kraftiapet.com\/de\/wp-json\/wp\/v2\/product_cat?post=6484"},{"taxonomy":"product_tag","embeddable":true,"href":"https:\/\/kraftiapet.com\/de\/wp-json\/wp\/v2\/product_tag?post=6484"}],"curies":[{"name":"wp","href":"https:\/\/api.w.org\/{rel}","templated":true}]}}