{"id":6487,"date":"2025-10-10T12:28:20","date_gmt":"2025-10-10T12:28:20","guid":{"rendered":"https:\/\/kraftiapet.com\/?post_type=product&#038;p=6487"},"modified":"2026-04-21T21:37:19","modified_gmt":"2026-04-21T21:37:19","slug":"liver-support","status":"publish","type":"product","link":"https:\/\/kraftiapet.com\/de\/produkt\/liver-support\/","title":{"rendered":"Liver Support"},"content":{"rendered":"<p data-start=\"249\" data-end=\"352\">Hinweise zur Anwendung: 1 Tablette pro 10 kg K\u00f6rpergewicht t\u00e4glich in den ersten 10 Tagen.<\/p>\n<p data-start=\"249\" data-end=\"352\">Verabreichen Sie die Kautablette(n) einmal t\u00e4glich gem\u00e4\u00df der empfohlenen Dosierung. Die Tablette kann: <\/p>\n<ul data-start=\"353\" data-end=\"529\">\n<li data-start=\"353\" data-end=\"398\">\n<p data-start=\"355\" data-end=\"398\">dem Hund direkt als Leckerli gegeben werden<\/p>\n<\/li>\n<li data-start=\"399\" data-end=\"448\">\n<p data-start=\"401\" data-end=\"448\"><strong data-start=\"401\" data-end=\"420\">Mit Lebensmitteln vermischt<\/strong>, um die Aufnahme zu erleichtern.<\/p>\n<\/li>\n<li data-start=\"449\" data-end=\"529\">\n<p data-start=\"451\" data-end=\"529\">Bei Bedarf auf den Zungengrund legen, um eine vollst\u00e4ndige Aufnahme sicherzustellen.<\/p>\n<\/li>\n<\/ul>\n<p data-start=\"531\" data-end=\"682\">Stellen Sie sicher, dass dem Hund jederzeit frisches Trinkwasser zur Verf\u00fcgung steht. Befolgen Sie die Empfehlungen Ihres Tierarztes hinsichtlich Dosierung und Anwendungsdauer. <\/p>\n","protected":false},"excerpt":{"rendered":"<p>Unterst\u00fctzung der Leber &#8211; Die Leber spielt eine wichtige Rolle im Stoffwechsel und erf\u00fcllt zahlreiche Funktionen \u2013 sie entgiftet den K\u00f6rper, produziert wichtige Blutproteine und ist an der Verdauung beteiligt. Unser Nahrungserg\u00e4nzungsmittel zur Unterst\u00fctzung der Leber hilft, die Leberzellen zu sch\u00fctzen, f\u00f6rdert die Regeneration und unterst\u00fctzt einen gesunden Stoffwechsel. Aufgrund ihrer zentralen Funktion ist die Leber verschiedenen Belastungen ausgesetzt, die die Gesundheit des Hundes beeintr\u00e4chtigen k\u00f6nnen. Daher ist eine vorbeugende Unterst\u00fctzung f\u00fcr eine optimale Leberfunktion und ihren Schutz besonders wichtig.  <\/p>\n<p><strong>WENN LEBERHILFE?<\/strong><\/p>\n<ul>\n<li>Im Falle einer Fettleber<\/li>\n<li>W\u00e4hrend der Anwendung von hepatotoxischen Medikamenten<\/li>\n<li>Zur Bek\u00e4mpfung von Hepatitis (Adenoviren, Leptospirose, Toxoplasmose)<\/li>\n<li>Im Falle einer Vergiftung mit Schwermetallen<\/li>\n<li>F\u00fcr Leberzysten<\/li>\n<li>Im Falle einer Obstruktion der Gallenwege<\/li>\n<\/ul>\n","protected":false},"featured_media":6488,"comment_status":"open","ping_status":"closed","template":"","meta":{"_acf_changed":false},"pwb-brand":[],"product_brand":[506],"product_cat":[470,507],"product_tag":[],"class_list":{"0":"post-6487","1":"product","2":"type-product","3":"status-publish","4":"has-post-thumbnail","6":"product_brand-regalena","7":"product_cat-dog-food","8":"product_cat-dog-supplements","10":"first","11":"instock","12":"taxable","13":"shipping-taxable","14":"product-type-variable"},"acf":[],"brands":[],"_links":{"self":[{"href":"https:\/\/kraftiapet.com\/de\/wp-json\/wp\/v2\/product\/6487","targetHints":{"allow":["GET"]}}],"collection":[{"href":"https:\/\/kraftiapet.com\/de\/wp-json\/wp\/v2\/product"}],"about":[{"href":"https:\/\/kraftiapet.com\/de\/wp-json\/wp\/v2\/types\/product"}],"replies":[{"embeddable":true,"href":"https:\/\/kraftiapet.com\/de\/wp-json\/wp\/v2\/comments?post=6487"}],"wp:featuredmedia":[{"embeddable":true,"href":"https:\/\/kraftiapet.com\/de\/wp-json\/wp\/v2\/media\/6488"}],"wp:attachment":[{"href":"https:\/\/kraftiapet.com\/de\/wp-json\/wp\/v2\/media?parent=6487"}],"wp:term":[{"taxonomy":"pwb-brand","embeddable":true,"href":"https:\/\/kraftiapet.com\/de\/wp-json\/wp\/v2\/pwb-brand?post=6487"},{"taxonomy":"product_brand","embeddable":true,"href":"https:\/\/kraftiapet.com\/de\/wp-json\/wp\/v2\/product_brand?post=6487"},{"taxonomy":"product_cat","embeddable":true,"href":"https:\/\/kraftiapet.com\/de\/wp-json\/wp\/v2\/product_cat?post=6487"},{"taxonomy":"product_tag","embeddable":true,"href":"https:\/\/kraftiapet.com\/de\/wp-json\/wp\/v2\/product_tag?post=6487"}],"curies":[{"name":"wp","href":"https:\/\/api.w.org\/{rel}","templated":true}]}}