{"id":6492,"date":"2025-10-13T06:59:05","date_gmt":"2025-10-13T06:59:05","guid":{"rendered":"https:\/\/kraftiapet.com\/?post_type=product&#038;p=6492"},"modified":"2026-04-21T21:37:17","modified_gmt":"2026-04-21T21:37:17","slug":"immune-boost","status":"publish","type":"product","link":"https:\/\/kraftiapet.com\/de\/produkt\/immune-boost\/","title":{"rendered":"Immune Boost"},"content":{"rendered":"<p data-start=\"249\" data-end=\"352\">Hinweise zur Anwendung: 1 Tablette pro 10 kg KG (K\u00f6rpergewicht) pro Tag.<\/p>\n<p data-start=\"249\" data-end=\"352\">Verabreichen Sie die Kautablette(n) einmal t\u00e4glich entsprechend der empfohlenen Dosierung. Die Tablette kann wie folgt verabreicht werden: <\/p>\n<ul data-start=\"353\" data-end=\"529\">\n<li data-start=\"353\" data-end=\"398\">\n<p data-start=\"355\" data-end=\"398\">Direkt als Leckerli an den Hund verf\u00fcttern.<\/p>\n<\/li>\n<li data-start=\"399\" data-end=\"448\">\n<p data-start=\"401\" data-end=\"448\">Mit dem Futter vermischen, um die Akzeptanz zu erleichtern.<\/p>\n<\/li>\n<li data-start=\"449\" data-end=\"529\">\n<p data-start=\"451\" data-end=\"529\">Bei Bedarf an den Zungengrund legen, um eine vollst\u00e4ndige Aufnahme zu gew\u00e4hrleisten.<\/p>\n<\/li>\n<\/ul>\n<p data-start=\"531\" data-end=\"682\">Stellen Sie sicher, dass der Hund jederzeit Zugang zu frischem Trinkwasser hat. Befolgen Sie die Empfehlungen Ihres Tierarztes f\u00fcr die optimale Dosierung und Dauer der Anwendung. <\/p>\n","protected":false},"excerpt":{"rendered":"<p>Immunit\u00e4tsschub &#8211; Eine Ern\u00e4hrung, die reich an verschiedenen N\u00e4hrstoffen ist, k\u00f6rperliche Aktivit\u00e4t und eine angemessene Nahrungserg\u00e4nzung sind wichtig f\u00fcr ein starkes Immunsystem, insbesondere in Zeiten erh\u00f6hter Erk\u00e4ltungsgefahr, M\u00fcdigkeit und k\u00f6rperlicher Ersch\u00f6pfung. Unser Nahrungserg\u00e4nzungsmittel f\u00fcr das Immunsystem von Hunden hilft, die Abwehrkr\u00e4fte zu st\u00e4rken, die Regeneration zu unterst\u00fctzen und die Vitalit\u00e4t in allen Lebensphasen zu erhalten. <\/p>\n<p><strong>WENN DAS IMMUNSYSTEM GEST\u00c4RKT WIRD?<\/strong><\/p>\n<ul>\n<li>Bei h\u00e4ufigen bakteriellen, pilzlichen und viralen Infektionen<\/li>\n<li>Bei Lungen- und Ohrenentz\u00fcndungen<\/li>\n<li>Bei chronischen Krankheiten<\/li>\n<li>F\u00fcr ersch\u00f6pfte K\u00f6rper<\/li>\n<li>Bei schwachem Appetit<\/li>\n<li>In der Zeit der Rekonvaleszenz<\/li>\n<\/ul>\n","protected":false},"featured_media":6493,"comment_status":"open","ping_status":"closed","template":"","meta":{"_acf_changed":false},"pwb-brand":[],"product_brand":[506],"product_cat":[470,507],"product_tag":[],"class_list":{"0":"post-6492","1":"product","2":"type-product","3":"status-publish","4":"has-post-thumbnail","6":"product_brand-regalena","7":"product_cat-dog-food","8":"product_cat-dog-supplements","10":"first","11":"instock","12":"taxable","13":"shipping-taxable","14":"product-type-variable"},"acf":[],"brands":[],"_links":{"self":[{"href":"https:\/\/kraftiapet.com\/de\/wp-json\/wp\/v2\/product\/6492","targetHints":{"allow":["GET"]}}],"collection":[{"href":"https:\/\/kraftiapet.com\/de\/wp-json\/wp\/v2\/product"}],"about":[{"href":"https:\/\/kraftiapet.com\/de\/wp-json\/wp\/v2\/types\/product"}],"replies":[{"embeddable":true,"href":"https:\/\/kraftiapet.com\/de\/wp-json\/wp\/v2\/comments?post=6492"}],"wp:featuredmedia":[{"embeddable":true,"href":"https:\/\/kraftiapet.com\/de\/wp-json\/wp\/v2\/media\/6493"}],"wp:attachment":[{"href":"https:\/\/kraftiapet.com\/de\/wp-json\/wp\/v2\/media?parent=6492"}],"wp:term":[{"taxonomy":"pwb-brand","embeddable":true,"href":"https:\/\/kraftiapet.com\/de\/wp-json\/wp\/v2\/pwb-brand?post=6492"},{"taxonomy":"product_brand","embeddable":true,"href":"https:\/\/kraftiapet.com\/de\/wp-json\/wp\/v2\/product_brand?post=6492"},{"taxonomy":"product_cat","embeddable":true,"href":"https:\/\/kraftiapet.com\/de\/wp-json\/wp\/v2\/product_cat?post=6492"},{"taxonomy":"product_tag","embeddable":true,"href":"https:\/\/kraftiapet.com\/de\/wp-json\/wp\/v2\/product_tag?post=6492"}],"curies":[{"name":"wp","href":"https:\/\/api.w.org\/{rel}","templated":true}]}}