{"id":6503,"date":"2025-10-13T07:18:25","date_gmt":"2025-10-13T07:18:25","guid":{"rendered":"https:\/\/kraftiapet.com\/?post_type=product&#038;p=6503"},"modified":"2026-04-21T21:37:17","modified_gmt":"2026-04-21T21:37:17","slug":"allergy-relief","status":"publish","type":"product","link":"https:\/\/kraftiapet.com\/de\/produkt\/allergy-relief\/","title":{"rendered":"Allergy Relief"},"content":{"rendered":"<p data-start=\"249\" data-end=\"352\">Hinweise zur Anwendung: 1 Tablette pro 15 kg KG (K\u00f6rpergewicht) pro Tag.<\/p>\n<p data-start=\"249\" data-end=\"352\">Verabreichen Sie die Kautablette(n) einmal t\u00e4glich entsprechend der empfohlenen Dosierung. Die Tablette kann wie folgt verabreicht werden: <\/p>\n<ul data-start=\"353\" data-end=\"529\">\n<li data-start=\"353\" data-end=\"398\">\n<p data-start=\"355\" data-end=\"398\">Direkt als Leckerli an den Hund verf\u00fcttern.<\/p>\n<\/li>\n<li data-start=\"399\" data-end=\"448\">\n<p data-start=\"401\" data-end=\"448\">Mit dem Futter vermischen, um die Akzeptanz zu erleichtern.<\/p>\n<\/li>\n<li data-start=\"449\" data-end=\"529\">\n<p data-start=\"451\" data-end=\"529\">Bei Bedarf an den Zungengrund legen, um eine vollst\u00e4ndige Aufnahme zu gew\u00e4hrleisten.<\/p>\n<\/li>\n<\/ul>\n<p data-start=\"531\" data-end=\"682\">Stellen Sie sicher, dass der Hund jederzeit Zugang zu frischem Trinkwasser hat. Befolgen Sie die Empfehlungen Ihres Tierarztes f\u00fcr die optimale Dosierung und Dauer der Anwendung. <\/p>\n","protected":false},"excerpt":{"rendered":"<p>Allergie-Linderung &#8211; Genau wie Menschen haben einige Hunde ein \u00fcberaktives Immunsystem, das zu einer starken Reaktion auf relativ harmlose Faktoren wie Pollen, Milben, Sonne oder Futter f\u00fchrt. Unser Nahrungserg\u00e4nzungsmittel f\u00fcr Hundeallergiker unterst\u00fctzt das Immunsystem und hilft dem K\u00f6rper, ruhiger auf Allergene zu reagieren. Antihistaminika und Immunmodulatoren sind oft notwendig, um Allergien zu lindern. Es wurde festgestellt, dass die St\u00e4rkung des Immunsystems auch eine wichtige Rolle bei der Abwehr von problematischen Allergenen spielt.  <\/p>\n<p><strong>WENN ALLERGIEHILFE?<\/strong><\/p>\n<ul>\n<li>Bei allen Arten von Atopie &#8211; systemisch und lokal<\/li>\n<li>Hilft bei Juckreiz, tr\u00e4nenden Augen, laufender Nase und Schwellungen<\/li>\n<li>Beruhigt das gereizte Immunsystem<\/li>\n<li>Reduziert entz\u00fcndliche Prozesse<\/li>\n<li>Vorbeugende Ma\u00dfnahmen, bevor Sie den Allergenen ausgesetzt sind<\/li>\n<\/ul>\n","protected":false},"featured_media":6504,"comment_status":"open","ping_status":"closed","template":"","meta":{"_acf_changed":false},"pwb-brand":[],"product_brand":[506],"product_cat":[470,507],"product_tag":[],"class_list":{"0":"post-6503","1":"product","2":"type-product","3":"status-publish","4":"has-post-thumbnail","6":"product_brand-regalena","7":"product_cat-dog-food","8":"product_cat-dog-supplements","10":"first","11":"instock","12":"taxable","13":"shipping-taxable","14":"product-type-variable"},"acf":[],"brands":[],"_links":{"self":[{"href":"https:\/\/kraftiapet.com\/de\/wp-json\/wp\/v2\/product\/6503","targetHints":{"allow":["GET"]}}],"collection":[{"href":"https:\/\/kraftiapet.com\/de\/wp-json\/wp\/v2\/product"}],"about":[{"href":"https:\/\/kraftiapet.com\/de\/wp-json\/wp\/v2\/types\/product"}],"replies":[{"embeddable":true,"href":"https:\/\/kraftiapet.com\/de\/wp-json\/wp\/v2\/comments?post=6503"}],"wp:featuredmedia":[{"embeddable":true,"href":"https:\/\/kraftiapet.com\/de\/wp-json\/wp\/v2\/media\/6504"}],"wp:attachment":[{"href":"https:\/\/kraftiapet.com\/de\/wp-json\/wp\/v2\/media?parent=6503"}],"wp:term":[{"taxonomy":"pwb-brand","embeddable":true,"href":"https:\/\/kraftiapet.com\/de\/wp-json\/wp\/v2\/pwb-brand?post=6503"},{"taxonomy":"product_brand","embeddable":true,"href":"https:\/\/kraftiapet.com\/de\/wp-json\/wp\/v2\/product_brand?post=6503"},{"taxonomy":"product_cat","embeddable":true,"href":"https:\/\/kraftiapet.com\/de\/wp-json\/wp\/v2\/product_cat?post=6503"},{"taxonomy":"product_tag","embeddable":true,"href":"https:\/\/kraftiapet.com\/de\/wp-json\/wp\/v2\/product_tag?post=6503"}],"curies":[{"name":"wp","href":"https:\/\/api.w.org\/{rel}","templated":true}]}}