{"id":6522,"date":"2025-10-13T06:12:30","date_gmt":"2025-10-13T06:12:30","guid":{"rendered":"https:\/\/kraftiapet.com\/?post_type=product&#038;p=6522"},"modified":"2026-04-21T21:37:18","modified_gmt":"2026-04-21T21:37:18","slug":"mobility-hip-joint","status":"publish","type":"product","link":"https:\/\/kraftiapet.com\/de\/produkt\/mobility-hip-joint\/","title":{"rendered":"Mobility + Hip &amp; Joint"},"content":{"rendered":"<p data-start=\"249\" data-end=\"352\">Hinweise zur Anwendung: 1 Tablette pro 20 kg KG (K\u00f6rpergewicht) pro Tag.<\/p>\n<p data-start=\"249\" data-end=\"352\">Verabreichen Sie die Kautablette(n) einmal t\u00e4glich entsprechend der empfohlenen Dosierung. Die Tablette kann wie folgt verabreicht werden: <\/p>\n<ul data-start=\"353\" data-end=\"529\">\n<li data-start=\"353\" data-end=\"398\">\n<p data-start=\"355\" data-end=\"398\">Direkt als Leckerli an den Hund verf\u00fcttern.<\/p>\n<\/li>\n<li data-start=\"399\" data-end=\"448\">\n<p data-start=\"401\" data-end=\"448\">Mit dem Futter vermischen, um die Akzeptanz zu erleichtern.<\/p>\n<\/li>\n<li data-start=\"449\" data-end=\"529\">\n<p data-start=\"451\" data-end=\"529\">Bei Bedarf an den Zungengrund legen, um eine vollst\u00e4ndige Aufnahme zu gew\u00e4hrleisten.<\/p>\n<\/li>\n<\/ul>\n<p data-start=\"531\" data-end=\"682\">Stellen Sie sicher, dass der Hund jederzeit Zugang zu frischem Trinkwasser hat. Befolgen Sie die Empfehlungen Ihres Tierarztes f\u00fcr die optimale Dosierung und Dauer der Anwendung. <\/p>\n","protected":false},"excerpt":{"rendered":"<p>Mobilit\u00e4t + H\u00fcfte &amp; Gelenk &#8211; Im Laufe des \u00c4lterwerdens, unter dem Einfluss von Gewicht und schwerer Belastung, nutzt sich der Gelenkknorpel bei Hunden ab. Unser Gelenkerg\u00e4nzungsmittel f\u00fcr Hunde unterst\u00fctzt die Beweglichkeit, baut den Knorpel wieder auf und hilft, Beschwerden bei alternden oder aktiven Hunden zu verringern. Mit dem Verlust der Elastizit\u00e4t treten Schmerzen unterschiedlicher Intensit\u00e4t auf, die einer Behandlung bed\u00fcrfen, und die Nahrungserg\u00e4nzung ist sehr willkommen.  <\/p>\n<p><strong>WANN MOBILITY PLUS H\u00fcfte &amp; Gelenk?<\/strong><\/p>\n<ul>\n<li>Bei Osteoarthritis<\/li>\n<li>Bei degenerativen Gelenkerkrankungen<\/li>\n<li>Bei Dysplasie des H\u00fcft- und Ellenbogengelenks<\/li>\n<li>Postoperativ, nach Frakturen<\/li>\n<li>In Gelenken, die anstrengender k\u00f6rperlicher Aktivit\u00e4t ausgesetzt sind<\/li>\n<li>Im Falle einer Gelenkverletzung<\/li>\n<li>Zur Vorbeugung bei fettleibigen Hunden<\/li>\n<li>Reduziert Schmerzen beim Absteigen, Klettern, Einsteigen ins Auto<\/li>\n<li>Vorbeugung bei schweren und pr\u00e4disponierten Hunden, gro\u00dfen Rassen<\/li>\n<\/ul>\n","protected":false},"featured_media":6523,"comment_status":"open","ping_status":"closed","template":"","meta":{"_acf_changed":false},"pwb-brand":[],"product_brand":[506],"product_cat":[470,507],"product_tag":[],"class_list":{"0":"post-6522","1":"product","2":"type-product","3":"status-publish","4":"has-post-thumbnail","6":"product_brand-regalena","7":"product_cat-dog-food","8":"product_cat-dog-supplements","10":"first","11":"instock","12":"taxable","13":"shipping-taxable","14":"product-type-variable"},"acf":[],"brands":[],"_links":{"self":[{"href":"https:\/\/kraftiapet.com\/de\/wp-json\/wp\/v2\/product\/6522","targetHints":{"allow":["GET"]}}],"collection":[{"href":"https:\/\/kraftiapet.com\/de\/wp-json\/wp\/v2\/product"}],"about":[{"href":"https:\/\/kraftiapet.com\/de\/wp-json\/wp\/v2\/types\/product"}],"replies":[{"embeddable":true,"href":"https:\/\/kraftiapet.com\/de\/wp-json\/wp\/v2\/comments?post=6522"}],"wp:featuredmedia":[{"embeddable":true,"href":"https:\/\/kraftiapet.com\/de\/wp-json\/wp\/v2\/media\/6523"}],"wp:attachment":[{"href":"https:\/\/kraftiapet.com\/de\/wp-json\/wp\/v2\/media?parent=6522"}],"wp:term":[{"taxonomy":"pwb-brand","embeddable":true,"href":"https:\/\/kraftiapet.com\/de\/wp-json\/wp\/v2\/pwb-brand?post=6522"},{"taxonomy":"product_brand","embeddable":true,"href":"https:\/\/kraftiapet.com\/de\/wp-json\/wp\/v2\/product_brand?post=6522"},{"taxonomy":"product_cat","embeddable":true,"href":"https:\/\/kraftiapet.com\/de\/wp-json\/wp\/v2\/product_cat?post=6522"},{"taxonomy":"product_tag","embeddable":true,"href":"https:\/\/kraftiapet.com\/de\/wp-json\/wp\/v2\/product_tag?post=6522"}],"curies":[{"name":"wp","href":"https:\/\/api.w.org\/{rel}","templated":true}]}}