{"id":6527,"date":"2025-10-02T07:02:22","date_gmt":"2025-10-02T07:02:22","guid":{"rendered":"https:\/\/kraftiapet.com\/?post_type=product&#038;p=6527"},"modified":"2026-04-21T21:45:33","modified_gmt":"2026-04-21T21:45:33","slug":"chicken-with-super-veggies","status":"publish","type":"product","link":"https:\/\/kraftiapet.com\/de\/produkt\/chicken-with-super-veggies\/","title":{"rendered":"Chicken With Super Veggies"},"content":{"rendered":"","protected":false},"excerpt":{"rendered":"<p>Vida Super Chicken &amp; Veggies ist ein Premium-Katzenfutter mit Huhn und Gem\u00fcse. Eine leckere Kombination mit Huhn, das reich an Proteinen sowie Aminos\u00e4uren und Glucosamin ist, die alle f\u00fcr gesunde Gelenke wichtig sind. Gem\u00fcse wie Karotten und \u00c4pfel unterst\u00fctzen die Gesundheit der Augen und eine gesunde Verdauung.  <\/p>\n","protected":false},"featured_media":6530,"comment_status":"open","ping_status":"closed","template":"","meta":{"_acf_changed":false},"pwb-brand":[],"product_brand":[513],"product_cat":[487,485],"product_tag":[],"class_list":{"0":"post-6527","1":"product","2":"type-product","3":"status-publish","4":"has-post-thumbnail","6":"product_brand-vida-super","7":"product_cat-adult-cat","8":"product_cat-cat-food","10":"first","11":"instock","12":"taxable","13":"shipping-taxable","14":"product-type-variable"},"acf":[],"brands":[],"_links":{"self":[{"href":"https:\/\/kraftiapet.com\/de\/wp-json\/wp\/v2\/product\/6527","targetHints":{"allow":["GET"]}}],"collection":[{"href":"https:\/\/kraftiapet.com\/de\/wp-json\/wp\/v2\/product"}],"about":[{"href":"https:\/\/kraftiapet.com\/de\/wp-json\/wp\/v2\/types\/product"}],"replies":[{"embeddable":true,"href":"https:\/\/kraftiapet.com\/de\/wp-json\/wp\/v2\/comments?post=6527"}],"wp:featuredmedia":[{"embeddable":true,"href":"https:\/\/kraftiapet.com\/de\/wp-json\/wp\/v2\/media\/6530"}],"wp:attachment":[{"href":"https:\/\/kraftiapet.com\/de\/wp-json\/wp\/v2\/media?parent=6527"}],"wp:term":[{"taxonomy":"pwb-brand","embeddable":true,"href":"https:\/\/kraftiapet.com\/de\/wp-json\/wp\/v2\/pwb-brand?post=6527"},{"taxonomy":"product_brand","embeddable":true,"href":"https:\/\/kraftiapet.com\/de\/wp-json\/wp\/v2\/product_brand?post=6527"},{"taxonomy":"product_cat","embeddable":true,"href":"https:\/\/kraftiapet.com\/de\/wp-json\/wp\/v2\/product_cat?post=6527"},{"taxonomy":"product_tag","embeddable":true,"href":"https:\/\/kraftiapet.com\/de\/wp-json\/wp\/v2\/product_tag?post=6527"}],"curies":[{"name":"wp","href":"https:\/\/api.w.org\/{rel}","templated":true}]}}