{"id":6536,"date":"2025-10-02T10:13:48","date_gmt":"2025-10-02T10:13:48","guid":{"rendered":"https:\/\/kraftiapet.com\/?post_type=product&#038;p=6536"},"modified":"2026-04-21T21:45:31","modified_gmt":"2026-04-21T21:45:31","slug":"with-salmon-fish-super-veggies","status":"publish","type":"product","link":"https:\/\/kraftiapet.com\/de\/produkt\/with-salmon-fish-super-veggies\/","title":{"rendered":"With Salmon, Fish &amp; Super Veggies"},"content":{"rendered":"","protected":false},"excerpt":{"rendered":"<p>Vida Super Salmon, Fish &amp; Veggies ist ein Premium-Hundefutter f\u00fcr mittlere und gro\u00dfe Rassen mit Lachs, Fisch und Gem\u00fcse. Lachs und Fisch sind voll von hochwertigen N\u00e4hrstoffen, die gut f\u00fcr Muskeln, Knochen, Haut und ein gl\u00e4nzendes Fell sind. Die Delikatessen aus dem Meer werden durch Zutaten wie Spinat und Karotten unterst\u00fctzt, die die notwendigen Vitamine liefern.  <\/p>\n","protected":false},"featured_media":6538,"comment_status":"open","ping_status":"closed","template":"","meta":{"_acf_changed":false},"pwb-brand":[],"product_brand":[513],"product_cat":[472,470],"product_tag":[],"class_list":{"0":"post-6536","1":"product","2":"type-product","3":"status-publish","4":"has-post-thumbnail","6":"product_brand-vida-super","7":"product_cat-adult-dog","8":"product_cat-dog-food","10":"first","11":"instock","12":"taxable","13":"shipping-taxable","14":"product-type-variable"},"acf":[],"brands":[],"_links":{"self":[{"href":"https:\/\/kraftiapet.com\/de\/wp-json\/wp\/v2\/product\/6536","targetHints":{"allow":["GET"]}}],"collection":[{"href":"https:\/\/kraftiapet.com\/de\/wp-json\/wp\/v2\/product"}],"about":[{"href":"https:\/\/kraftiapet.com\/de\/wp-json\/wp\/v2\/types\/product"}],"replies":[{"embeddable":true,"href":"https:\/\/kraftiapet.com\/de\/wp-json\/wp\/v2\/comments?post=6536"}],"wp:featuredmedia":[{"embeddable":true,"href":"https:\/\/kraftiapet.com\/de\/wp-json\/wp\/v2\/media\/6538"}],"wp:attachment":[{"href":"https:\/\/kraftiapet.com\/de\/wp-json\/wp\/v2\/media?parent=6536"}],"wp:term":[{"taxonomy":"pwb-brand","embeddable":true,"href":"https:\/\/kraftiapet.com\/de\/wp-json\/wp\/v2\/pwb-brand?post=6536"},{"taxonomy":"product_brand","embeddable":true,"href":"https:\/\/kraftiapet.com\/de\/wp-json\/wp\/v2\/product_brand?post=6536"},{"taxonomy":"product_cat","embeddable":true,"href":"https:\/\/kraftiapet.com\/de\/wp-json\/wp\/v2\/product_cat?post=6536"},{"taxonomy":"product_tag","embeddable":true,"href":"https:\/\/kraftiapet.com\/de\/wp-json\/wp\/v2\/product_tag?post=6536"}],"curies":[{"name":"wp","href":"https:\/\/api.w.org\/{rel}","templated":true}]}}