{"id":6545,"date":"2025-10-02T10:37:20","date_gmt":"2025-10-02T10:37:20","guid":{"rendered":"https:\/\/kraftiapet.com\/?post_type=product&#038;p=6545"},"modified":"2026-04-21T21:45:30","modified_gmt":"2026-04-21T21:45:30","slug":"with-chicken-lamb-super-veggies-hunting","status":"publish","type":"product","link":"https:\/\/kraftiapet.com\/de\/produkt\/with-chicken-lamb-super-veggies-hunting\/","title":{"rendered":"With Chicken, Lamb &amp; Super Veggies (Hunting)"},"content":{"rendered":"","protected":false},"excerpt":{"rendered":"<p>Vida Super Chicken, Lamb &amp; Veggies ist ein Premium-Hundefutter f\u00fcr mittlere und gro\u00dfe Rassen mit Huhn, Lamm und Gem\u00fcse. Huhn und Lamm sind perfekt ausgewogen f\u00fcr gl\u00fcckliche Haustiere voller Energie. Neben Proteinen, die f\u00fcr die Erhaltung starker und gesunder Knochen unerl\u00e4sslich sind, enth\u00e4lt das Futter auch Spinat und Blaubeeren, die reich an Vitaminen, Mineralien und Antioxidantien sind.  <\/p>\n","protected":false},"featured_media":6547,"comment_status":"open","ping_status":"closed","template":"","meta":{"_acf_changed":false},"pwb-brand":[],"product_brand":[513],"product_cat":[472,470],"product_tag":[],"class_list":{"0":"post-6545","1":"product","2":"type-product","3":"status-publish","4":"has-post-thumbnail","6":"product_brand-vida-super","7":"product_cat-adult-dog","8":"product_cat-dog-food","10":"first","11":"instock","12":"taxable","13":"shipping-taxable","14":"product-type-variable"},"acf":[],"brands":[],"_links":{"self":[{"href":"https:\/\/kraftiapet.com\/de\/wp-json\/wp\/v2\/product\/6545","targetHints":{"allow":["GET"]}}],"collection":[{"href":"https:\/\/kraftiapet.com\/de\/wp-json\/wp\/v2\/product"}],"about":[{"href":"https:\/\/kraftiapet.com\/de\/wp-json\/wp\/v2\/types\/product"}],"replies":[{"embeddable":true,"href":"https:\/\/kraftiapet.com\/de\/wp-json\/wp\/v2\/comments?post=6545"}],"wp:featuredmedia":[{"embeddable":true,"href":"https:\/\/kraftiapet.com\/de\/wp-json\/wp\/v2\/media\/6547"}],"wp:attachment":[{"href":"https:\/\/kraftiapet.com\/de\/wp-json\/wp\/v2\/media?parent=6545"}],"wp:term":[{"taxonomy":"pwb-brand","embeddable":true,"href":"https:\/\/kraftiapet.com\/de\/wp-json\/wp\/v2\/pwb-brand?post=6545"},{"taxonomy":"product_brand","embeddable":true,"href":"https:\/\/kraftiapet.com\/de\/wp-json\/wp\/v2\/product_brand?post=6545"},{"taxonomy":"product_cat","embeddable":true,"href":"https:\/\/kraftiapet.com\/de\/wp-json\/wp\/v2\/product_cat?post=6545"},{"taxonomy":"product_tag","embeddable":true,"href":"https:\/\/kraftiapet.com\/de\/wp-json\/wp\/v2\/product_tag?post=6545"}],"curies":[{"name":"wp","href":"https:\/\/api.w.org\/{rel}","templated":true}]}}