{"id":6546,"date":"2025-10-02T09:14:07","date_gmt":"2025-10-02T09:14:07","guid":{"rendered":"https:\/\/kraftiapet.com\/?post_type=product&#038;p=6546"},"modified":"2026-04-21T21:45:32","modified_gmt":"2026-04-21T21:45:32","slug":"rich-in-ocean-fish-with-salmon-super-veggies","status":"publish","type":"product","link":"https:\/\/kraftiapet.com\/de\/produkt\/rich-in-ocean-fish-with-salmon-super-veggies\/","title":{"rendered":"Rich in Ocean Fish With Salmon &amp; Super Veggies"},"content":{"rendered":"","protected":false},"excerpt":{"rendered":"<p>Vida Super Ocean Fish &amp; Salmon ist ein Premium-Katzenfutter mit Meeresfisch, Lachs und Gem\u00fcse. Eine schmackhafte Mahlzeit, die Katzen absolut lieben werden. Mit Meeresfisch und Lachs, die gut f\u00fcr die Haut und ein gl\u00e4nzendes Fell sind, und ballaststoffreichem K\u00fcrbis ist dieses Futter voll mit wichtigen N\u00e4hrstoffen, die f\u00fcr ein Gleichgewicht von K\u00f6rper und Geist sorgen.  <\/p>\n","protected":false},"featured_media":6550,"comment_status":"open","ping_status":"closed","template":"","meta":{"_acf_changed":false},"pwb-brand":[],"product_brand":[513],"product_cat":[487,485],"product_tag":[],"class_list":{"0":"post-6546","1":"product","2":"type-product","3":"status-publish","4":"has-post-thumbnail","6":"product_brand-vida-super","7":"product_cat-adult-cat","8":"product_cat-cat-food","10":"first","11":"instock","12":"taxable","13":"shipping-taxable","14":"product-type-variable"},"acf":[],"brands":[],"_links":{"self":[{"href":"https:\/\/kraftiapet.com\/de\/wp-json\/wp\/v2\/product\/6546","targetHints":{"allow":["GET"]}}],"collection":[{"href":"https:\/\/kraftiapet.com\/de\/wp-json\/wp\/v2\/product"}],"about":[{"href":"https:\/\/kraftiapet.com\/de\/wp-json\/wp\/v2\/types\/product"}],"replies":[{"embeddable":true,"href":"https:\/\/kraftiapet.com\/de\/wp-json\/wp\/v2\/comments?post=6546"}],"wp:featuredmedia":[{"embeddable":true,"href":"https:\/\/kraftiapet.com\/de\/wp-json\/wp\/v2\/media\/6550"}],"wp:attachment":[{"href":"https:\/\/kraftiapet.com\/de\/wp-json\/wp\/v2\/media?parent=6546"}],"wp:term":[{"taxonomy":"pwb-brand","embeddable":true,"href":"https:\/\/kraftiapet.com\/de\/wp-json\/wp\/v2\/pwb-brand?post=6546"},{"taxonomy":"product_brand","embeddable":true,"href":"https:\/\/kraftiapet.com\/de\/wp-json\/wp\/v2\/product_brand?post=6546"},{"taxonomy":"product_cat","embeddable":true,"href":"https:\/\/kraftiapet.com\/de\/wp-json\/wp\/v2\/product_cat?post=6546"},{"taxonomy":"product_tag","embeddable":true,"href":"https:\/\/kraftiapet.com\/de\/wp-json\/wp\/v2\/product_tag?post=6546"}],"curies":[{"name":"wp","href":"https:\/\/api.w.org\/{rel}","templated":true}]}}