{"id":6554,"date":"2025-10-02T09:33:47","date_gmt":"2025-10-02T09:33:47","guid":{"rendered":"https:\/\/kraftiapet.com\/?post_type=product&#038;p=6554"},"modified":"2026-04-21T21:45:32","modified_gmt":"2026-04-21T21:45:32","slug":"chicken-with-lamb-super-veggies","status":"publish","type":"product","link":"https:\/\/kraftiapet.com\/de\/produkt\/chicken-with-lamb-super-veggies\/","title":{"rendered":"Chicken With Lamb &amp; Super Veggies"},"content":{"rendered":"","protected":false},"excerpt":{"rendered":"<p>Vida Super Chicken, Lamb &amp; Veggies ist ein Premium-Welpenfutter f\u00fcr mittlere und gro\u00dfe Rassen mit Huhn, Lamm und Gem\u00fcse. Huhn und Lamm sind eine k\u00f6stliche und gesunde Kombination. Diese Mischung ist eine hervorragende Proteinquelle, die f\u00fcr starke Knochen und gesunde Gelenke unerl\u00e4sslich ist, w\u00e4hrend Superfoods wie Gem\u00fcse auch Ballaststoffe und Antioxidantien liefern, die zur St\u00e4rkung des Immunsystems beitragen.  <\/p>\n","protected":false},"featured_media":6555,"comment_status":"open","ping_status":"closed","template":"","meta":{"_acf_changed":false},"pwb-brand":[],"product_brand":[513],"product_cat":[470,471],"product_tag":[],"class_list":{"0":"post-6554","1":"product","2":"type-product","3":"status-publish","4":"has-post-thumbnail","6":"product_brand-vida-super","7":"product_cat-dog-food","8":"product_cat-puppy","10":"first","11":"instock","12":"taxable","13":"shipping-taxable","14":"product-type-variable"},"acf":[],"brands":[],"_links":{"self":[{"href":"https:\/\/kraftiapet.com\/de\/wp-json\/wp\/v2\/product\/6554","targetHints":{"allow":["GET"]}}],"collection":[{"href":"https:\/\/kraftiapet.com\/de\/wp-json\/wp\/v2\/product"}],"about":[{"href":"https:\/\/kraftiapet.com\/de\/wp-json\/wp\/v2\/types\/product"}],"replies":[{"embeddable":true,"href":"https:\/\/kraftiapet.com\/de\/wp-json\/wp\/v2\/comments?post=6554"}],"wp:featuredmedia":[{"embeddable":true,"href":"https:\/\/kraftiapet.com\/de\/wp-json\/wp\/v2\/media\/6555"}],"wp:attachment":[{"href":"https:\/\/kraftiapet.com\/de\/wp-json\/wp\/v2\/media?parent=6554"}],"wp:term":[{"taxonomy":"pwb-brand","embeddable":true,"href":"https:\/\/kraftiapet.com\/de\/wp-json\/wp\/v2\/pwb-brand?post=6554"},{"taxonomy":"product_brand","embeddable":true,"href":"https:\/\/kraftiapet.com\/de\/wp-json\/wp\/v2\/product_brand?post=6554"},{"taxonomy":"product_cat","embeddable":true,"href":"https:\/\/kraftiapet.com\/de\/wp-json\/wp\/v2\/product_cat?post=6554"},{"taxonomy":"product_tag","embeddable":true,"href":"https:\/\/kraftiapet.com\/de\/wp-json\/wp\/v2\/product_tag?post=6554"}],"curies":[{"name":"wp","href":"https:\/\/api.w.org\/{rel}","templated":true}]}}