{"id":6580,"date":"2025-10-04T21:22:11","date_gmt":"2025-10-04T21:22:11","guid":{"rendered":"https:\/\/kraftiapet.com\/?post_type=product&#038;p=6580"},"modified":"2026-04-21T21:41:04","modified_gmt":"2026-04-21T21:41:04","slug":"lamb-with-brown-rice-4","status":"publish","type":"product","link":"https:\/\/kraftiapet.com\/de\/produkt\/lamb-with-brown-rice-4\/","title":{"rendered":"<br>Lamb with Brown Rice"},"content":{"rendered":"","protected":false},"excerpt":{"rendered":"<p>Vida Nativa Lamb &amp; Brown Rice ist ein hochwertiges, nat\u00fcrliches Welpenfutter f\u00fcr mittlere und gro\u00dfe Rassen mit Lamm und braunem Reis. Lamm und brauner Reis sind eine au\u00dfergew\u00f6hnliche Kombination von N\u00e4hrstoffen f\u00fcr Haustiere. Lammfleisch ist wichtig f\u00fcr den Aufbau und die Erhaltung gesunder Muskeln, Haut und eines gesunden Fells. Brauner Reis unterst\u00fctzt den Stoffwechsel Ihres Tieres und macht diese Rezeptur nicht nur zur richtigen Wahl, sondern auch zu einer leckeren.  <\/p>\n","protected":false},"featured_media":6583,"comment_status":"open","ping_status":"closed","template":"","meta":{"_acf_changed":false},"pwb-brand":[],"product_brand":[515],"product_cat":[472,470],"product_tag":[],"class_list":{"0":"post-6580","1":"product","2":"type-product","3":"status-publish","4":"has-post-thumbnail","6":"product_brand-vida-nativa","7":"product_cat-adult-dog","8":"product_cat-dog-food","10":"first","11":"instock","12":"taxable","13":"shipping-taxable","14":"product-type-variable"},"acf":[],"brands":[],"_links":{"self":[{"href":"https:\/\/kraftiapet.com\/de\/wp-json\/wp\/v2\/product\/6580","targetHints":{"allow":["GET"]}}],"collection":[{"href":"https:\/\/kraftiapet.com\/de\/wp-json\/wp\/v2\/product"}],"about":[{"href":"https:\/\/kraftiapet.com\/de\/wp-json\/wp\/v2\/types\/product"}],"replies":[{"embeddable":true,"href":"https:\/\/kraftiapet.com\/de\/wp-json\/wp\/v2\/comments?post=6580"}],"wp:featuredmedia":[{"embeddable":true,"href":"https:\/\/kraftiapet.com\/de\/wp-json\/wp\/v2\/media\/6583"}],"wp:attachment":[{"href":"https:\/\/kraftiapet.com\/de\/wp-json\/wp\/v2\/media?parent=6580"}],"wp:term":[{"taxonomy":"pwb-brand","embeddable":true,"href":"https:\/\/kraftiapet.com\/de\/wp-json\/wp\/v2\/pwb-brand?post=6580"},{"taxonomy":"product_brand","embeddable":true,"href":"https:\/\/kraftiapet.com\/de\/wp-json\/wp\/v2\/product_brand?post=6580"},{"taxonomy":"product_cat","embeddable":true,"href":"https:\/\/kraftiapet.com\/de\/wp-json\/wp\/v2\/product_cat?post=6580"},{"taxonomy":"product_tag","embeddable":true,"href":"https:\/\/kraftiapet.com\/de\/wp-json\/wp\/v2\/product_tag?post=6580"}],"curies":[{"name":"wp","href":"https:\/\/api.w.org\/{rel}","templated":true}]}}