{"id":6620,"date":"2025-10-02T07:21:50","date_gmt":"2025-10-02T07:21:50","guid":{"rendered":"https:\/\/kraftiapet.com\/?post_type=product&#038;p=6620"},"modified":"2026-04-21T21:41:06","modified_gmt":"2026-04-21T21:41:06","slug":"salmon-with-butternut-squash-5","status":"publish","type":"product","link":"https:\/\/kraftiapet.com\/de\/produkt\/salmon-with-butternut-squash-5\/","title":{"rendered":"Salmon with Butternut Squash"},"content":{"rendered":"","protected":false},"excerpt":{"rendered":"<p>Vida Nativa Salmon &amp; Butternut ist ein hochwertiges, nat\u00fcrliches Katzenfutter mit Lachs und Butternussk\u00fcrbis. Lachs und Butternussk\u00fcrbis sind ein echter Leckerbissen und unterst\u00fctzen die Gesundheit Ihres Haustieres in vielerlei Hinsicht: Lachs ist eine gro\u00dfartige Quelle leicht verdaulicher Proteine und eignet sich hervorragend f\u00fcr die Gesundheit der Haut und ein gl\u00e4nzendes Fell, w\u00e4hrend Butternussk\u00fcrbis und \u00c4pfel eine Grundlage f\u00fcr ein gesundes Verdauungssystem und das allgemeine Wohlbefinden bilden. <\/p>\n","protected":false},"featured_media":6621,"comment_status":"open","ping_status":"closed","template":"","meta":{"_acf_changed":false},"pwb-brand":[],"product_brand":[515],"product_cat":[487,485],"product_tag":[],"class_list":{"0":"post-6620","1":"product","2":"type-product","3":"status-publish","4":"has-post-thumbnail","6":"product_brand-vida-nativa","7":"product_cat-adult-cat","8":"product_cat-cat-food","10":"first","11":"instock","12":"taxable","13":"shipping-taxable","14":"product-type-variable"},"acf":[],"brands":[],"_links":{"self":[{"href":"https:\/\/kraftiapet.com\/de\/wp-json\/wp\/v2\/product\/6620","targetHints":{"allow":["GET"]}}],"collection":[{"href":"https:\/\/kraftiapet.com\/de\/wp-json\/wp\/v2\/product"}],"about":[{"href":"https:\/\/kraftiapet.com\/de\/wp-json\/wp\/v2\/types\/product"}],"replies":[{"embeddable":true,"href":"https:\/\/kraftiapet.com\/de\/wp-json\/wp\/v2\/comments?post=6620"}],"wp:featuredmedia":[{"embeddable":true,"href":"https:\/\/kraftiapet.com\/de\/wp-json\/wp\/v2\/media\/6621"}],"wp:attachment":[{"href":"https:\/\/kraftiapet.com\/de\/wp-json\/wp\/v2\/media?parent=6620"}],"wp:term":[{"taxonomy":"pwb-brand","embeddable":true,"href":"https:\/\/kraftiapet.com\/de\/wp-json\/wp\/v2\/pwb-brand?post=6620"},{"taxonomy":"product_brand","embeddable":true,"href":"https:\/\/kraftiapet.com\/de\/wp-json\/wp\/v2\/product_brand?post=6620"},{"taxonomy":"product_cat","embeddable":true,"href":"https:\/\/kraftiapet.com\/de\/wp-json\/wp\/v2\/product_cat?post=6620"},{"taxonomy":"product_tag","embeddable":true,"href":"https:\/\/kraftiapet.com\/de\/wp-json\/wp\/v2\/product_tag?post=6620"}],"curies":[{"name":"wp","href":"https:\/\/api.w.org\/{rel}","templated":true}]}}